{"id":667385,"date":"2025-04-29T19:43:59","date_gmt":"2025-04-29T18:43:59","guid":{"rendered":"https:\/\/shop.kustom.ch\/?post_type=product&#038;p=667385"},"modified":"2026-03-31T08:47:16","modified_gmt":"2026-03-31T07:47:16","slug":"praezisionshandschuh","status":"publish","type":"product","link":"https:\/\/shop.kustom.ch\/fr\/produit\/praezisionshandschuh\/","title":{"rendered":"Gant de pr\u00e9cision"},"content":{"rendered":"<p>Un gant polyvalent fin et flexible avec fonction \u00e9cran tactile. L'enduction nitrile assure une bonne adh\u00e9rence et une bonne r\u00e9sistance, et la doublure sans couture est en polyamide\/\u00e9lasthanne.Ce mod\u00e8le est un bon choix pour diff\u00e9rents environnements de travail o\u00f9 la dext\u00e9rit\u00e9 est n\u00e9cessaire.<\/p>\n<p>FONCTIONNALIT\u00c9 : Chrome libre. Fonction tactile sur les doigts, le pouce et la paume. MAIN : Paume recouverte de nitrile. CONDITIONNEMENT : 1 d\u00e9pliant d'information de l'utilisateur\/botte. 12e prix\/paire, vendu en botte de 12 paires. 144 paires\/carton. DOMAINES D'APPLICATION : Environnements huileux. Environnements sales. Travail de montage. Travaux de pr\u00e9cision. AFFICHAGE : Code couleur sur le brassard. MAT\u00c9RIAU INTERIEUR : Polyamide\/\u00e9lasthanne de calibre 15. REV\u00caTEMENT : Un rev\u00eatement microporeux qui laisse respirer la main. Surface en micro-mousse. Paume de la main recouverte. En nitrile. USP : Design fin et confortable. Exempt de chrome. Bonne sensation au toucher. Id\u00e9al pour les environnements huileux. Id\u00e9al pour les environnements sales. Structure de pr\u00e9hension en micro-mousse. Rev\u00eatement en nitrile. Gant de pr\u00e9cision. Fonction tactile au niveau de la paume. Non doubl\u00e9. CERTIFICATION : EN 388 (4131X). EPI Cat 2<\/p>\n<p>Nitrile Smooth, 15 Gauge<\/p>","protected":false},"excerpt":{"rendered":"<p>Ein d\u00fcnner und flexibler Allround-Handschuh mit Touchscreen-Funktion. Die Nitrilbeschichtung sorgt f\u00fcr guten Grip und Strapazierf\u00e4higkeit, und das nahtlose Innenfutter besteht aus Polyamid\/Elastan.Dieses Modell ist eine gute Wahl f\u00fcr verschiedene Arbeitsumgebungen, in denen Fingerspitzengef\u00fchl gefragt ist. FUNKTIONALIT\u00c4T: Chrom frei. Touch-Funktion an Fingern, Daumen und Handfl\u00e4che . HAND: Handfl\u00e4che mit Nitril beschichtet. VERPACKUNG: 1 Benutzerinformationsflyer\/B\u00fcndel. 12. Preis\/Paar, [&hellip;]<\/p>\n","protected":false},"featured_media":667418,"template":"","meta":[],"product_brand":[],"product_cat":[4180],"product_tag":[],"class_list":{"0":"post-667385","1":"product","2":"type-product","3":"status-publish","4":"has-post-thumbnail","6":"product_cat-handschuhe","7":"pa_brand-blaklaeder","8":"pa_brand-type-workwear","9":"pa_filter-color-grau","11":"first","12":"instock","13":"sale","14":"taxable","15":"shipping-taxable","16":"purchasable","17":"product-type-variable","18":"add-to-wishlist-before_image"},"exclude_global_add_ons":[],"addons":[],"acf":[],"_links":{"self":[{"href":"https:\/\/shop.kustom.ch\/fr\/wp-json\/wp\/v2\/product\/667385"}],"collection":[{"href":"https:\/\/shop.kustom.ch\/fr\/wp-json\/wp\/v2\/product"}],"about":[{"href":"https:\/\/shop.kustom.ch\/fr\/wp-json\/wp\/v2\/types\/product"}],"wp:featuredmedia":[{"embeddable":true,"href":"https:\/\/shop.kustom.ch\/fr\/wp-json\/wp\/v2\/media\/667418"}],"wp:attachment":[{"href":"https:\/\/shop.kustom.ch\/fr\/wp-json\/wp\/v2\/media?parent=667385"}],"wp:term":[{"taxonomy":"product_brand","embeddable":true,"href":"https:\/\/shop.kustom.ch\/fr\/wp-json\/wp\/v2\/product_brand?post=667385"},{"taxonomy":"product_cat","embeddable":true,"href":"https:\/\/shop.kustom.ch\/fr\/wp-json\/wp\/v2\/product_cat?post=667385"},{"taxonomy":"product_tag","embeddable":true,"href":"https:\/\/shop.kustom.ch\/fr\/wp-json\/wp\/v2\/product_tag?post=667385"}],"curies":[{"name":"wp","href":"https:\/\/api.w.org\/{rel}","templated":true}]}}