{"id":667384,"date":"2025-04-29T19:43:59","date_gmt":"2025-04-29T18:43:59","guid":{"rendered":"https:\/\/shop.kustom.ch\/?post_type=product&#038;p=667384"},"modified":"2026-03-31T08:46:45","modified_gmt":"2026-03-31T07:46:45","slug":"arbeitshandschuh-pu-getaucht","status":"publish","type":"product","link":"https:\/\/shop.kustom.ch\/fr\/produit\/arbeitshandschuh-pu-getaucht\/","title":{"rendered":"Gant de travail PU tremp\u00e9"},"content":{"rendered":"<p>Gants de travail fins, id\u00e9aux pour les t\u00e2ches de pr\u00e9cision et les travaux d'assemblage l\u00e9gers. Gant synth\u00e9tique, paume tremp\u00e9e dans du polyur\u00e9thane. Le mat\u00e9riau de la paume offre \u00e9galement une certaine r\u00e9sistance aux huiles et aux graisses et le dos de la main est a\u00e9r\u00e9. Vendu en bo\u00eete de 12 paires.<\/p>\n<p>FONCTIONNALIT\u00c9 : Sans chrome. EMBALLAGE : 1 d\u00e9pliant\/bac d'informations pour l'utilisateur. 12. code EAN uniquement sur l'emballage. Prix\/paire, vendu en botte de 12 paires. 216 paires\/carton. APPLICATIONS : Environnements sales. Travail tout-terrain. Travail de montage. DISPLAY : Les gants ne sont pas tenus ensemble par paire. L'emballage ne doit pas \u00eatre endommag\u00e9. Code couleur sur la manchette. Vendues en paquets de 12 paires. MAT\u00c9RIEL INT\u00c9RIEUR : polyester 13 Gauge. USP : Gant polyvalent. Exempt de chrome. Surface de pr\u00e9hension lisse. Id\u00e9al pour les environnements sales. Enduit de PU. Non doubl\u00e9. CERTIFICATION : EN 388 (3121X). EPI Cat 2<\/p>\n<p>PU souple, 13 Gauge<\/p>","protected":false},"excerpt":{"rendered":"<p>D\u00fcnne Arbeitshandschuhe, ideal f\u00fcr pr\u00e4zise Verrichtungen und leichte Montagearbeiten. Synthetischer Handschuh, Handfl\u00e4che in Polyurethan getaucht. Das Material der Handfl\u00e4che bietet auch eine gewisse Best\u00e4ndigkeit gegen \u00d6le und Fette und der Handr\u00fccken ist bel\u00fcftet. Verkauft im B\u00fcdel mit 12 Paar. FUNKTIONALIT\u00c4T: Chrom frei. VERPACKUNG: 1 Benutzerinformationsflyer\/B\u00fcndel. 12. EAN-Code nur auf der Verpackung. Preis\/Paar, verkauft im B\u00fcndel [&hellip;]<\/p>\n","protected":false},"featured_media":667404,"template":"","meta":[],"product_brand":[],"product_cat":[4180],"product_tag":[],"class_list":{"0":"post-667384","1":"product","2":"type-product","3":"status-publish","4":"has-post-thumbnail","6":"product_cat-handschuhe","7":"pa_brand-blaklaeder","8":"pa_brand-type-workwear","9":"pa_filter-color-schwarz","10":"pa_filter-color-weiss","12":"first","13":"instock","14":"sale","15":"taxable","16":"shipping-taxable","17":"purchasable","18":"product-type-variable","19":"add-to-wishlist-before_image"},"exclude_global_add_ons":[],"addons":[],"acf":[],"_links":{"self":[{"href":"https:\/\/shop.kustom.ch\/fr\/wp-json\/wp\/v2\/product\/667384"}],"collection":[{"href":"https:\/\/shop.kustom.ch\/fr\/wp-json\/wp\/v2\/product"}],"about":[{"href":"https:\/\/shop.kustom.ch\/fr\/wp-json\/wp\/v2\/types\/product"}],"wp:featuredmedia":[{"embeddable":true,"href":"https:\/\/shop.kustom.ch\/fr\/wp-json\/wp\/v2\/media\/667404"}],"wp:attachment":[{"href":"https:\/\/shop.kustom.ch\/fr\/wp-json\/wp\/v2\/media?parent=667384"}],"wp:term":[{"taxonomy":"product_brand","embeddable":true,"href":"https:\/\/shop.kustom.ch\/fr\/wp-json\/wp\/v2\/product_brand?post=667384"},{"taxonomy":"product_cat","embeddable":true,"href":"https:\/\/shop.kustom.ch\/fr\/wp-json\/wp\/v2\/product_cat?post=667384"},{"taxonomy":"product_tag","embeddable":true,"href":"https:\/\/shop.kustom.ch\/fr\/wp-json\/wp\/v2\/product_tag?post=667384"}],"curies":[{"name":"wp","href":"https:\/\/api.w.org\/{rel}","templated":true}]}}