{"id":667339,"date":"2025-04-29T19:43:24","date_gmt":"2025-04-29T18:43:24","guid":{"rendered":"https:\/\/shop.kustom.ch\/?post_type=product&#038;p=667339"},"modified":"2026-03-31T08:46:04","modified_gmt":"2026-03-31T07:46:04","slug":"arbeitshandschuh-supreme-strong-2","status":"publish","type":"product","link":"https:\/\/shop.kustom.ch\/fr\/produit\/arbeitshandschuh-supreme-strong-2\/","title":{"rendered":"Gant de travail Supreme Strong"},"content":{"rendered":"<p>Les mod\u00e8les Supreme Strong sont fabriqu\u00e9s en cuir synth\u00e9tique de haute qualit\u00e9 et se distinguent par une excellente dext\u00e9rit\u00e9 et une grande durabilit\u00e9.Le mod\u00e8le 2851 est semi-doubl\u00e9 et poss\u00e8de une manchette courte. Sa coupe pr\u00e9form\u00e9e et sa paume rembourr\u00e9e le rendent tr\u00e8s confortable. La fonction \u00e9cran tactile sur le dessus de l'index permet d'utiliser l'\u00e9cran sans avoir \u00e0 retirer le gant.Ce mod\u00e8le convient \u00e0 une utilisation polyvalente dans des environnements de travail exigeants o\u00f9 la dext\u00e9rit\u00e9 est essentielle, comme dans le secteur de la construction.<\/p>\n<p>FONCTIONNALIT\u00c9 : Chrome libre. Fonction tactile \u00e0 l'arri\u00e8re de l'index. MAIN : Cuir synth\u00e9tique. Paume l\u00e9g\u00e8rement rembourr\u00e9e. Dessus de la main : Polyester. DOIGTS : Extr\u00e9mit\u00e9s des doigts renforc\u00e9es. EMBALLAGE : Livr\u00e9 par paire. Prix\/paire. 96 paires\/carton. DOMAINES D'APPLICATION : Environnements sales. Travail tout-terrain. Travail de montage. DISPLAY : 1 information utilisateur\/paire. Crochets pour papier avec taille. TISSU : gris. noir. CERTIFICATION : EN 388 (2111X). EPI cat 2<\/p>\n<p>PU, polyester<\/p>","protected":false},"excerpt":{"rendered":"<p>Die Supreme Strong-Modelle sind aus hochwertigem Kunstleder gefertigt und zeichnen sich durch hervorragende Fingerfertigkeit und hohe Haltbarkeit aus.Das Modell 2851 ist halb gef\u00fcttert und hat eine kurze Stulpe. Die vorgeformte Passform und die gepolsterte Handfl\u00e4che machen ihn sehr bequem. Die Touchscreen-Funktion auf der Oberseite des Zeigefingers erm\u00f6glicht die Bedienung des Bildschirms, ohne den Handschuh ausziehen [&hellip;]<\/p>\n","protected":false},"featured_media":667396,"template":"","meta":[],"product_brand":[],"product_cat":[4180],"product_tag":[],"class_list":{"0":"post-667339","1":"product","2":"type-product","3":"status-publish","4":"has-post-thumbnail","6":"product_cat-handschuhe","7":"pa_brand-blaklaeder","8":"pa_brand-type-workwear","9":"pa_filter-color-grau","10":"pa_filter-color-schwarz","12":"first","13":"instock","14":"sale","15":"taxable","16":"shipping-taxable","17":"purchasable","18":"product-type-variable","19":"add-to-wishlist-before_image"},"exclude_global_add_ons":[],"addons":[],"acf":[],"_links":{"self":[{"href":"https:\/\/shop.kustom.ch\/fr\/wp-json\/wp\/v2\/product\/667339"}],"collection":[{"href":"https:\/\/shop.kustom.ch\/fr\/wp-json\/wp\/v2\/product"}],"about":[{"href":"https:\/\/shop.kustom.ch\/fr\/wp-json\/wp\/v2\/types\/product"}],"wp:featuredmedia":[{"embeddable":true,"href":"https:\/\/shop.kustom.ch\/fr\/wp-json\/wp\/v2\/media\/667396"}],"wp:attachment":[{"href":"https:\/\/shop.kustom.ch\/fr\/wp-json\/wp\/v2\/media?parent=667339"}],"wp:term":[{"taxonomy":"product_brand","embeddable":true,"href":"https:\/\/shop.kustom.ch\/fr\/wp-json\/wp\/v2\/product_brand?post=667339"},{"taxonomy":"product_cat","embeddable":true,"href":"https:\/\/shop.kustom.ch\/fr\/wp-json\/wp\/v2\/product_cat?post=667339"},{"taxonomy":"product_tag","embeddable":true,"href":"https:\/\/shop.kustom.ch\/fr\/wp-json\/wp\/v2\/product_tag?post=667339"}],"curies":[{"name":"wp","href":"https:\/\/api.w.org\/{rel}","templated":true}]}}