{"id":667336,"date":"2025-04-29T19:43:24","date_gmt":"2025-04-29T18:43:24","guid":{"rendered":"https:\/\/shop.kustom.ch\/?post_type=product&#038;p=667336"},"modified":"2026-03-31T08:45:49","modified_gmt":"2026-03-31T07:45:49","slug":"winterhandschuh-supreme-warm","status":"publish","type":"product","link":"https:\/\/shop.kustom.ch\/fr\/produit\/winterhandschuh-supreme-warm\/","title":{"rendered":"Gants d'hiver Supreme Warm"},"content":{"rendered":"<p>Un gant doubl\u00e9 et imperm\u00e9able de la plus haute qualit\u00e9 avec une bonne dext\u00e9rit\u00e9. Le cuir de ch\u00e8vre souple assure un ajustement tr\u00e8s confortable et les renforts dans la paume augmentent la durabilit\u00e9.Le gant a une longue manchette avec fermeture velcro au poignet et une jupe pare-neige pour un ajustement personnalis\u00e9. La dragonne permet de laisser le gant sur la main lorsqu'il est n\u00e9cessaire de travailler sans gant. Ce gant peut \u00eatre combin\u00e9 avec le gant en laine mod\u00e8le 2999 et convient aux travaux dans des conditions difficiles et froides.Ce gant fait partie de la collection Supreme Warm, qui garantit une qualit\u00e9 et un confort maximum.<\/p>\n<p>FONCTIONNALIT\u00c9 : Boucle pour gants. Barri\u00e8re contre la neige. \u00c9tanche \u00e0 l'eau. MAIN : Paume en cuir de ch\u00e8vre. Paume renforc\u00e9e. Dessus de la main : Dessus de la main en stretch. En polyamide. CONDITIONNEMENT : Livr\u00e9 par paire. Prix\/paire. 18 paire\/bo\u00eete. DOMAINES D'APPLICATION : Environnements humides. Environnements froids. Travail tous azimuts. DISPLAY : Crochet \u00e0 code couleur avec taille. TISSU : noir. blanc. CERTIFICATION : EN 388 (3121X). EN 511 (321). EPI Cat 2<\/p>\n<p>Cuir de ch\u00e8vre pleine fleur, polyamide<\/p>","protected":false},"excerpt":{"rendered":"<p>Ein gef\u00fctterter und wasserdichter Handschuh von h\u00f6chster Qualit\u00e4t mit guter Fingerfertigkeit. Das weiche Ziegenleder sorgt f\u00fcr eine sehr bequeme Passform, und Verst\u00e4rkungen in der Handfl\u00e4che erh\u00f6hen die Haltbarkeit.Der Handschuh hat eine lange Stulpe mit Klettverschluss am Handgelenk und einen Schneefang zur pers\u00f6nlichen Anpassung. Die Handgelenksschlaufe erm\u00f6glicht es, den Handschuh an der Hand zu lassen, wenn [&hellip;]<\/p>\n","protected":false},"featured_media":667369,"template":"","meta":[],"product_brand":[],"product_cat":[4180],"product_tag":[],"class_list":{"0":"post-667336","1":"product","2":"type-product","3":"status-publish","4":"has-post-thumbnail","6":"product_cat-handschuhe","7":"pa_brand-blaklaeder","8":"pa_brand-type-workwear","9":"pa_filter-color-schwarz","10":"pa_filter-color-weiss","12":"first","13":"instock","14":"sale","15":"taxable","16":"shipping-taxable","17":"purchasable","18":"product-type-variable","19":"add-to-wishlist-before_image"},"exclude_global_add_ons":[],"addons":[],"acf":[],"_links":{"self":[{"href":"https:\/\/shop.kustom.ch\/fr\/wp-json\/wp\/v2\/product\/667336"}],"collection":[{"href":"https:\/\/shop.kustom.ch\/fr\/wp-json\/wp\/v2\/product"}],"about":[{"href":"https:\/\/shop.kustom.ch\/fr\/wp-json\/wp\/v2\/types\/product"}],"wp:featuredmedia":[{"embeddable":true,"href":"https:\/\/shop.kustom.ch\/fr\/wp-json\/wp\/v2\/media\/667369"}],"wp:attachment":[{"href":"https:\/\/shop.kustom.ch\/fr\/wp-json\/wp\/v2\/media?parent=667336"}],"wp:term":[{"taxonomy":"product_brand","embeddable":true,"href":"https:\/\/shop.kustom.ch\/fr\/wp-json\/wp\/v2\/product_brand?post=667336"},{"taxonomy":"product_cat","embeddable":true,"href":"https:\/\/shop.kustom.ch\/fr\/wp-json\/wp\/v2\/product_cat?post=667336"},{"taxonomy":"product_tag","embeddable":true,"href":"https:\/\/shop.kustom.ch\/fr\/wp-json\/wp\/v2\/product_tag?post=667336"}],"curies":[{"name":"wp","href":"https:\/\/api.w.org\/{rel}","templated":true}]}}