{"id":667277,"date":"2025-04-29T19:42:54","date_gmt":"2025-04-29T18:42:54","guid":{"rendered":"https:\/\/shop.kustom.ch\/?post_type=product&#038;p=667277"},"modified":"2026-03-31T08:41:20","modified_gmt":"2026-03-31T07:41:20","slug":"sprinter-sicherheitsschuh-2","status":"publish","type":"product","link":"https:\/\/shop.kustom.ch\/fr\/produit\/sprinter-sicherheitsschuh-2\/","title":{"rendered":"Chaussure de s\u00e9curit\u00e9 SPRINTER"},"content":{"rendered":"<p>Sneaker l\u00e9ger et fonctionnel avec une tige en textile a\u00e9r\u00e9e, renforc\u00e9e \u00e0 la pointe et au talon pour plus de stabilit\u00e9. Embout composite et protection anti-perforation PS en textile flexible. Semelle interm\u00e9diaire en PU pour un amortissement parfaitement \u00e9quilibr\u00e9 des chocs et semelle profil\u00e9e antid\u00e9rapante en TPU. La semelle int\u00e9rieure anatomique pour un confort optimal est compos\u00e9e d'un mat\u00e9riau PU souple et d'un dessus en textile avec une bonne absorption de l'humidit\u00e9. Cette chaussure est id\u00e9ale pour les activit\u00e9s de stockage, de service, de logistique et industrielles. Forme pour femmes dans les pointures 35-39 - L\u00e9g\u00e8re et fonctionnelle - Tige textile a\u00e9r\u00e9e - Amortissement parfaitement \u00e9quilibr\u00e9<\/p>\n<p>FONCTIONNALIT\u00c9 : Semelle int\u00e9rieure respirante. Test\u00e9 ESD (approuv\u00e9 par IEC 61340-5-1). Bord de tige rembourr\u00e9. Non m\u00e9tallique. Semelle ext\u00e9rieure ol\u00e9ophobe. Renforcement des orteils. Dessus : Mat\u00e9riau tiss\u00e9. COUPE : Large. MAT\u00c9RIAU DE PROTECTION : Textile PS. DOUBLURE : Polyester. MAT\u00c9RIAU DE LA SEMELLE INT\u00c9RIEURE : textile, PU souple. TISSU : Orange haute visibilit\u00e9. noir. ESD (D\u00c9CHARGE \u00c9LECTROSTATIQUE). Sans m\u00e9tal. USP : Semelle int\u00e9rieure anatomique en PU souple. Semelle int\u00e9rieure respirante. Tige en textile respirant. Homologation ESD. L\u00e9g\u00e8re et fonctionnelle. Semelle ext\u00e9rieure r\u00e9sistante \u00e0 l'huile. Amortissement des chocs parfaitement \u00e9quilibr\u00e9. Protection anti-perforation textile au standard PS. MAT\u00c9RIAU DE LA PROTECTION DES DOIGTS : Composite. CERTIFICATION : EN ISO 20345:2022 S1PS FO SR SC<\/p>","protected":false},"excerpt":{"rendered":"<p>Leichter, funktioneller Sneaker mit luftigem Textilobermaterial, das an der Spitze und der Ferse f\u00fcr zus\u00e4tzliche Stabilit\u00e4t verst\u00e4rkt ist. Komposit-Zehenkappe und flexibles Textil PS-Nageldurchtrittschutz. PU-Zwischensohle f\u00fcr eine perfekt ausgewogene Stossd\u00e4mpfung und eine rutschfeste Profilsohle aus TPU. Die anatomisch geformte Einlegesohle f\u00fcr optimalen Komfort besteht aus weichem PU-Material und hat ein Textilobermaterial mit guter Feuchtigkeitsaufnahme. Dieser Schuh [&hellip;]<\/p>\n","protected":false},"featured_media":667319,"template":"","meta":[],"product_brand":[],"product_cat":[4197,4209],"product_tag":[],"class_list":{"0":"post-667277","1":"product","2":"type-product","3":"status-publish","4":"has-post-thumbnail","6":"product_cat-schuhe-sandalen","7":"product_cat-zubehoer","8":"pa_brand-blaklaeder","9":"pa_brand-type-workwear","10":"pa_filter-color-grau","11":"pa_filter-color-gruen","12":"pa_filter-color-orange","13":"pa_filter-color-schwarz","15":"first","16":"instock","17":"sale","18":"taxable","19":"shipping-taxable","20":"purchasable","21":"product-type-variable","22":"add-to-wishlist-before_image"},"exclude_global_add_ons":[],"addons":[],"acf":[],"_links":{"self":[{"href":"https:\/\/shop.kustom.ch\/fr\/wp-json\/wp\/v2\/product\/667277"}],"collection":[{"href":"https:\/\/shop.kustom.ch\/fr\/wp-json\/wp\/v2\/product"}],"about":[{"href":"https:\/\/shop.kustom.ch\/fr\/wp-json\/wp\/v2\/types\/product"}],"wp:featuredmedia":[{"embeddable":true,"href":"https:\/\/shop.kustom.ch\/fr\/wp-json\/wp\/v2\/media\/667319"}],"wp:attachment":[{"href":"https:\/\/shop.kustom.ch\/fr\/wp-json\/wp\/v2\/media?parent=667277"}],"wp:term":[{"taxonomy":"product_brand","embeddable":true,"href":"https:\/\/shop.kustom.ch\/fr\/wp-json\/wp\/v2\/product_brand?post=667277"},{"taxonomy":"product_cat","embeddable":true,"href":"https:\/\/shop.kustom.ch\/fr\/wp-json\/wp\/v2\/product_cat?post=667277"},{"taxonomy":"product_tag","embeddable":true,"href":"https:\/\/shop.kustom.ch\/fr\/wp-json\/wp\/v2\/product_tag?post=667277"}],"curies":[{"name":"wp","href":"https:\/\/api.w.org\/{rel}","templated":true}]}}