{"id":667276,"date":"2025-04-29T19:42:54","date_gmt":"2025-04-29T18:42:54","guid":{"rendered":"https:\/\/shop.kustom.ch\/?post_type=product&#038;p=667276"},"modified":"2026-03-31T08:41:21","modified_gmt":"2026-03-31T07:41:21","slug":"sprinter-sicherheitsschuh","status":"publish","type":"product","link":"https:\/\/shop.kustom.ch\/fr\/produit\/sprinter-sicherheitsschuh\/","title":{"rendered":"Chaussure de s\u00e9curit\u00e9 SPRINTER"},"content":{"rendered":"<p>Une botte l\u00e9g\u00e8re et fonctionnelle avec une tige r\u00e9sistante en cuir avec un renforcement suppl\u00e9mentaire au niveau des orteils et du talon pour une meilleure r\u00e9sistance \u00e0 l'abrasion. L'embout de protection est en composite et la protection contre la p\u00e9n\u00e9tration des clous est souple, flexible et non m\u00e9tallique selon la norme PS et r\u00e9pond aux exigences s\u00e9v\u00e8res avec des clous plus fins de 3 mm. La semelle interm\u00e9diaire est en PU pour un amortissement des chocs parfaitement \u00e9quilibr\u00e9 et poss\u00e8de une semelle ext\u00e9rieure en TPU antid\u00e9rapante. La semelle int\u00e9rieure anatomique en PU souple assure un confort optimal, tandis que le dessus en textile assure une excellente absorption de l'humidit\u00e9. Cette botte convient bien aux travaux dans les entrep\u00f4ts, les services, la logistique et l'industrie. Forme pour femmes dans les pointures 35-39.<\/p>\n<p>FONCTIONNALIT\u00c9 : Semelle int\u00e9rieure respirante. Test\u00e9 ESD (approuv\u00e9 par IEC 61340-5-1). Bord de tige rembourr\u00e9. Non m\u00e9tallique. Semelle ext\u00e9rieure ol\u00e9ophobe. R\u00e9sistant \u00e0 l'eau. Renforcement des orteils. Dessus : Enti\u00e8rement en cuir. FORME DU COUPLE : Large. MAT\u00c9RIAU DE PROTECTION : Textile PS. DOUBLURE : Polyester. MAT\u00c9RIAU DE LA SEMELLE INT\u00c9RIEURE : textile, PU souple. TISSU : gris. vert. noir. ESD (PROTECTION CONTRE LES CHOCS \u00c9LECTRIQUES). Sans m\u00e9tal. Hydrofuge. USP : Semelle int\u00e9rieure anatomique en PU souple. Semelle int\u00e9rieure respirante. Homologation ESD. Semelle ext\u00e9rieure r\u00e9sistante \u00e0 l'huile. Protection anti-perforation textile standard PS. Embout de protection composite. R\u00e9sistant \u00e0 l'eau et durable. MAT\u00c9RIAU DE L'EMBASE DE PROTECTION DES DOIGTS : Composite. CERTIFICATION : EN ISO 20345:2022 S3S FO SR SC<\/p>","protected":false},"excerpt":{"rendered":"<p>Ein leichter und funktioneller Stiefel mit einem strapazierf\u00e4higen Obermaterial aus Leder mit zus\u00e4tzlicher Verst\u00e4rkung im Zehen- und Fersenbereich f\u00fcr erh\u00f6hte Abriebfestigkeit. Die Zehenschutzkappe ist aus Komposit und der Nageldurchtrittschutz ist weich, flexibel und nichtmetallisch nach PS-Standard und erf\u00fcllt die harten Anforderungen mit d\u00fcnneren 3 mm N\u00e4geln. Die Zwischensohle besteht aus PU f\u00fcr eine perfekt ausgewogene [&hellip;]<\/p>\n","protected":false},"featured_media":667304,"template":"","meta":[],"product_brand":[],"product_cat":[4197,4209],"product_tag":[],"class_list":{"0":"post-667276","1":"product","2":"type-product","3":"status-publish","4":"has-post-thumbnail","6":"product_cat-schuhe-sandalen","7":"product_cat-zubehoer","8":"pa_brand-blaklaeder","9":"pa_brand-type-workwear","10":"pa_filter-color-gruen","12":"first","13":"instock","14":"sale","15":"taxable","16":"shipping-taxable","17":"purchasable","18":"product-type-variable","19":"add-to-wishlist-before_image"},"exclude_global_add_ons":[],"addons":[],"acf":[],"_links":{"self":[{"href":"https:\/\/shop.kustom.ch\/fr\/wp-json\/wp\/v2\/product\/667276"}],"collection":[{"href":"https:\/\/shop.kustom.ch\/fr\/wp-json\/wp\/v2\/product"}],"about":[{"href":"https:\/\/shop.kustom.ch\/fr\/wp-json\/wp\/v2\/types\/product"}],"wp:featuredmedia":[{"embeddable":true,"href":"https:\/\/shop.kustom.ch\/fr\/wp-json\/wp\/v2\/media\/667304"}],"wp:attachment":[{"href":"https:\/\/shop.kustom.ch\/fr\/wp-json\/wp\/v2\/media?parent=667276"}],"wp:term":[{"taxonomy":"product_brand","embeddable":true,"href":"https:\/\/shop.kustom.ch\/fr\/wp-json\/wp\/v2\/product_brand?post=667276"},{"taxonomy":"product_cat","embeddable":true,"href":"https:\/\/shop.kustom.ch\/fr\/wp-json\/wp\/v2\/product_cat?post=667276"},{"taxonomy":"product_tag","embeddable":true,"href":"https:\/\/shop.kustom.ch\/fr\/wp-json\/wp\/v2\/product_tag?post=667276"}],"curies":[{"name":"wp","href":"https:\/\/api.w.org\/{rel}","templated":true}]}}