{"id":667147,"date":"2025-04-29T19:41:35","date_gmt":"2025-04-29T18:41:35","guid":{"rendered":"https:\/\/shop.kustom.ch\/?post_type=product&#038;p=667147"},"modified":"2026-03-31T08:17:11","modified_gmt":"2026-03-31T07:17:11","slug":"high-vis-arbeitshose-4-wege-stretch-4","status":"publish","type":"product","link":"https:\/\/shop.kustom.ch\/fr\/produit\/high-vis-arbeitshose-4-wege-stretch-4\/","title":{"rendered":"Pantalon de travail haute visibilit\u00e9 4-way stretch"},"content":{"rendered":"<p>Pantalon de signalisation en mat\u00e9riau extensible \u00e0 4 voies, doux et souple, qui offre un confort ultime et permet d'\u00eatre vu lorsque cela compte. Le pantalon est \u00e9quip\u00e9 de bandes r\u00e9fl\u00e9chissantes segment\u00e9es. Les poches \u00e0 genouill\u00e8res offrent protection et confort lorsque vous travaillez sur les genoux. \u00c9quip\u00e9 de dispositifs permettant de fixer des poches \u00e0 outils en CORDURA\u00ae (art. 2170), vendues s\u00e9par\u00e9ment.<\/p>\n<p>FONCTIONNALIT\u00c9 : Jambes de pantalon particuli\u00e8rement ergonomiques. D\u00c9TAILS : Poche pour carte d'identit\u00e9 amovible. Anneau en D. Boutons en m\u00e9tal. Porte-couteau avec bouton. Fermeture \u00e0 glissi\u00e8re en plastique \u00e0 l'entrejambe. Larges passants de ceinture \u00e0 l'arri\u00e8re et sur les c\u00f4t\u00e9s. Deux passants sur les c\u00f4t\u00e9s avec un bouton pour le porte-marteau. Anneau en D \u00e0 la taille. POCHES : Poche sur la jambe avec soufflet et rabat avec fermeture velcro et poche int\u00e9rieure pour t\u00e9l\u00e9phone portable en mesh. Poches arri\u00e8re renforc\u00e9es par un soufflet. Poches rembourr\u00e9es aux genoux. Poches lat\u00e9rales. Supports pr\u00e9fabriqu\u00e9s pour poches \u00e0 outils amovibles. Poches \u00e0 outils en CORDURA\u00ae vendues s\u00e9par\u00e9ment (art. 2170). Poche m\u00e8tre renforc\u00e9e avec porte couteau et poche stylo. RENFORCEMENT : Renforts en CORDURA\u00ae aux genoux et aux poches. REFLEX : Mat\u00e9riel r\u00e9fl\u00e9chissant tout autour des jambes. INSTRUCTIONS DE LAVAGE : Nombre de lavages : 50. 60\u00b0 C. Ne pas blanchir. Ne pas repasser. Ne pas nettoyer \u00e0 sec. S\u00e8che-linge - bas. TRAVAUX PRINCIPAUX : Bricoleurs. Travailleurs de la route et du b\u00e2timent. EN 14004. EN ISO 20471. TISSU : Hommes. bleu. Jaune haute visibilit\u00e9. Orange haute visibilit\u00e9. Rouge haute visibilit\u00e9. noir. Poches pour genouill\u00e8res. \u00c9lastique. \u00c9lastique de protection. Protection haute visibilit\u00e9. USP : stretch 4 directions. Poches de genouill\u00e8res renforc\u00e9es en CORDURA\u00ae. Bandes r\u00e9fl\u00e9chissantes segment\u00e9es. Poches renforc\u00e9es. Jambes pr\u00e9form\u00e9es. CERTIFICATION : EN 14404:2004+A1:2010 avec genouill\u00e8res 4027, 4057, 4058 et 4032. EN ISO 20471, classe 1. Groupe de certification W.<\/p>\n<p>100% Polyester, double tissage, stretch 4 directions, 260 g\/m<\/p>","protected":false},"excerpt":{"rendered":"<p>Warnschutzhose aus weichem und geschmeidigem 4-Wege-Stretchmaterial, das ultimativen Komfort bietet und daf\u00fcr sorgt, dass Sie gesehen werden, wenn es darauf ankommt. Die Hose ist mit segmentierten Reflexstreifen ausgestattet. Kniepolstertaschen bieten Schutz und Komfort bei Arbeiten auf den Knien. Ausgestattet mit Vorrichtungen f\u00fcr die Befestigung von CORDURA\u00ae-Werkzeugtaschen (Art. 2170), die separat erh\u00e4ltlich sind. FUNKTIONALIT\u00c4T: Besonders ergonomisch [&hellip;]<\/p>\n","protected":false},"featured_media":667181,"template":"","meta":[],"product_brand":[],"product_cat":[4185],"product_tag":[],"class_list":{"0":"post-667147","1":"product","2":"type-product","3":"status-publish","4":"has-post-thumbnail","6":"product_cat-hosen","7":"pa_brand-blaklaeder","8":"pa_brand-type-workwear","9":"pa_filter-color-blau","10":"pa_filter-color-gelb","11":"pa_filter-color-orange","12":"pa_filter-color-rot","13":"pa_filter-color-schwarz","15":"first","16":"instock","17":"sale","18":"taxable","19":"shipping-taxable","20":"purchasable","21":"product-type-variable","22":"add-to-wishlist-before_image"},"exclude_global_add_ons":[],"addons":[],"acf":[],"_links":{"self":[{"href":"https:\/\/shop.kustom.ch\/fr\/wp-json\/wp\/v2\/product\/667147"}],"collection":[{"href":"https:\/\/shop.kustom.ch\/fr\/wp-json\/wp\/v2\/product"}],"about":[{"href":"https:\/\/shop.kustom.ch\/fr\/wp-json\/wp\/v2\/types\/product"}],"wp:featuredmedia":[{"embeddable":true,"href":"https:\/\/shop.kustom.ch\/fr\/wp-json\/wp\/v2\/media\/667181"}],"wp:attachment":[{"href":"https:\/\/shop.kustom.ch\/fr\/wp-json\/wp\/v2\/media?parent=667147"}],"wp:term":[{"taxonomy":"product_brand","embeddable":true,"href":"https:\/\/shop.kustom.ch\/fr\/wp-json\/wp\/v2\/product_brand?post=667147"},{"taxonomy":"product_cat","embeddable":true,"href":"https:\/\/shop.kustom.ch\/fr\/wp-json\/wp\/v2\/product_cat?post=667147"},{"taxonomy":"product_tag","embeddable":true,"href":"https:\/\/shop.kustom.ch\/fr\/wp-json\/wp\/v2\/product_tag?post=667147"}],"curies":[{"name":"wp","href":"https:\/\/api.w.org\/{rel}","templated":true}]}}