{"id":667146,"date":"2025-04-29T19:41:34","date_gmt":"2025-04-29T18:41:34","guid":{"rendered":"https:\/\/shop.kustom.ch\/?post_type=product&#038;p=667146"},"modified":"2026-03-31T09:14:35","modified_gmt":"2026-03-31T08:14:35","slug":"kinder-flatbrim-kappe","status":"publish","type":"product","link":"https:\/\/shop.kustom.ch\/fr\/produit\/kinder-flatbrim-kappe\/","title":{"rendered":"Casquette Flatbrim pour enfants"},"content":{"rendered":"<p>Casquette pour enfants de haute qualit\u00e9 avec un bord plat et une broderie \u00e0 la mode sur le devant. Elle dispose de fins d\u00e9tails int\u00e9rieurs et d'une bande de transpiration douce pour les jours chauds. Excellentes surfaces de marquage tout autour pour des broderies suppl\u00e9mentaires et des impressions par transfert. Fermeture snapback \u00e0 l'arri\u00e8re.<\/p>\n<p>D\u00c9TAILS : Logo Bl\u00e5kl\u00e4der tiss\u00e9 \u00e0 l'arri\u00e8re. Autocollant sur la visi\u00e8re. R\u00e9glable avec snapback. Rebord plat.   Broderie B sur le devant. INSTRUCTIONS DE LAVAGE : Lavage \u00e0 la main. Ne pas blanchir. Ne pas repasser. Ne pas nettoyer \u00e0 sec. Ne pas essorer. CARACTERISTIQUES PRINCIPALES : Enfants. MESURES : 50-54 cm<\/p>\n<p>100% Polyester<\/p>","protected":false},"excerpt":{"rendered":"<p>Hochwertige Kinderkappe mit flacher Krempe und modischer Frontstickerei. Sie verf\u00fcgt \u00fcber feine Innendetails und ein weiches Schweissband f\u00fcr warme Tage. Hervorragende Brandingfl\u00e4chen rundum f\u00fcr zus\u00e4tzliche Stickereien und Transferdrucke. Snapback-Verschluss auf der R\u00fcckseite. DETAILS: Gewebtes Bl\u00e5kl\u00e4der Logo hinten. Aufkleber am Visier. Einstellbar mit Snapback. Flache Krempe. Stickerei B auf der Vorderseite. WASCHANLEITUNG: Handw\u00e4sche. Nicht bleichen. Nicht [&hellip;]<\/p>\n","protected":false},"featured_media":667179,"template":"","meta":[],"product_brand":[],"product_cat":[4177,4209],"product_tag":[],"class_list":{"0":"post-667146","1":"product","2":"type-product","3":"status-publish","4":"has-post-thumbnail","6":"product_cat-caps-muetzen","7":"product_cat-zubehoer","8":"pa_brand-blaklaeder","9":"pa_brand-type-workwear","10":"pa_filter-color-schwarz","12":"first","13":"instock","14":"sale","15":"taxable","16":"shipping-taxable","17":"purchasable","18":"product-type-variable","19":"add-to-wishlist-before_image"},"exclude_global_add_ons":[],"addons":[],"acf":[],"_links":{"self":[{"href":"https:\/\/shop.kustom.ch\/fr\/wp-json\/wp\/v2\/product\/667146"}],"collection":[{"href":"https:\/\/shop.kustom.ch\/fr\/wp-json\/wp\/v2\/product"}],"about":[{"href":"https:\/\/shop.kustom.ch\/fr\/wp-json\/wp\/v2\/types\/product"}],"wp:featuredmedia":[{"embeddable":true,"href":"https:\/\/shop.kustom.ch\/fr\/wp-json\/wp\/v2\/media\/667179"}],"wp:attachment":[{"href":"https:\/\/shop.kustom.ch\/fr\/wp-json\/wp\/v2\/media?parent=667146"}],"wp:term":[{"taxonomy":"product_brand","embeddable":true,"href":"https:\/\/shop.kustom.ch\/fr\/wp-json\/wp\/v2\/product_brand?post=667146"},{"taxonomy":"product_cat","embeddable":true,"href":"https:\/\/shop.kustom.ch\/fr\/wp-json\/wp\/v2\/product_cat?post=667146"},{"taxonomy":"product_tag","embeddable":true,"href":"https:\/\/shop.kustom.ch\/fr\/wp-json\/wp\/v2\/product_tag?post=667146"}],"curies":[{"name":"wp","href":"https:\/\/api.w.org\/{rel}","templated":true}]}}