{"id":667145,"date":"2025-04-29T19:41:34","date_gmt":"2025-04-29T18:41:34","guid":{"rendered":"https:\/\/shop.kustom.ch\/?post_type=product&#038;p=667145"},"modified":"2026-03-31T09:14:34","modified_gmt":"2026-03-31T08:14:34","slug":"flatbrim-kappe","status":"publish","type":"product","link":"https:\/\/shop.kustom.ch\/fr\/produit\/flatbrim-kappe\/","title":{"rendered":"Casquette Flatbrim"},"content":{"rendered":"<p>Casquette de haute qualit\u00e9 avec un bord plat et une broderie \u00e9l\u00e9gante sur le devant. Elle dispose de fins d\u00e9tails int\u00e9rieurs et d'une bande de transpiration douce pour les jours chauds. Excellentes surfaces de branding tout autour pour des broderies et des impressions de transfert suppl\u00e9mentaires. Fermeture snapback \u00e0 l'arri\u00e8re.<\/p>\n<p>D\u00c9TAILS : autocollant sur la visi\u00e8re. R\u00e9glable avec snapback. Rebord plat.   Broderie B sur le devant. Broderie B discr\u00e8te sur le c\u00f4t\u00e9. INSTRUCTIONS DE LAVAGE : Lavage \u00e0 la main. Ne pas blanchir. Ne pas repasser. Ne pas nettoyer \u00e0 sec. Ne pas essorer. CARACT\u00c9RISTIQUES PRINCIPALES : Unisexe. MESURES : 57-60 cm<\/p>\n<p>51% coton, 32% polyester, 17% polyamide, serg\u00e9, stretch, 340 g\/m<\/p>","protected":false},"excerpt":{"rendered":"<p>Hochwertige Kappe mit flacher Krempe und stilvoller Frontstickerei. Sie verf\u00fcgt \u00fcber feine Innendetails und ein weiches Schweissband f\u00fcr warme Tage. Hervorragende Brandingfl\u00e4chen rundum f\u00fcr zus\u00e4tzliche Stickereien und Transferdrucke. Snapback-Verschluss auf der R\u00fcckseite. DETAILS: Aufkleber am Visier. Einstellbar mit Snapback. Flache Krempe. Stickerei B auf der Vorderseite. Unauff\u00e4llige Stickerei B an der Seite. WASCHANLEITUNG: Handw\u00e4sche. Nicht [&hellip;]<\/p>\n","protected":false},"featured_media":667175,"template":"","meta":[],"product_brand":[],"product_cat":[4177,4209],"product_tag":[],"class_list":{"0":"post-667145","1":"product","2":"type-product","3":"status-publish","4":"has-post-thumbnail","6":"product_cat-caps-muetzen","7":"product_cat-zubehoer","8":"pa_brand-blaklaeder","9":"pa_brand-type-workwear","10":"pa_filter-color-orange","11":"pa_filter-color-schwarz","13":"first","14":"instock","15":"sale","16":"taxable","17":"shipping-taxable","18":"purchasable","19":"product-type-variable","20":"add-to-wishlist-before_image"},"exclude_global_add_ons":[],"addons":[],"acf":[],"_links":{"self":[{"href":"https:\/\/shop.kustom.ch\/fr\/wp-json\/wp\/v2\/product\/667145"}],"collection":[{"href":"https:\/\/shop.kustom.ch\/fr\/wp-json\/wp\/v2\/product"}],"about":[{"href":"https:\/\/shop.kustom.ch\/fr\/wp-json\/wp\/v2\/types\/product"}],"wp:featuredmedia":[{"embeddable":true,"href":"https:\/\/shop.kustom.ch\/fr\/wp-json\/wp\/v2\/media\/667175"}],"wp:attachment":[{"href":"https:\/\/shop.kustom.ch\/fr\/wp-json\/wp\/v2\/media?parent=667145"}],"wp:term":[{"taxonomy":"product_brand","embeddable":true,"href":"https:\/\/shop.kustom.ch\/fr\/wp-json\/wp\/v2\/product_brand?post=667145"},{"taxonomy":"product_cat","embeddable":true,"href":"https:\/\/shop.kustom.ch\/fr\/wp-json\/wp\/v2\/product_cat?post=667145"},{"taxonomy":"product_tag","embeddable":true,"href":"https:\/\/shop.kustom.ch\/fr\/wp-json\/wp\/v2\/product_tag?post=667145"}],"curies":[{"name":"wp","href":"https:\/\/api.w.org\/{rel}","templated":true}]}}