{"id":667082,"date":"2025-04-29T19:40:40","date_gmt":"2025-04-29T18:40:40","guid":{"rendered":"https:\/\/shop.kustom.ch\/?post_type=product&#038;p=667082"},"modified":"2026-03-31T09:08:26","modified_gmt":"2026-03-31T08:08:26","slug":"damen-winteroverall","status":"publish","type":"product","link":"https:\/\/shop.kustom.ch\/fr\/produit\/damen-winteroverall\/","title":{"rendered":"Combinaison d'hiver pour femme"},"content":{"rendered":"<p>Une combinaison d'hiver qui facilite le quotidien et augmente l'efficacit\u00e9 au travail. Elle est fabriqu\u00e9e dans un mat\u00e9riau imperm\u00e9able au vent et \u00e0 l'eau, respirant, avec des coutures scell\u00e9es. Elle est chaudement rembourr\u00e9e et dispose d'une ventilation dorsale, de poches internes pour les genoux et d'une capuche amovible et r\u00e9glable. La combinaison a une ceinture \u00e0 la taille et est \u00e9quip\u00e9e de dispositifs pour les poches \u00e0 outils en CORDURA\u00ae (art. 2170) vendues s\u00e9par\u00e9ment.<\/p>\n<p>FONCTIONNALIT\u00c9 : A\u00e9ration dans le dos. Insert stretch dans le dos. Doublure chaude. Mat\u00e9riau coupe-vent &amp; imperm\u00e9able avec respirabilit\u00e9, coutures soud\u00e9es. D\u00c9TAILS : Poche pour carte d'identit\u00e9 amovible. Soufflet au dos. Capuche amovible et r\u00e9glable avec doublure chaude. Boutons-pression en m\u00e9tal. Col doubl\u00e9 en polaire. Coutures soud\u00e9es. Insert stretch au dos. Passants de fixation. Jupe pare-neige avec fermeture velcro et bouton. Elastique \u00e0 la taille. POCHES : poche de poitrine avec fermeture \u00e9clair. Poche pour t\u00e9l\u00e9phone portable \u00e0 l'int\u00e9rieur. Poche int\u00e9rieure avec fermeture \u00e9clair. Poches rembourr\u00e9es aux genoux \u00e0 l'int\u00e9rieur. Poches avant avec fermetures \u00e0 glissi\u00e8re. Supports pr\u00e9fabriqu\u00e9s pour les poches \u00e0 outils amovibles. Poches \u00e0 outils en CORDURA\u00ae vendues s\u00e9par\u00e9ment (art. 2170). Poche pour m\u00e8tre pliant avec poche pour stylo. FERMETURE FRONTALE : Fermeture \u00e0 glissi\u00e8re invisible \u00e0 double sens en plastique. Patte \u00e0 vent \u00e0 l'int\u00e9rieur. ACCESSOIRES : Ceinture stretch. REFLEX : D\u00e9tails r\u00e9fl\u00e9chissants sur la jambe. Mat\u00e9riau r\u00e9fl\u00e9chissant \u00e0 l'avant, sur les manches et sur la capuche. FERMETURE : Poignets int\u00e9rieurs avec trou pour le pouce. Poignets r\u00e9glables avec fermeture velcro. Bas de jambe r\u00e9glable avec fermeture \u00e0 glissi\u00e8re et velcro. INSTRUCTIONS DE LAVAGE : 40\u00b0 C. Ne pas blanchir. Ne pas repasser. Ne pas nettoyer \u00e0 sec. Ne pas essorer. TRAVAIL PRINCIPAL : Couvreur. Travailleurs du jardin. Travailleurs manuels. Femmes . Disponible pour les femmes et les hommes. EN 14004. EN 342. EN 343. TISSU : Femmes. Disponible pour femmes et hommes. noir. Respirabilit\u00e9 de la peau. Poches rembourr\u00e9es aux genoux. imperm\u00e9able. coupe-vent. Vent \/ humidit\u00e9 \/ froid. CERTIFICATION : EN 14404:2004+A1:2010 ensemble avec genouill\u00e8res 4027, 4057, 4058 et 4032. EN 342. EN 343<\/p>\n<p>100% Polyester, Oxford, enduit, imperm\u00e9able 15.000 mm, coupe-vent, respirant Ret 8,5, 200g\/m<\/p>","protected":false},"excerpt":{"rendered":"<p>Ein Winteroverall, der den Alltag erleichtert und die Arbeitseffizienz steigert. Er besteht aus wind- und wasserdichtem, atmungsaktivem Material mit versiegelten N\u00e4hten. Er ist warm gepolstert und verf\u00fcgt \u00fcber eine R\u00fcckenbel\u00fcftung, interne Knieschutztaschen und eine abnehmbare, verstellbare Kapuze. Der Overall hat einen Tailleng\u00fcrtel und ist mit Vorrichtungen f\u00fcr separat erh\u00e4ltliche CORDURA\u00ae-Werkzeugtaschen (Art. 2170) ausgestattet. FUNKTIONALIT\u00c4T: L\u00fcftung [&hellip;]<\/p>\n","protected":false},"featured_media":667115,"template":"","meta":[],"product_brand":[],"product_cat":[10454],"product_tag":[],"class_list":{"0":"post-667082","1":"product","2":"type-product","3":"status-publish","4":"has-post-thumbnail","6":"product_cat-overalls","7":"pa_brand-blaklaeder","8":"pa_brand-type-workwear","9":"pa_filter-color-schwarz","11":"first","12":"instock","13":"sale","14":"taxable","15":"shipping-taxable","16":"purchasable","17":"product-type-variable","18":"add-to-wishlist-before_image"},"exclude_global_add_ons":[],"addons":[],"acf":[],"_links":{"self":[{"href":"https:\/\/shop.kustom.ch\/fr\/wp-json\/wp\/v2\/product\/667082"}],"collection":[{"href":"https:\/\/shop.kustom.ch\/fr\/wp-json\/wp\/v2\/product"}],"about":[{"href":"https:\/\/shop.kustom.ch\/fr\/wp-json\/wp\/v2\/types\/product"}],"wp:featuredmedia":[{"embeddable":true,"href":"https:\/\/shop.kustom.ch\/fr\/wp-json\/wp\/v2\/media\/667115"}],"wp:attachment":[{"href":"https:\/\/shop.kustom.ch\/fr\/wp-json\/wp\/v2\/media?parent=667082"}],"wp:term":[{"taxonomy":"product_brand","embeddable":true,"href":"https:\/\/shop.kustom.ch\/fr\/wp-json\/wp\/v2\/product_brand?post=667082"},{"taxonomy":"product_cat","embeddable":true,"href":"https:\/\/shop.kustom.ch\/fr\/wp-json\/wp\/v2\/product_cat?post=667082"},{"taxonomy":"product_tag","embeddable":true,"href":"https:\/\/shop.kustom.ch\/fr\/wp-json\/wp\/v2\/product_tag?post=667082"}],"curies":[{"name":"wp","href":"https:\/\/api.w.org\/{rel}","templated":true}]}}