{"id":667055,"date":"2025-04-29T19:40:09","date_gmt":"2025-04-29T18:40:09","guid":{"rendered":"https:\/\/shop.kustom.ch\/?post_type=product&#038;p=667055"},"modified":"2026-03-31T09:08:20","modified_gmt":"2026-03-31T08:08:20","slug":"multinorm-overall-2","status":"publish","type":"product","link":"https:\/\/shop.kustom.ch\/fr\/produit\/multinorm-overall-2\/","title":{"rendered":"Overall Multinorm"},"content":{"rendered":"<p>Une combinaison r\u00e9sistante \u00e0 l'huile, \u00e0 la salet\u00e9 et \u00e0 l'eau qui offre une protection maximale lors de travaux dans des environnements difficiles. Elle est fabriqu\u00e9e dans un mat\u00e9riau r\u00e9sistant et offre un bon ajustement avec des plis dans le dos et des poignets r\u00e9glables. Elle est dot\u00e9e de poches poitrine, de poches genouill\u00e8res externes et de r\u00e9flecteurs cousus qui r\u00e9sistent au lavage industriel. En outre, il est \u00e9quip\u00e9 de deux boucles pour fixer des d\u00e9tecteurs de gaz, des oxyg\u00e9nom\u00e8tres et des microphones. Certifi\u00e9 pour le lavage industriel selon les normes EN 14404, EN 1149-5, EN ISO 11611, EN 13034, EN ISO 20471, EN ISO 11612, et IEC 61482-2. <\/p>\n<p>FONCTIONNALIT\u00c9 : Sans m\u00e9tal. Surface ol\u00e9ophobe, antisalissante et hydrofuge. D\u00c9TAILS : Poche d'identification amovible pour les v\u00eatements ignifuges. Soufflet au dos. \u00c9tiquettes de certification ext\u00e9rieures. Col haut avec fermeture \u00e0 glissi\u00e8re. Taille \u00e9lastique r\u00e9glable. POCHES : Poche sur la jambe avec soufflet, poche pour t\u00e9l\u00e9phone portable et poche pour stylo. Poche de poitrine avec fermeture \u00e0 glissi\u00e8re. Poches poitrine avec rabats. Poches arri\u00e8re \u00e0 soufflet et \u00e0 rabat. Poche int\u00e9rieure avec fermeture velcro. Poches ext\u00e9rieures pour genouill\u00e8res. Poches ins\u00e9r\u00e9es avec rabats. Ouverture \u00e0 rabat permettant d'attraper le v\u00eatement plac\u00e9 en dessous. Poche pour m\u00e8tre pliant avec porte-couteau et poche pour stylo. FERMETURE FRONTALE : Fermeture frontale avec boutons-pression en plastique dissimul\u00e9s. Fermeture \u00e0 glissi\u00e8re plastique \u00e0 double sens dissimul\u00e9e. REFLEX : Bandes r\u00e9fl\u00e9chissantes ignifuges avec doubles coutures. FERMETURE : Poignets r\u00e9glables avec boutons-pression. Possibilit\u00e9 de rallonge \u00e0 l'ourlet des jambes, ne s'applique pas aux tailles D. INSTRUCTIONS DE LAVAGE : 60\u00b0 C. Ne pas blanchir. Ne pas repasser. Ne pas nettoyer \u00e0 sec. PRO : convient au s\u00e9chage en tambour. S\u00e8che-linge - bas. PROPRIETES PRINCIPALES : \u00e9lectricien. Travailleurs manuels. Travailleurs de la route et du b\u00e2timent. Messieurs. EN 1149-5. EN 13034. EN 14004. EN 61482-2. EN ISO 11611. EN ISO 11612. EN ISO 20471. TISSU : bleu. Jaune haute visibilit\u00e9. Poches pour genouill\u00e8res. Protection contre les flammes. CERTIFICATION : EN 1149-5. EN 13034 PB (6). Max. 20 cycles de lavage. EN 14404 2004+A1 2010, type 1, niveau 0 avec genouill\u00e8res art. 4057. EN ISO 11611, classe 1 A1+A2. EN ISO 11612 A1, A2, B1, C1, E3, F1. EN ISO 20471, classe 3. 50 cycles de lavage max. ATPV - 11 cal\/cm\u00b2. IEC 61482-2, APC 1<\/p>\n<p>75% coton, 24% polyester, 1% antistatique, serg\u00e9, ignifug\u00e9, antistatique, 350 g\/m<\/p>","protected":false},"excerpt":{"rendered":"<p>Ein \u00f6l-, schmutz- und wasserabweisender Overall, der maximalen Schutz bei Arbeiten in rauen Umgebungen bietet. Er ist aus strapazierf\u00e4higem Material gefertigt und bietet eine gute Passform mit Falten im R\u00fccken und verstellbaren \u00c4rmelabschl\u00fcssen. Er verf\u00fcgt \u00fcber Brusttaschen, externe Kniepolstertaschen und aufgen\u00e4hte Reflektoren, die einer industriellen W\u00e4sche standhalten. Ausserdem ist sie mit zwei Schlaufen zur Befestigung [&hellip;]<\/p>\n","protected":false},"featured_media":667093,"template":"","meta":[],"product_brand":[],"product_cat":[10454],"product_tag":[],"class_list":{"0":"post-667055","1":"product","2":"type-product","3":"status-publish","4":"has-post-thumbnail","6":"product_cat-overalls","7":"pa_brand-blaklaeder","8":"pa_brand-type-workwear","9":"pa_filter-color-blau","10":"pa_filter-color-gelb","12":"first","13":"instock","14":"sale","15":"taxable","16":"shipping-taxable","17":"purchasable","18":"product-type-variable","19":"add-to-wishlist-before_image"},"exclude_global_add_ons":[],"addons":[],"acf":[],"_links":{"self":[{"href":"https:\/\/shop.kustom.ch\/fr\/wp-json\/wp\/v2\/product\/667055"}],"collection":[{"href":"https:\/\/shop.kustom.ch\/fr\/wp-json\/wp\/v2\/product"}],"about":[{"href":"https:\/\/shop.kustom.ch\/fr\/wp-json\/wp\/v2\/types\/product"}],"wp:featuredmedia":[{"embeddable":true,"href":"https:\/\/shop.kustom.ch\/fr\/wp-json\/wp\/v2\/media\/667093"}],"wp:attachment":[{"href":"https:\/\/shop.kustom.ch\/fr\/wp-json\/wp\/v2\/media?parent=667055"}],"wp:term":[{"taxonomy":"product_brand","embeddable":true,"href":"https:\/\/shop.kustom.ch\/fr\/wp-json\/wp\/v2\/product_brand?post=667055"},{"taxonomy":"product_cat","embeddable":true,"href":"https:\/\/shop.kustom.ch\/fr\/wp-json\/wp\/v2\/product_cat?post=667055"},{"taxonomy":"product_tag","embeddable":true,"href":"https:\/\/shop.kustom.ch\/fr\/wp-json\/wp\/v2\/product_tag?post=667055"}],"curies":[{"name":"wp","href":"https:\/\/api.w.org\/{rel}","templated":true}]}}