{"id":667033,"date":"2025-04-29T19:39:39","date_gmt":"2025-04-29T18:39:39","guid":{"rendered":"https:\/\/shop.kustom.ch\/?post_type=product&#038;p=667033"},"modified":"2026-03-31T09:07:21","modified_gmt":"2026-03-31T08:07:21","slug":"kinder-weste-high-vis","status":"publish","type":"product","link":"https:\/\/shop.kustom.ch\/fr\/produit\/kinder-weste-high-vis\/","title":{"rendered":"Gilet haute visibilit\u00e9 pour enfants"},"content":{"rendered":"<p>Un gilet de s\u00e9curit\u00e9 pour enfants avec deux bandes r\u00e9fl\u00e9chissantes horizontales qui entourent le gilet. Bandes \u00e9lastiques sur les c\u00f4t\u00e9s. Des bandes velcro sur le c\u00f4t\u00e9 et l'\u00e9paule droite pour faciliter l'habillage et le d\u00e9shabillage.<\/p>\n<p>DETAILS : Encolure avec bande. REFLEX : bandes r\u00e9fl\u00e9chissantes de 50 mm de large. INSTRUCTIONS DE LAVAGE : 40\u00b0 C. Ne pas blanchir. Ne pas repasser. Ne pas nettoyer \u00e0 sec. Ne pas essorer. Principales caract\u00e9ristiques : EN 17353. TISSU : Enfants. Jaune haute visibilit\u00e9. Visible. CERTIFICATION : EN 17353 - Type AB3<\/p>\n<p>100 % polyester, tricot cha\u00eene, anti-boulochage, 120 g\/m<\/p>","protected":false},"excerpt":{"rendered":"<p>Eine Warnweste f\u00fcr Kinder mit zwei horizontalen Reflexstreifen, die die Weste umschliessen. Elastische B\u00e4nder an den Seiten. Klettverschl\u00fcsse an der rechten Seite und der rechten Schulter zum einfachen An- und Ausziehen. DETAILS: Halsausschnitt geb\u00e4ndert. REFLEX: 50 mm breite Reflexstreifen. WASCHANLEITUNG: 40\u00b0 C. Nicht bleichen. Nicht b\u00fcgeln. Nicht chemisch reinigen. Nicht schleudern. HAUPTEIGENSCHAFTEN: EN 17353. STOFF: [&hellip;]<\/p>\n","protected":false},"featured_media":667090,"template":"","meta":[],"product_brand":[],"product_cat":[4208],"product_tag":[],"class_list":{"0":"post-667033","1":"product","2":"type-product","3":"status-publish","4":"has-post-thumbnail","6":"product_cat-westen","7":"pa_brand-blaklaeder","8":"pa_brand-type-workwear","9":"pa_filter-color-gelb","11":"first","12":"instock","13":"sale","14":"taxable","15":"shipping-taxable","16":"purchasable","17":"product-type-variable","18":"add-to-wishlist-before_image"},"exclude_global_add_ons":[],"addons":[],"acf":[],"_links":{"self":[{"href":"https:\/\/shop.kustom.ch\/fr\/wp-json\/wp\/v2\/product\/667033"}],"collection":[{"href":"https:\/\/shop.kustom.ch\/fr\/wp-json\/wp\/v2\/product"}],"about":[{"href":"https:\/\/shop.kustom.ch\/fr\/wp-json\/wp\/v2\/types\/product"}],"wp:featuredmedia":[{"embeddable":true,"href":"https:\/\/shop.kustom.ch\/fr\/wp-json\/wp\/v2\/media\/667090"}],"wp:attachment":[{"href":"https:\/\/shop.kustom.ch\/fr\/wp-json\/wp\/v2\/media?parent=667033"}],"wp:term":[{"taxonomy":"product_brand","embeddable":true,"href":"https:\/\/shop.kustom.ch\/fr\/wp-json\/wp\/v2\/product_brand?post=667033"},{"taxonomy":"product_cat","embeddable":true,"href":"https:\/\/shop.kustom.ch\/fr\/wp-json\/wp\/v2\/product_cat?post=667033"},{"taxonomy":"product_tag","embeddable":true,"href":"https:\/\/shop.kustom.ch\/fr\/wp-json\/wp\/v2\/product_tag?post=667033"}],"curies":[{"name":"wp","href":"https:\/\/api.w.org\/{rel}","templated":true}]}}