{"id":667032,"date":"2025-04-29T19:39:39","date_gmt":"2025-04-29T18:39:39","guid":{"rendered":"https:\/\/shop.kustom.ch\/?post_type=product&#038;p=667032"},"modified":"2026-03-31T09:07:20","modified_gmt":"2026-03-31T08:07:20","slug":"kinder-handwerkerhose-stretch-x1900","status":"publish","type":"product","link":"https:\/\/shop.kustom.ch\/fr\/produit\/kinder-handwerkerhose-stretch-x1900\/","title":{"rendered":"Pantalon d'artisanat pour enfants Stretch X1900"},"content":{"rendered":"<p>Avec ce pantalon r\u00e9sistant en CORDURA\u00ae, l'int\u00e9r\u00eat de vos enfants pour les activit\u00e9s manuelles est \u00e9veill\u00e9 tr\u00e8s t\u00f4t. Il convient aussi bien aux activit\u00e9s d'int\u00e9rieur que d'ext\u00e9rieur. Il est dot\u00e9 d'un stretch 4 directions, de poches \u00e0 outils et de d\u00e9tails r\u00e9fl\u00e9chissants. Parfait pour les jeunes passionn\u00e9s !<\/p>\n<p>FONCTIONNALIT\u00c9 : Empi\u00e8cements stretch \u00e0 l'entrejambe et au mollet. D\u00c9TAILS : \u00c9lastique \u00e0 la taille. POCHES : Poche sur la jambe avec rabat et fermeture velcro. Poches arri\u00e8re. Poches lat\u00e9rales. Poches \u00e0 outils - extra larges, coup\u00e9es en biais et avec de tr\u00e8s nombreux compartiments. Poche m\u00e8tre avec poche stylo. RENFORCEMENT : Renforts en CORDURA\u00ae aux genoux et aux poches. REFLEX : D\u00e9tails r\u00e9fl\u00e9chissants sur la jambe. FERMETURE : Ceinture \u00e9lastique. INSTRUCTIONS DE LAVAGE : 40\u00b0 C. Repassage - bas. Ne pas blanchir. Ne pas nettoyer \u00e0 sec. Ne pas essorer. TISSU : enfants. bleu. noir. Tissu stretch. Poches \u00e0 outils. Artisanat. Stretch<\/p>\n<p>80% coton, 17% polyamide, 3% \u00e9lasthanne, denim enduit, CORDURA\u00ae Denim Stretch, 300 g\/m<\/p>","protected":false},"excerpt":{"rendered":"<p>Mit dieser strapazierf\u00e4higen Hose aus CORDURA\u00ae wird das Interesse Ihrer Kinder an handwerklichen T\u00e4tigkeiten fr\u00fch geweckt. Sie eignet sich sowohl f\u00fcr Aktivit\u00e4ten drinnen als auch draussen. Sie ist mit 4-Wege-Stretch, Werkzeugtaschen und reflektierenden Details ausgestattet. Perfekt f\u00fcr junge Enthusiasten! FUNKTIONALIT\u00c4T: Stretch-Eins\u00e4tze im Schritt und an der Wade. DETAILS: Gummizug an der Taille. TASCHEN: Beintasche mit [&hellip;]<\/p>\n","protected":false},"featured_media":667081,"template":"","meta":[],"product_brand":[],"product_cat":[4185],"product_tag":[],"class_list":{"0":"post-667032","1":"product","2":"type-product","3":"status-publish","4":"has-post-thumbnail","6":"product_cat-hosen","7":"pa_brand-blaklaeder","8":"pa_brand-type-workwear","9":"pa_filter-color-blau","10":"pa_filter-color-schwarz","12":"first","13":"instock","14":"sale","15":"taxable","16":"shipping-taxable","17":"purchasable","18":"product-type-variable","19":"add-to-wishlist-before_image"},"exclude_global_add_ons":[],"addons":[],"acf":[],"_links":{"self":[{"href":"https:\/\/shop.kustom.ch\/fr\/wp-json\/wp\/v2\/product\/667032"}],"collection":[{"href":"https:\/\/shop.kustom.ch\/fr\/wp-json\/wp\/v2\/product"}],"about":[{"href":"https:\/\/shop.kustom.ch\/fr\/wp-json\/wp\/v2\/types\/product"}],"wp:featuredmedia":[{"embeddable":true,"href":"https:\/\/shop.kustom.ch\/fr\/wp-json\/wp\/v2\/media\/667081"}],"wp:attachment":[{"href":"https:\/\/shop.kustom.ch\/fr\/wp-json\/wp\/v2\/media?parent=667032"}],"wp:term":[{"taxonomy":"product_brand","embeddable":true,"href":"https:\/\/shop.kustom.ch\/fr\/wp-json\/wp\/v2\/product_brand?post=667032"},{"taxonomy":"product_cat","embeddable":true,"href":"https:\/\/shop.kustom.ch\/fr\/wp-json\/wp\/v2\/product_cat?post=667032"},{"taxonomy":"product_tag","embeddable":true,"href":"https:\/\/shop.kustom.ch\/fr\/wp-json\/wp\/v2\/product_tag?post=667032"}],"curies":[{"name":"wp","href":"https:\/\/api.w.org\/{rel}","templated":true}]}}