{"id":667031,"date":"2025-04-29T19:39:39","date_gmt":"2025-04-29T18:39:39","guid":{"rendered":"https:\/\/shop.kustom.ch\/?post_type=product&#038;p=667031"},"modified":"2026-03-31T09:07:19","modified_gmt":"2026-03-31T08:07:19","slug":"kinder-stretchhose","status":"publish","type":"product","link":"https:\/\/shop.kustom.ch\/fr\/produit\/kinder-stretchhose\/","title":{"rendered":"Pantalon stretch pour enfants"},"content":{"rendered":"<p>Pantalon pour enfants en mati\u00e8re l\u00e9g\u00e8re mais r\u00e9sistante avec des propri\u00e9t\u00e9s de s\u00e9chage rapide, id\u00e9al pour jouer \u00e0 l'int\u00e9rieur ou pour les activit\u00e9s en plein air par temps plus chaud. Pour une libert\u00e9 de mouvement optimale, le pantalon est dot\u00e9 d'inserts stretch \u00e0 des endroits soigneusement choisis. Il est dot\u00e9 d'une taille ajustable et d'ouvertures de jambes \u00e9lastiques pour plus de confort.<\/p>\n<p>FONCTIONNALIT\u00c9 : Empi\u00e8cements stretch \u00e0 l'entrejambe, aux genoux et aux fesses. D\u00c9TAILS : Bouton m\u00e9tallique recouvert de caoutchouc. Fermeture \u00e0 glissi\u00e8re en plastique \u00e0 l'entrejambe. \u00c9lastique \u00e0 la taille. POCHES : Poche sur la jambe avec soufflet, fermeture \u00e0 glissi\u00e8re, poche pour stylo et couteau. Poches lat\u00e9rales. REFLEX : D\u00e9tails r\u00e9fl\u00e9chissants sur la jambe. FERMETURE : Bande \u00e9lastique dans l'ourlet inf\u00e9rieur. INSTRUCTIONS DE LAVAGE : 40\u00b0 C. Repassage - bas. Ne pas blanchir. Ne pas nettoyer \u00e0 sec. Ne pas essorer. TISSU : enfants. noir. L\u00e9ger. \u00c9lastique. Industrie \/ Service. \u00c9lastique. SYMBOLS : L\u00e9ger. Panneau stretch<\/p>\n<p>65% polyester, 35% coton, tissage fin , 166g\/m<\/p>","protected":false},"excerpt":{"rendered":"<p>Kinderhosen aus leichtem, aber strapazierf\u00e4higem Material mit schnelltrocknenden Eigenschaften, ideal zum Spielen im Haus oder f\u00fcr Aktivit\u00e4ten im Freien bei w\u00e4rmerem Wetter. F\u00fcr optimale Bewegungsfreiheit ist die Hose an sorgf\u00e4ltig ausgew\u00e4hlten Stellen mit Stretch-Eins\u00e4tzen versehen. Sie hat einen verstellbaren Bund und elastische Bein\u00f6ffnungen f\u00fcr mehr Komfort. FUNKTIONALIT\u00c4T: Stretch-Eins\u00e4tze im Schritt, den Knien und am Ges\u00e4ss. [&hellip;]<\/p>\n","protected":false},"featured_media":667067,"template":"","meta":[],"product_brand":[],"product_cat":[4185],"product_tag":[],"class_list":{"0":"post-667031","1":"product","2":"type-product","3":"status-publish","4":"has-post-thumbnail","6":"product_cat-hosen","7":"pa_brand-blaklaeder","8":"pa_brand-type-workwear","9":"pa_filter-color-schwarz","11":"first","12":"instock","13":"sale","14":"taxable","15":"shipping-taxable","16":"purchasable","17":"product-type-variable","18":"add-to-wishlist-before_image"},"exclude_global_add_ons":[],"addons":[],"acf":[],"_links":{"self":[{"href":"https:\/\/shop.kustom.ch\/fr\/wp-json\/wp\/v2\/product\/667031"}],"collection":[{"href":"https:\/\/shop.kustom.ch\/fr\/wp-json\/wp\/v2\/product"}],"about":[{"href":"https:\/\/shop.kustom.ch\/fr\/wp-json\/wp\/v2\/types\/product"}],"wp:featuredmedia":[{"embeddable":true,"href":"https:\/\/shop.kustom.ch\/fr\/wp-json\/wp\/v2\/media\/667067"}],"wp:attachment":[{"href":"https:\/\/shop.kustom.ch\/fr\/wp-json\/wp\/v2\/media?parent=667031"}],"wp:term":[{"taxonomy":"product_brand","embeddable":true,"href":"https:\/\/shop.kustom.ch\/fr\/wp-json\/wp\/v2\/product_brand?post=667031"},{"taxonomy":"product_cat","embeddable":true,"href":"https:\/\/shop.kustom.ch\/fr\/wp-json\/wp\/v2\/product_cat?post=667031"},{"taxonomy":"product_tag","embeddable":true,"href":"https:\/\/shop.kustom.ch\/fr\/wp-json\/wp\/v2\/product_tag?post=667031"}],"curies":[{"name":"wp","href":"https:\/\/api.w.org\/{rel}","templated":true}]}}