{"id":667030,"date":"2025-04-29T19:39:39","date_gmt":"2025-04-29T18:39:39","guid":{"rendered":"https:\/\/shop.kustom.ch\/?post_type=product&#038;p=667030"},"modified":"2026-03-31T09:07:14","modified_gmt":"2026-03-31T08:07:14","slug":"kinder-winter-overall","status":"publish","type":"product","link":"https:\/\/shop.kustom.ch\/fr\/produit\/kinder-winter-overall\/","title":{"rendered":"Combinaison d'hiver pour enfants"},"content":{"rendered":"<p>Une combinaison d'hiver chaude et douillette pour enfants, fabriqu\u00e9e dans un mat\u00e9riau r\u00e9sistant et imperm\u00e9able avec des coutures scell\u00e9es pour r\u00e9sister \u00e0 toutes les activit\u00e9s de plein air. Les d\u00e9tails et les r\u00e9flecteurs assurent une excellente visibilit\u00e9 lorsque c'est le plus n\u00e9cessaire. La doublure matelass\u00e9e assure la chaleur n\u00e9cessaire par temps froid. La capuche est amovible et dispose de boutons-pression, de poignets r\u00e9glables et de passants \u00e9lastiques pour les pieds qui maintiennent les jambes du pantalon en place.<\/p>\n<p>FONCTIONNALIT\u00c9 : Mat\u00e9riau coupe-vent &amp; imperm\u00e9able avec respirabilit\u00e9, coutures soud\u00e9es. D\u00c9TAILS : Impression r\u00e9fl\u00e9chissante \u00e0 l'arri\u00e8re de la capuche. Capuche amovible et r\u00e9glable avec doublure en mesh. Col doubl\u00e9 en polaire. Fermeture \u00e9clair sur les c\u00f4t\u00e9s, recouverte d'une bande. Jupe pare-neige avec fermeture velcro et bouton. Elastique \u00e0 la taille. POCHES : Poches lat\u00e9rales avec fermeture \u00e9clair. FERMETURE FRONTALE : Fermeture \u00e9clair cach\u00e9e en plastique. Patte de boutonnage avec doublure en polaire \u00e0 l'int\u00e9rieur. Patte de vent avec fermeture velcro. INSTRUCTIONS DE LAVAGE : 40\u00b0 C. Ne pas blanchir. Ne pas repasser. Ne pas nettoyer \u00e0 sec. Ne pas essorer. CARACTERISTIQUES PRINCIPALES : Enfants. EN 17353. TISSU : Jaune haute visibilit\u00e9. noir. Respirabilit\u00e9. imperm\u00e9able. coupe-vent. Visible. Vent \/ humidit\u00e9 \/ froid. CERTIFICATION : EN 17353 - Type AB3<\/p>\n<p>100% Polyester, Oxford, enduit, imperm\u00e9able 15.000 mm, coupe-vent, respirant Ret 8,5, 200g\/m<\/p>","protected":false},"excerpt":{"rendered":"<p>Ein warmer und kuscheliger Winteroverall f\u00fcr Kinder, hergestellt aus einem strapazierf\u00e4higen und wasserdichten Material mit versiegelten N\u00e4hten, um allen Outdoor-Aktivit\u00e4ten standzuhalten. Details und Reflektoren sorgen f\u00fcr hervorragende Sichtbarkeit, wenn sie am n\u00f6tigsten ist. Das gesteppte Futter sorgt f\u00fcr die n\u00f6tige W\u00e4rme bei kalten Temperaturen. Die Kapuze ist abnehmbar und verf\u00fcgt \u00fcber Druckkn\u00f6pfe, verstellbare \u00c4rmelb\u00fcndchen und [&hellip;]<\/p>\n","protected":false},"featured_media":667062,"template":"","meta":[],"product_brand":[],"product_cat":[10454],"product_tag":[],"class_list":{"0":"post-667030","1":"product","2":"type-product","3":"status-publish","4":"has-post-thumbnail","6":"product_cat-overalls","7":"pa_brand-blaklaeder","8":"pa_brand-type-workwear","9":"pa_filter-color-gelb","11":"first","12":"instock","13":"sale","14":"taxable","15":"shipping-taxable","16":"purchasable","17":"product-type-variable","18":"add-to-wishlist-before_image"},"exclude_global_add_ons":[],"addons":[],"acf":[],"_links":{"self":[{"href":"https:\/\/shop.kustom.ch\/fr\/wp-json\/wp\/v2\/product\/667030"}],"collection":[{"href":"https:\/\/shop.kustom.ch\/fr\/wp-json\/wp\/v2\/product"}],"about":[{"href":"https:\/\/shop.kustom.ch\/fr\/wp-json\/wp\/v2\/types\/product"}],"wp:featuredmedia":[{"embeddable":true,"href":"https:\/\/shop.kustom.ch\/fr\/wp-json\/wp\/v2\/media\/667062"}],"wp:attachment":[{"href":"https:\/\/shop.kustom.ch\/fr\/wp-json\/wp\/v2\/media?parent=667030"}],"wp:term":[{"taxonomy":"product_brand","embeddable":true,"href":"https:\/\/shop.kustom.ch\/fr\/wp-json\/wp\/v2\/product_brand?post=667030"},{"taxonomy":"product_cat","embeddable":true,"href":"https:\/\/shop.kustom.ch\/fr\/wp-json\/wp\/v2\/product_cat?post=667030"},{"taxonomy":"product_tag","embeddable":true,"href":"https:\/\/shop.kustom.ch\/fr\/wp-json\/wp\/v2\/product_tag?post=667030"}],"curies":[{"name":"wp","href":"https:\/\/api.w.org\/{rel}","templated":true}]}}