{"id":667029,"date":"2025-04-29T19:39:39","date_gmt":"2025-04-29T18:39:39","guid":{"rendered":"https:\/\/shop.kustom.ch\/?post_type=product&#038;p=667029"},"modified":"2026-03-31T09:07:13","modified_gmt":"2026-03-31T08:07:13","slug":"kinder-softshell-jacke","status":"publish","type":"product","link":"https:\/\/shop.kustom.ch\/fr\/produit\/kinder-softshell-jacke\/","title":{"rendered":"Veste Softshell pour enfants"},"content":{"rendered":"<p>Une veste softshell l\u00e9g\u00e8re pour enfants qui, gr\u00e2ce \u00e0 son mat\u00e9riau, est extr\u00eamement douce, confortable et flexible. La veste est bicolore avec des parties principalement fonc\u00e9es, ce qui la rend tr\u00e8s r\u00e9sistante aux salissures tout en offrant une excellente visibilit\u00e9 lorsqu'elle est le plus n\u00e9cessaire. Cette veste haute visibilit\u00e9 combine la sensation de l\u00e9g\u00e8ret\u00e9 et d'extensibilit\u00e9 avec la r\u00e9sistance que l'on attend d'un v\u00eatement robuste. En outre, le mat\u00e9riau est imperm\u00e9able au vent et \u00e0 l'eau et offre une excellente respirabilit\u00e9. Capuche amovible avec boutons-pression.<\/p>\n<p>FONCTIONNALIT\u00c9 : coupe-vent &amp; imperm\u00e9able, coutures non scell\u00e9es, respirant. D\u00c9TAILS : Capuche amovible. POCHES : Poche de poitrine avec fermeture \u00e0 glissi\u00e8re. Poches avant avec fermetures \u00e0 glissi\u00e8re. FERMETURE FRONTALE : Fermeture \u00e0 glissi\u00e8re en plastique. Patte de ventilation avec doublure en polaire \u00e0 l'int\u00e9rieur. REFLEX : Bandes r\u00e9fl\u00e9chissantes de transfert. Bandes r\u00e9fl\u00e9chissantes de 25 mm de large. Bandes r\u00e9fl\u00e9chissantes sur le corps et les manches. FERMETURE : Poignets r\u00e9glables avec fermeture velcro. Dos rallong\u00e9. Taille r\u00e9glable avec cordon de serrage. INSTRUCTIONS DE LAVAGE : 40\u00b0 C. Ne pas blanchir. Ne pas repasser. Ne pas nettoyer \u00e0 sec. Ne pas essorer. Principales caract\u00e9ristiques : EN 17353. TISSU : Enfants. Jaune haute visibilit\u00e9. Noir. Perm\u00e9abilit\u00e9 \u00e0 l'air. Stretch. D\u00e9perlant. imperm\u00e9able. Visible. Vent \/ humidit\u00e9 \/ froid. CERTIFICATION : EN 17353 - Type AB3<\/p>\n<p>92% polyester, 8% \u00e9lasthanne, softshell 3 couches, imperm\u00e9able 11.000 mm, coupe-vent, respirant Ret 20,0, stretch, 265 g\/m<\/p>","protected":false},"excerpt":{"rendered":"<p>Eine leichte Softshell-Jacke f\u00fcr Kinder, die aufgrund ihres Materials extrem weich, bequem und flexibel ist. Die Jacke ist zweifarbig mit \u00fcberwiegend dunklen Partien, wodurch sie sehr schmutzabweisend ist und gleichzeitig eine hervorragende Sichtbarkeit bietet, wenn sie am meisten gebraucht wird. Diese hochsichtbare Jacke kombiniert das leichte, dehnbare Gef\u00fchl mit der St\u00e4rke, die man von einem [&hellip;]<\/p>\n","protected":false},"featured_media":667054,"template":"","meta":[],"product_brand":[],"product_cat":[4186],"product_tag":[],"class_list":{"0":"post-667029","1":"product","2":"type-product","3":"status-publish","4":"has-post-thumbnail","6":"product_cat-jacken","7":"pa_brand-blaklaeder","8":"pa_brand-type-workwear","9":"pa_filter-color-gelb","11":"first","12":"instock","13":"sale","14":"taxable","15":"shipping-taxable","16":"purchasable","17":"product-type-variable","18":"add-to-wishlist-before_image"},"exclude_global_add_ons":[],"addons":[],"acf":[],"_links":{"self":[{"href":"https:\/\/shop.kustom.ch\/fr\/wp-json\/wp\/v2\/product\/667029"}],"collection":[{"href":"https:\/\/shop.kustom.ch\/fr\/wp-json\/wp\/v2\/product"}],"about":[{"href":"https:\/\/shop.kustom.ch\/fr\/wp-json\/wp\/v2\/types\/product"}],"wp:featuredmedia":[{"embeddable":true,"href":"https:\/\/shop.kustom.ch\/fr\/wp-json\/wp\/v2\/media\/667054"}],"wp:attachment":[{"href":"https:\/\/shop.kustom.ch\/fr\/wp-json\/wp\/v2\/media?parent=667029"}],"wp:term":[{"taxonomy":"product_brand","embeddable":true,"href":"https:\/\/shop.kustom.ch\/fr\/wp-json\/wp\/v2\/product_brand?post=667029"},{"taxonomy":"product_cat","embeddable":true,"href":"https:\/\/shop.kustom.ch\/fr\/wp-json\/wp\/v2\/product_cat?post=667029"},{"taxonomy":"product_tag","embeddable":true,"href":"https:\/\/shop.kustom.ch\/fr\/wp-json\/wp\/v2\/product_tag?post=667029"}],"curies":[{"name":"wp","href":"https:\/\/api.w.org\/{rel}","templated":true}]}}