{"id":666991,"date":"2025-04-29T19:39:01","date_gmt":"2025-04-29T18:39:01","guid":{"rendered":"https:\/\/shop.kustom.ch\/?post_type=product&#038;p=666991"},"modified":"2026-03-31T09:07:13","modified_gmt":"2026-03-31T08:07:13","slug":"leichte-gefuetterte-kinder-winterjacke-stretch","status":"publish","type":"product","link":"https:\/\/shop.kustom.ch\/fr\/produit\/leichte-gefuetterte-kinder-winterjacke-stretch\/","title":{"rendered":"Veste d'hiver l\u00e9g\u00e8re doubl\u00e9e pour enfants Stretch"},"content":{"rendered":"<p>Une veste d'hiver l\u00e9g\u00e8re et doubl\u00e9e pour les enfants, parfaite pour les conditions m\u00e9t\u00e9orologiques plus froides. Imperm\u00e9able au vent et \u00e0 l'eau, respirante et avec des coutures scell\u00e9es. Fabriqu\u00e9e dans un mat\u00e9riau stretch 4 directions merveilleusement doux et confortable. Capuche amovible avec boutons-pression.<\/p>\n<p>FONCTIONNALIT\u00c9 : Extensible dans 4 directions. Tissu coupe-vent &amp; imperm\u00e9able avec respirabilit\u00e9, coutures soud\u00e9es. D\u00c9TAILS : capuche amovible et r\u00e9glable avec doublure en mesh. Fermeture \u00e0 glissi\u00e8re dans la doublure, pour une finition textile facile. POCHES : Poche de poitrine avec fermeture \u00e0 glissi\u00e8re. Poches avant avec fermetures \u00e0 glissi\u00e8re. FERMETURE FRONTALE : Fermeture \u00e0 glissi\u00e8re en plastique. Patte \u00e0 vent avec doublure en polaire \u00e0 l'int\u00e9rieur. Rabat avec fermeture velcro. REFLEX : Mat\u00e9riau r\u00e9fl\u00e9chissant sur les manches. FERMETURE : Poignets r\u00e9glables avec ceinture int\u00e9rieure. Dos rallong\u00e9. Taille r\u00e9glable avec cordon de serrage. INSTRUCTIONS DE LAVAGE : 40\u00b0 C. Ne pas blanchir. Ne pas repasser. Ne pas nettoyer \u00e0 sec. Ne pas essorer. TISSU : enfants. Jaune haute visibilit\u00e9. Noir. Respirabilit\u00e9 de la peau. Stretch. imperm\u00e9able. coupe-vent. Vent \/ humidit\u00e9 \/ froid. SYMBOLS : 4-way stretch. Respirant. Doubl\u00e9e pour le confort. Taped seams (coutures cousues). Water proof 3. r\u00e9sistant au vent. CERTIFICATION : Non certifi\u00e9 High Vis<\/p>\n<p>83% polyamide, 17% spandex, lamin\u00e9, \u00e9tanche \u00e0 l'eau 15000 mm, coupe-vent, respirant Ret 11,3, stretch, 170 g\/m<\/p>","protected":false},"excerpt":{"rendered":"<p>Eine leichte gef\u00fctterte Winterjacke f\u00fcr Kinder, perfekt f\u00fcr k\u00e4ltere Wetterbedingungen. Wind- und wasserdicht, atmungsaktiv und mit versiegelten N\u00e4hten. Hergestellt aus wunderbar weichem und komfortablem 4-Wege-Stretchmaterial. Abnehmbare Kapuze mit Druckkn\u00f6pfen. FUNKTIONALIT\u00c4T: 4-Wege-Stretch. Wind- &amp; wasserdichtes Material mit Atmungsaktivit\u00e4t, verschweisste N\u00e4hte. DETAILS: Abnehmbare und verstellbare Kapuze mit Meshfutter. Reissverschluss im Futter, f\u00fcr einfache Textilveredelung. TASCHEN: Brusttasche mit [&hellip;]<\/p>\n","protected":false},"featured_media":667047,"template":"","meta":[],"product_brand":[],"product_cat":[4186],"product_tag":[],"class_list":{"0":"post-666991","1":"product","2":"type-product","3":"status-publish","4":"has-post-thumbnail","6":"product_cat-jacken","7":"pa_brand-blaklaeder","8":"pa_brand-type-workwear","9":"pa_filter-color-gelb","11":"first","12":"instock","13":"sale","14":"taxable","15":"shipping-taxable","16":"purchasable","17":"product-type-variable","18":"add-to-wishlist-before_image"},"exclude_global_add_ons":[],"addons":[],"acf":[],"_links":{"self":[{"href":"https:\/\/shop.kustom.ch\/fr\/wp-json\/wp\/v2\/product\/666991"}],"collection":[{"href":"https:\/\/shop.kustom.ch\/fr\/wp-json\/wp\/v2\/product"}],"about":[{"href":"https:\/\/shop.kustom.ch\/fr\/wp-json\/wp\/v2\/types\/product"}],"wp:featuredmedia":[{"embeddable":true,"href":"https:\/\/shop.kustom.ch\/fr\/wp-json\/wp\/v2\/media\/667047"}],"wp:attachment":[{"href":"https:\/\/shop.kustom.ch\/fr\/wp-json\/wp\/v2\/media?parent=666991"}],"wp:term":[{"taxonomy":"product_brand","embeddable":true,"href":"https:\/\/shop.kustom.ch\/fr\/wp-json\/wp\/v2\/product_brand?post=666991"},{"taxonomy":"product_cat","embeddable":true,"href":"https:\/\/shop.kustom.ch\/fr\/wp-json\/wp\/v2\/product_cat?post=666991"},{"taxonomy":"product_tag","embeddable":true,"href":"https:\/\/shop.kustom.ch\/fr\/wp-json\/wp\/v2\/product_tag?post=666991"}],"curies":[{"name":"wp","href":"https:\/\/api.w.org\/{rel}","templated":true}]}}