{"id":666990,"date":"2025-04-29T19:39:01","date_gmt":"2025-04-29T18:39:01","guid":{"rendered":"https:\/\/shop.kustom.ch\/?post_type=product&#038;p=666990"},"modified":"2026-03-31T09:07:12","modified_gmt":"2026-03-31T08:07:12","slug":"kinder-strickpullover-aus-fleece","status":"publish","type":"product","link":"https:\/\/shop.kustom.ch\/fr\/produit\/kinder-strickpullover-aus-fleece\/","title":{"rendered":"Pull en maille polaire pour enfants"},"content":{"rendered":"<p>Un pull tricot\u00e9 pour enfants dans une qualit\u00e9 polaire douce et confortable. La meilleure description de la mati\u00e8re est celle d'une polaire tridimensionnelle. \u00c9tirable, flexible et r\u00e9chauffant quand on en a le plus besoin.<\/p>\n<p>D\u00c9TAILS : \u00c9paules renforc\u00e9es. POCHES : Poche de poitrine avec fermeture \u00e0 glissi\u00e8re. Poches avant avec fermetures \u00e0 glissi\u00e8re. FERMETURE FRONTALE : Fermeture \u00e0 glissi\u00e8re en plastique. Patte \u00e0 vent \u00e0 l'int\u00e9rieur. REFLEX : Mat\u00e9riau r\u00e9fl\u00e9chissant \u00e0 l'arri\u00e8re. FERMETURE : Bande \u00e9lastique dans l'ourlet inf\u00e9rieur. Dos rallong\u00e9. INSTRUCTIONS DE LAVAGE : 40\u00b0 C. Ne pas blanchir. Ne pas repasser. Ne pas nettoyer \u00e0 sec. Ne pas essorer. TISSU : enfants. gris. noir. Empi\u00e8cement en stretch. Tissu stretch. Vent \/ humidit\u00e9 \/ froid<\/p>\n<p>97% polyester, 3% \u00e9lasthanne, tricot jacquard, bross\u00e9 d'un c\u00f4t\u00e9, stretch, 290 g\/m<\/p>","protected":false},"excerpt":{"rendered":"<p>Ein Strickpulli f\u00fcr Kinder in weicher, bequemer Fleece-Qualit\u00e4t. Das Material l\u00e4sst sich am besten als dreidimensionales Fleece beschreiben. Dehnbar, flexibel und w\u00e4rmend, wenn man es am meisten braucht. DETAILS: Verst\u00e4rkte Schultern. TASCHEN: Brusttasche mit Reissverschluss. Vordertaschen mit Reissverschl\u00fcssen. FRONTVERSCHLUSS: Reissverschluss aus Kunststoff. Windleiste innen. REFLEX: Reflexmaterial hinten. ABSCHLUSS: Elastisches Band im unteren Saum. Verl\u00e4ngerter R\u00fccken. [&hellip;]<\/p>\n","protected":false},"featured_media":667040,"template":"","meta":[],"product_brand":[],"product_cat":[4186],"product_tag":[],"class_list":{"0":"post-666990","1":"product","2":"type-product","3":"status-publish","4":"has-post-thumbnail","6":"product_cat-jacken","7":"pa_brand-blaklaeder","8":"pa_brand-type-workwear","9":"pa_filter-color-grau","10":"pa_filter-color-schwarz","12":"first","13":"instock","14":"sale","15":"taxable","16":"shipping-taxable","17":"purchasable","18":"product-type-variable","19":"add-to-wishlist-before_image"},"exclude_global_add_ons":[],"addons":[],"acf":[],"_links":{"self":[{"href":"https:\/\/shop.kustom.ch\/fr\/wp-json\/wp\/v2\/product\/666990"}],"collection":[{"href":"https:\/\/shop.kustom.ch\/fr\/wp-json\/wp\/v2\/product"}],"about":[{"href":"https:\/\/shop.kustom.ch\/fr\/wp-json\/wp\/v2\/types\/product"}],"wp:featuredmedia":[{"embeddable":true,"href":"https:\/\/shop.kustom.ch\/fr\/wp-json\/wp\/v2\/media\/667040"}],"wp:attachment":[{"href":"https:\/\/shop.kustom.ch\/fr\/wp-json\/wp\/v2\/media?parent=666990"}],"wp:term":[{"taxonomy":"product_brand","embeddable":true,"href":"https:\/\/shop.kustom.ch\/fr\/wp-json\/wp\/v2\/product_brand?post=666990"},{"taxonomy":"product_cat","embeddable":true,"href":"https:\/\/shop.kustom.ch\/fr\/wp-json\/wp\/v2\/product_cat?post=666990"},{"taxonomy":"product_tag","embeddable":true,"href":"https:\/\/shop.kustom.ch\/fr\/wp-json\/wp\/v2\/product_tag?post=666990"}],"curies":[{"name":"wp","href":"https:\/\/api.w.org\/{rel}","templated":true}]}}