{"id":666988,"date":"2025-04-29T19:39:01","date_gmt":"2025-04-29T18:39:01","guid":{"rendered":"https:\/\/shop.kustom.ch\/?post_type=product&#038;p=666988"},"modified":"2026-03-31T09:07:10","modified_gmt":"2026-03-31T08:07:10","slug":"kinder-sweatshirt","status":"publish","type":"product","link":"https:\/\/shop.kustom.ch\/fr\/produit\/kinder-sweatshirt\/","title":{"rendered":"Sweat-shirt pour enfants"},"content":{"rendered":"<p>Un sweat-shirt confortable et doux pour les enfants, en coton 100%. Avec un imprim\u00e9 Bl\u00e5kl\u00e4der sur la poitrine.<\/p>\n<p>DETAILS : Impression sur la poitrine. Encolure ronde \u00e0 c\u00f4tes. Coutures renforc\u00e9es au cou. Coutures renforc\u00e9es aux \u00e9paules. FINITION : Bords c\u00f4tel\u00e9s au bas des manches et \u00e0 la taille. INSTRUCTIONS DE LAVAGE : 60\u00b0 C. Repassage - moyen. Ne pas blanchir. Ne pas nettoyer \u00e0 sec. Ne pas essorer. Principales caract\u00e9ristiques : enfants. TISSU : Enfants. Jaune haute visibilit\u00e9. Noir. Profil. USP : 100 % coton<\/p>\n<p>100% Coton, French Terry, 320 g\/m<\/p>","protected":false},"excerpt":{"rendered":"<p>Ein bequemes und weiches Sweatshirt f\u00fcr Kinder aus 100% Baumwolle. Mit einem Bl\u00e5kl\u00e4der-Druck auf der Brust. DETAILS: Aufdruck auf der Brust. Runder, gerippter Halsausschnitt. Verst\u00e4rkte Halsn\u00e4hte. Verst\u00e4rkte Schultern\u00e4hte. ABSCHLUSS: Rippenb\u00fcndchen am \u00c4rmelabschluss und Taille. WASCHANLEITUNG: 60\u00b0 C. B\u00fcgeln &#8211; mittel. Nicht bleichen. Nicht chemisch reinigen. Nicht schleudern. HAUPTEIGENSCHAFTEN: Kinder. STOFF: Kinder. High-Vis Gelb. schwarz. Profil. [&hellip;]<\/p>\n","protected":false},"featured_media":667021,"template":"","meta":[],"product_brand":[],"product_cat":[4184],"product_tag":[],"class_list":{"0":"post-666988","1":"product","2":"type-product","3":"status-publish","4":"has-post-thumbnail","6":"product_cat-hoodies-pullover","7":"pa_brand-blaklaeder","8":"pa_brand-type-workwear","9":"pa_filter-color-gelb","11":"first","12":"instock","13":"sale","14":"taxable","15":"shipping-taxable","16":"purchasable","17":"product-type-variable","18":"add-to-wishlist-before_image"},"exclude_global_add_ons":[],"addons":[],"acf":[],"_links":{"self":[{"href":"https:\/\/shop.kustom.ch\/fr\/wp-json\/wp\/v2\/product\/666988"}],"collection":[{"href":"https:\/\/shop.kustom.ch\/fr\/wp-json\/wp\/v2\/product"}],"about":[{"href":"https:\/\/shop.kustom.ch\/fr\/wp-json\/wp\/v2\/types\/product"}],"wp:featuredmedia":[{"embeddable":true,"href":"https:\/\/shop.kustom.ch\/fr\/wp-json\/wp\/v2\/media\/667021"}],"wp:attachment":[{"href":"https:\/\/shop.kustom.ch\/fr\/wp-json\/wp\/v2\/media?parent=666988"}],"wp:term":[{"taxonomy":"product_brand","embeddable":true,"href":"https:\/\/shop.kustom.ch\/fr\/wp-json\/wp\/v2\/product_brand?post=666988"},{"taxonomy":"product_cat","embeddable":true,"href":"https:\/\/shop.kustom.ch\/fr\/wp-json\/wp\/v2\/product_cat?post=666988"},{"taxonomy":"product_tag","embeddable":true,"href":"https:\/\/shop.kustom.ch\/fr\/wp-json\/wp\/v2\/product_tag?post=666988"}],"curies":[{"name":"wp","href":"https:\/\/api.w.org\/{rel}","templated":true}]}}