{"id":666938,"date":"2025-04-29T19:38:34","date_gmt":"2025-04-29T18:38:34","guid":{"rendered":"https:\/\/shop.kustom.ch\/?post_type=product&#038;p=666938"},"modified":"2026-03-31T09:03:25","modified_gmt":"2026-03-31T08:03:25","slug":"leichte-gefuetterte-damen-winterjacke-high-vis","status":"publish","type":"product","link":"https:\/\/shop.kustom.ch\/fr\/produit\/leichte-gefuetterte-damen-winterjacke-high-vis\/","title":{"rendered":"Veste d'hiver doubl\u00e9e l\u00e9g\u00e8re pour femmes High Vis"},"content":{"rendered":"<p>Une veste d'automne et d'hiver l\u00e9g\u00e8re et doubl\u00e9e, offrant une haute visibilit\u00e9 et d'excellentes propri\u00e9t\u00e9s pour les conditions m\u00e9t\u00e9orologiques plus fra\u00eeches. La veste est imperm\u00e9able au vent et \u00e0 l'eau et dispose de coutures scell\u00e9es. Les d\u00e9tails r\u00e9fl\u00e9chissants imprim\u00e9s sur les \u00e9paules assurent \u00e9galement une bonne visibilit\u00e9 depuis le haut. Elle est \u00e9quip\u00e9e de boutons-pression permettant de fixer une capuche haute visibilit\u00e9 vendue s\u00e9par\u00e9ment (mod\u00e8les 2165, 2166 ou 2175).\u00c9galement disponible en mod\u00e8le homme 4780.<\/p>\n<p>FONCTIONNALIT\u00c9 : Mat\u00e9riau coupe-vent &amp; imperm\u00e9able avec respirabilit\u00e9, coutures soud\u00e9es. Taille pour femmes. Manches pr\u00e9form\u00e9es. D\u00c9TAILS : Anneau en D. Logo imprim\u00e9 sur la poitrine. Capuche amovible et r\u00e9glable (vendue s\u00e9par\u00e9ment, art. n\u00b0 2165, 2166, 2175). Fermeture \u00e0 glissi\u00e8re dans la doublure, pour une finition textile facile. POCHES : poches de poitrine avec fermeture \u00e0 glissi\u00e8re. Poche int\u00e9rieure avec fermeture \u00e9clair. Poches lat\u00e9rales avec fermeture \u00e9clair. FERMETURE FRONTALE : Fermeture \u00e0 glissi\u00e8re robuste \u00e0 double sens en plastique. REFLEX : Bandes r\u00e9fl\u00e9chissantes de transfert. D\u00e9tails r\u00e9fl\u00e9chissants. Mat\u00e9riau r\u00e9fl\u00e9chissant sur le torse, les manches et les \u00e9paules. FERMETURE : Poignets int\u00e9rieurs avec trou pour le pouce. Poignets r\u00e9glables avec fermeture velcro. Taille r\u00e9glable avec cordon de serrage. INSTRUCTIONS DE LAVAGE : Nombre de lavages : 25. 40\u00b0 C. Ne pas blanchir. Ne pas repasser. Ne pas nettoyer \u00e0 sec. Ne pas essorer. ACTIVIT\u00c9S PRINCIPALES : Couvreur. Conducteur . Travailleurs manuels. Travailleurs de la route et du b\u00e2timent. EN 342. EN 343. EN ISO 20471. TISSU : Femme. Disponible pour femmes et hommes. bleu. Jaune haute visibilit\u00e9. Orange haute visibilit\u00e9. Rouge haute visibilit\u00e9. Respirabilit\u00e9. imperm\u00e9able. coupe-vent. Protection contre la haute visibilit\u00e9. CERTIFICATION : EN 342. EN 343, classe 4,2. EN ISO 20471 XS-S classe 2, M classe 3. Groupe de certification C -&gt;M<\/p>\n<p>100% Polyester, Oxford, enduit, imperm\u00e9able 15.000 mm, coupe-vent, respirant Ret 8,5, 200g\/m<\/p>","protected":false},"excerpt":{"rendered":"<p>Eine leichte, gef\u00fctterte Herbst- und Winterjacke mit hoher Sichtbarkeit und hervorragenden Eigenschaften f\u00fcr k\u00fchlere Wetterbedingungen. Die Jacke ist wind- und wasserdicht und verf\u00fcgt \u00fcber versiegelte N\u00e4hte. Aufgedruckte reflektierende Details an den Schultern sorgen auch von oben f\u00fcr gute Sichtbarkeit. Sie ist mit Druckkn\u00f6pfen zum Anbringen einer separat erh\u00e4ltlichen Warnschutzkapuze (Modelle 2165, 2166 oder 2175) vorbereitet.Auch [&hellip;]<\/p>\n","protected":false},"featured_media":666961,"template":"","meta":[],"product_brand":[],"product_cat":[4186],"product_tag":[],"class_list":{"0":"post-666938","1":"product","2":"type-product","3":"status-publish","4":"has-post-thumbnail","6":"product_cat-jacken","7":"pa_brand-blaklaeder","8":"pa_brand-type-workwear","9":"pa_filter-color-blau","10":"pa_filter-color-gelb","11":"pa_filter-color-orange","12":"pa_filter-color-rot","13":"pa_filter-color-schwarz","15":"first","16":"instock","17":"sale","18":"taxable","19":"shipping-taxable","20":"purchasable","21":"product-type-variable","22":"add-to-wishlist-before_image"},"exclude_global_add_ons":[],"addons":[],"acf":[],"_links":{"self":[{"href":"https:\/\/shop.kustom.ch\/fr\/wp-json\/wp\/v2\/product\/666938"}],"collection":[{"href":"https:\/\/shop.kustom.ch\/fr\/wp-json\/wp\/v2\/product"}],"about":[{"href":"https:\/\/shop.kustom.ch\/fr\/wp-json\/wp\/v2\/types\/product"}],"wp:featuredmedia":[{"embeddable":true,"href":"https:\/\/shop.kustom.ch\/fr\/wp-json\/wp\/v2\/media\/666961"}],"wp:attachment":[{"href":"https:\/\/shop.kustom.ch\/fr\/wp-json\/wp\/v2\/media?parent=666938"}],"wp:term":[{"taxonomy":"product_brand","embeddable":true,"href":"https:\/\/shop.kustom.ch\/fr\/wp-json\/wp\/v2\/product_brand?post=666938"},{"taxonomy":"product_cat","embeddable":true,"href":"https:\/\/shop.kustom.ch\/fr\/wp-json\/wp\/v2\/product_cat?post=666938"},{"taxonomy":"product_tag","embeddable":true,"href":"https:\/\/shop.kustom.ch\/fr\/wp-json\/wp\/v2\/product_tag?post=666938"}],"curies":[{"name":"wp","href":"https:\/\/api.w.org\/{rel}","templated":true}]}}