{"id":666892,"date":"2025-04-29T19:38:06","date_gmt":"2025-04-29T18:38:06","guid":{"rendered":"https:\/\/shop.kustom.ch\/?post_type=product&#038;p=666892"},"modified":"2026-03-31T09:03:12","modified_gmt":"2026-03-31T08:03:12","slug":"leichte-gefuetterte-damen-winterjacke-softshell","status":"publish","type":"product","link":"https:\/\/shop.kustom.ch\/fr\/produit\/leichte-gefuetterte-damen-winterjacke-softshell\/","title":{"rendered":"Veste d'hiver doubl\u00e9e l\u00e9g\u00e8re pour femmes Softshell"},"content":{"rendered":"<p>Une veste d'automne et d'hiver l\u00e9g\u00e8re et doubl\u00e9e, parfaite pour les conditions m\u00e9t\u00e9orologiques plus fra\u00eeches. Elle dispose d'une capuche amovible et r\u00e9glable et est con\u00e7ue pour offrir une libert\u00e9 de mouvement maximale. Elle est fabriqu\u00e9e dans un mat\u00e9riau extensible, coupe-vent et imperm\u00e9able. D\u00e9tails r\u00e9fl\u00e9chissants de couleur sombre sur les \u00e9paules et le dos.Disponible \u00e9galement en mod\u00e8le 4750 pour hommes.<\/p>\n<p>FONCTIONNALIT\u00c9 : coupe-vent &amp; imperm\u00e9able, coutures non scell\u00e9es, respirant. Coupe-vent avec une bonne respirabilit\u00e9. D\u00c9TAILS : capuche amovible et r\u00e9glable avec doublure en mesh. Boutons-pression en m\u00e9tal. Col haut. POCHES : Poche de poitrine avec fermeture \u00e0 glissi\u00e8re. Poches int\u00e9rieures. Poches avant avec fermetures \u00e0 glissi\u00e8re. FERMETURE FRONTALE : Fermeture \u00e0 glissi\u00e8re en plastique. Fermeture \u00e0 glissi\u00e8re \u00e0 l'avant avec protection du menton en polaire. REFLEX : Mat\u00e9riau r\u00e9fl\u00e9chissant \u00e0 l'arri\u00e8re. Bandes r\u00e9fl\u00e9chissantes sur les \u00e9paules. FERMETURE : Poignets r\u00e9glables avec fermeture velcro. Dos rallong\u00e9. Taille r\u00e9glable avec cordon de serrage. INSTRUCTIONS DE LAVAGE : 40\u00b0 C. Ne pas blanchir. Ne pas repasser. Ne pas nettoyer \u00e0 sec. Ne pas essorer. ACTIVIT\u00c9S PRINCIPALES : Conducteur. Travailleur de jardin. Travailleur manuel. Installateur de mat\u00e9riel \u00e9lectrique. Agent de nettoyage. EN 342. TISSU : Femmes. Disponible pour femmes et hommes. bleu. Jaune haute visibilit\u00e9. noir. Respirabilit\u00e9 de la peau. Stretch. d\u00e9perlant. coupe-vent. Stretch. Vent \/ humidit\u00e9 \/ froid. CERTIFICATION : Certifi\u00e9e EN 342 lorsqu'elle est utilis\u00e9e avec l'art 7177.<\/p>\n<p>92% polyester, 8% \u00e9lasthanne, softshell 3 couches, imperm\u00e9able 11.000 mm, coupe-vent, respirant Ret 20,0, stretch, 265 g\/m<\/p>","protected":false},"excerpt":{"rendered":"<p>Eine leichte, gef\u00fctterte Herbst- und Winterjacke, die sich perfekt f\u00fcr k\u00fchlere Wetterbedingungen eignet. Sie verf\u00fcgt \u00fcber eine abnehmbare und verstellbare Kapuze und ist so konzipiert, dass sie maximale Bewegungsfreiheit bietet. Sie ist aus einem dehnbaren, wind- und wasserdichten Material gefertigt. Dunkle, reflektierende Details an den Schultern und am R\u00fccken.Auch als Herrenmodell 4750 erh\u00e4ltlich. FUNKTIONALIT\u00c4T: Wind- [&hellip;]<\/p>\n","protected":false},"featured_media":666928,"template":"","meta":[],"product_brand":[],"product_cat":[4186],"product_tag":[],"class_list":{"0":"post-666892","1":"product","2":"type-product","3":"status-publish","4":"has-post-thumbnail","6":"product_cat-jacken","7":"pa_brand-blaklaeder","8":"pa_brand-type-workwear","9":"pa_filter-color-blau","10":"pa_filter-color-gelb","11":"pa_filter-color-rot","12":"pa_filter-color-schwarz","14":"first","15":"instock","16":"sale","17":"taxable","18":"shipping-taxable","19":"purchasable","20":"product-type-variable","21":"add-to-wishlist-before_image"},"exclude_global_add_ons":[],"addons":[],"acf":[],"_links":{"self":[{"href":"https:\/\/shop.kustom.ch\/fr\/wp-json\/wp\/v2\/product\/666892"}],"collection":[{"href":"https:\/\/shop.kustom.ch\/fr\/wp-json\/wp\/v2\/product"}],"about":[{"href":"https:\/\/shop.kustom.ch\/fr\/wp-json\/wp\/v2\/types\/product"}],"wp:featuredmedia":[{"embeddable":true,"href":"https:\/\/shop.kustom.ch\/fr\/wp-json\/wp\/v2\/media\/666928"}],"wp:attachment":[{"href":"https:\/\/shop.kustom.ch\/fr\/wp-json\/wp\/v2\/media?parent=666892"}],"wp:term":[{"taxonomy":"product_brand","embeddable":true,"href":"https:\/\/shop.kustom.ch\/fr\/wp-json\/wp\/v2\/product_brand?post=666892"},{"taxonomy":"product_cat","embeddable":true,"href":"https:\/\/shop.kustom.ch\/fr\/wp-json\/wp\/v2\/product_cat?post=666892"},{"taxonomy":"product_tag","embeddable":true,"href":"https:\/\/shop.kustom.ch\/fr\/wp-json\/wp\/v2\/product_tag?post=666892"}],"curies":[{"name":"wp","href":"https:\/\/api.w.org\/{rel}","templated":true}]}}