{"id":666805,"date":"2025-04-29T19:37:06","date_gmt":"2025-04-29T18:37:06","guid":{"rendered":"https:\/\/shop.kustom.ch\/?post_type=product&#038;p=666805"},"modified":"2026-03-31T09:02:49","modified_gmt":"2026-03-31T08:02:49","slug":"striker-fleeceweste","status":"publish","type":"product","link":"https:\/\/shop.kustom.ch\/fr\/produit\/striker-fleeceweste\/","title":{"rendered":"Gilet polaire STRIKER"},"content":{"rendered":"<p>Un gilet en polaire qui convient parfaitement comme deuxi\u00e8me couche. L'int\u00e9rieur du tissu est dot\u00e9 d'une structure grillag\u00e9e qui cr\u00e9e la combinaison parfaite entre isolation, ventilation et gestion efficace de l'humidit\u00e9. Le gilet a une coupe confortable et pr\u00e8s du corps. \u00c9galement disponible en mod\u00e8le 4746 pour femme.Tissu stretch 4 directions r\u00e9sistant et pr\u00e8s du corpsExcellente isolation et \u00e9vacuation de l'humidit\u00e9Deux poches lat\u00e9rales<\/p>\n<p>FONCTIONNALIT\u00c9 : Coupe slim. D\u00c9TAILS : Col haut. Broderie Bl\u00e5kl\u00e4der \u00e0 l'arri\u00e8re. POCHES : Poches avant, dont une avec anneau en D. Poches avant avec fermetures \u00e0 glissi\u00e8re. FERMETURE AVANT : Fermeture \u00e0 glissi\u00e8re en plastique. Patte \u00e0 vent \u00e0 l'int\u00e9rieur. INSTRUCTIONS DE LAVAGE : 40\u00b0 C. Ne pas blanchir. Ne pas repasser. Ne pas nettoyer \u00e0 sec. Ne pas essorer. ACTIVIT\u00c9S PRINCIPALES : Couvreur. Conducteur . P\u00eacheur. Travailleur dans le jardin. Travailleur manuel. Travailleur dans un entrep\u00f4t. Peintre en b\u00e2timent. Agent de nettoyage. Personnel de service. TISSU : Disponible pour femmes et hommes. Hommes. bleu. vert. Vent \/ humidit\u00e9 \/ froid<\/p>\n<p>95% polyester, 5% \u00e9lasthanne, non-tiss\u00e9 en grille, 265g\/m<\/p>","protected":false},"excerpt":{"rendered":"<p>Eine Fleeceweste, die sich perfekt als zweite Lage eignet. Die Innenseite des Materials ist mit einer Gitterstruktur versehen, die die perfekte Kombination aus Isolierung, Bel\u00fcftung und effizientem Feuchtigkeitsmanagement schafft. Die Weste hat eine gem\u00fctliche, k\u00f6rpernahe Passform. Auch als Damenmodell 4746 erh\u00e4ltlich.Strapazierf\u00e4higes, k\u00f6rperbetontes 4-Wege-StretchmaterialAusgezeichnete Isolierung und FeuchtigkeitstransportZwei Seitentaschen FUNKTIONALIT\u00c4T: Slim Fit. DETAILS: Hoher Kragen. Bl\u00e5kl\u00e4der-Stick hinten. [&hellip;]<\/p>\n","protected":false},"featured_media":666838,"template":"","meta":[],"product_brand":[],"product_cat":[4208],"product_tag":[],"class_list":{"0":"post-666805","1":"product","2":"type-product","3":"status-publish","4":"has-post-thumbnail","6":"product_cat-westen","7":"pa_brand-blaklaeder","8":"pa_brand-type-workwear","9":"pa_filter-color-blau","10":"pa_filter-color-gruen","11":"pa_filter-color-schwarz","13":"first","14":"instock","15":"sale","16":"taxable","17":"shipping-taxable","18":"purchasable","19":"product-type-variable","20":"add-to-wishlist-before_image"},"exclude_global_add_ons":[],"addons":[],"acf":[],"_links":{"self":[{"href":"https:\/\/shop.kustom.ch\/fr\/wp-json\/wp\/v2\/product\/666805"}],"collection":[{"href":"https:\/\/shop.kustom.ch\/fr\/wp-json\/wp\/v2\/product"}],"about":[{"href":"https:\/\/shop.kustom.ch\/fr\/wp-json\/wp\/v2\/types\/product"}],"wp:featuredmedia":[{"embeddable":true,"href":"https:\/\/shop.kustom.ch\/fr\/wp-json\/wp\/v2\/media\/666838"}],"wp:attachment":[{"href":"https:\/\/shop.kustom.ch\/fr\/wp-json\/wp\/v2\/media?parent=666805"}],"wp:term":[{"taxonomy":"product_brand","embeddable":true,"href":"https:\/\/shop.kustom.ch\/fr\/wp-json\/wp\/v2\/product_brand?post=666805"},{"taxonomy":"product_cat","embeddable":true,"href":"https:\/\/shop.kustom.ch\/fr\/wp-json\/wp\/v2\/product_cat?post=666805"},{"taxonomy":"product_tag","embeddable":true,"href":"https:\/\/shop.kustom.ch\/fr\/wp-json\/wp\/v2\/product_tag?post=666805"}],"curies":[{"name":"wp","href":"https:\/\/api.w.org\/{rel}","templated":true}]}}