{"id":666804,"date":"2025-04-29T19:37:06","date_gmt":"2025-04-29T18:37:06","guid":{"rendered":"https:\/\/shop.kustom.ch\/?post_type=product&#038;p=666804"},"modified":"2026-03-31T09:02:27","modified_gmt":"2026-03-31T08:02:27","slug":"damen-microfleece-jacke-4","status":"publish","type":"product","link":"https:\/\/shop.kustom.ch\/fr\/produit\/damen-microfleece-jacke-4\/","title":{"rendered":"Veste en micropolaire pour femmes"},"content":{"rendered":"<p>Une veste chaude et confortable, id\u00e9ale comme couche interm\u00e9diaire. Elle est fabriqu\u00e9e en micropolaire bross\u00e9 des deux c\u00f4t\u00e9s, ce qui la rend particuli\u00e8rement douce au toucher. La veste a une coupe pr\u00e8s du corps et du mesh sous les aisselles pour une meilleure a\u00e9ration.\u00c9galement disponible en mod\u00e8le homme 4721.<\/p>\n<p>FONCTIONNALIT\u00c9 : Insert en maille sur l'emmanchure. Coupe slim. POCHES : Poches avant avec fermetures \u00e0 glissi\u00e8re. FERMETURE FRONTALE : Fermeture \u00e0 glissi\u00e8re plastique \u00e0 double sens. Patte \u00e0 vent \u00e0 l'int\u00e9rieur. FERMETURE : Dos rallong\u00e9. INSTRUCTIONS DE LAVAGE : 40\u00b0 C. Ne pas blanchir. Ne pas repasser. Ne pas nettoyer \u00e0 sec. Ne pas essorer. TRAVAIL PRINCIPAL : Poseur de sols. Couvreur de toitures. Chauffeur. P\u00eacheur. Travailleur de jardin. Travailleur manuel. B\u00fbcheron. Installateur de mat\u00e9riel. Ouvrier de stockage. Ma\u00e7on \/ carreleur. M\u00e9canicien de chantier. Agent de nettoyage. Employ\u00e9 de service. Ferblantier. TISSU : Femme. Disponible pour femmes et hommes. bleu. noir. Vent \/ humidit\u00e9 \/ froid<\/p>\n<p>100 % polyester, micropolaire, anti-boulochage, 170 g\/m<\/p>","protected":false},"excerpt":{"rendered":"<p>Eine warme und bequeme Jacke, die sich ideal als Zwischenschicht eignet. Sie besteht aus Microfleece, das auf beiden Seiten geb\u00fcrstet ist und sich dadurch besonders weich anf\u00fchlt. Die Jacke hat eine k\u00f6rpernahe Passform und Mesh in den Achselh\u00f6hlen f\u00fcr bessere Bel\u00fcftung.Auch als Herrenmodell 4721 erh\u00e4ltlich. FUNKTIONALIT\u00c4T: Mesh-Einsatz am Armausschnitt. Slim Fit. TASCHEN: Vordertaschen mit Reissverschl\u00fcssen. [&hellip;]<\/p>\n","protected":false},"featured_media":666820,"template":"","meta":[],"product_brand":[],"product_cat":[4186],"product_tag":[],"class_list":{"0":"post-666804","1":"product","2":"type-product","3":"status-publish","4":"has-post-thumbnail","6":"product_cat-jacken","7":"pa_brand-blaklaeder","8":"pa_brand-type-workwear","9":"pa_filter-color-blau","10":"pa_filter-color-schwarz","12":"first","13":"instock","14":"sale","15":"taxable","16":"shipping-taxable","17":"purchasable","18":"product-type-variable","19":"add-to-wishlist-before_image"},"exclude_global_add_ons":[],"addons":[],"acf":[],"_links":{"self":[{"href":"https:\/\/shop.kustom.ch\/fr\/wp-json\/wp\/v2\/product\/666804"}],"collection":[{"href":"https:\/\/shop.kustom.ch\/fr\/wp-json\/wp\/v2\/product"}],"about":[{"href":"https:\/\/shop.kustom.ch\/fr\/wp-json\/wp\/v2\/types\/product"}],"wp:featuredmedia":[{"embeddable":true,"href":"https:\/\/shop.kustom.ch\/fr\/wp-json\/wp\/v2\/media\/666820"}],"wp:attachment":[{"href":"https:\/\/shop.kustom.ch\/fr\/wp-json\/wp\/v2\/media?parent=666804"}],"wp:term":[{"taxonomy":"product_brand","embeddable":true,"href":"https:\/\/shop.kustom.ch\/fr\/wp-json\/wp\/v2\/product_brand?post=666804"},{"taxonomy":"product_cat","embeddable":true,"href":"https:\/\/shop.kustom.ch\/fr\/wp-json\/wp\/v2\/product_cat?post=666804"},{"taxonomy":"product_tag","embeddable":true,"href":"https:\/\/shop.kustom.ch\/fr\/wp-json\/wp\/v2\/product_tag?post=666804"}],"curies":[{"name":"wp","href":"https:\/\/api.w.org\/{rel}","templated":true}]}}