{"id":666761,"date":"2025-04-29T19:36:34","date_gmt":"2025-04-29T18:36:34","guid":{"rendered":"https:\/\/shop.kustom.ch\/?post_type=product&#038;p=666761"},"modified":"2026-03-31T09:02:27","modified_gmt":"2026-03-31T08:02:27","slug":"microfleece-jacke-5","status":"publish","type":"product","link":"https:\/\/shop.kustom.ch\/fr\/produit\/microfleece-jacke-5\/","title":{"rendered":"Veste en micropolaire"},"content":{"rendered":"<p>Une veste chaude et confortable, id\u00e9ale comme couche interm\u00e9diaire de v\u00eatement. Elle est fabriqu\u00e9e en micropolaire bross\u00e9 des deux c\u00f4t\u00e9s pour une sensation de douceur. La veste a une coupe pr\u00e8s du corps et du mesh sous les aisselles pour une meilleure a\u00e9ration.Disponible \u00e9galement en mod\u00e8le femme 4722.<\/p>\n<p>FONCTIONNALIT\u00c9 : Insert en maille sur l'emmanchure. Coupe slim. POCHES : Poches avant avec fermetures \u00e0 glissi\u00e8re. FERMETURE AVANT : Fermeture \u00e0 glissi\u00e8re en plastique. Patte \u00e0 vent \u00e0 l'int\u00e9rieur. FERMETURE : Dos rallong\u00e9. INSTRUCTIONS DE LAVAGE : 40\u00b0 C. Ne pas blanchir. Ne pas repasser. Ne pas nettoyer \u00e0 sec. Ne pas essorer. TRAVAIL PRINCIPAL : Poseur de sols. Couvreur de toitures. Chauffeur. P\u00eacheur. Travailleur de jardin. Travailleur manuel. B\u00fbcheron. Installateur de mat\u00e9riel. Ouvrier de stockage. Ma\u00e7on \/ carreleur. M\u00e9canicien de chantier. Agent de nettoyage. Employ\u00e9 de service. Plombier. TISSU : Disponible pour les femmes et les hommes. Hommes. bleu. gris. vert. noir. Vent \/ humidit\u00e9 \/ froid<\/p>\n<p>100 % polyester, micropolaire, anti-boulochage, 170 g\/m<\/p>","protected":false},"excerpt":{"rendered":"<p>Eine warme und bequeme Jacke, die sich ideal als mittlere Bekleidungsschicht eignet. Sie besteht aus beidseitig geb\u00fcrstetem Microfleece f\u00fcr ein besonders weiches Tragegef\u00fchl. Die Jacke hat eine k\u00f6rpernahe Passform und Mesh in den Achselh\u00f6hlen f\u00fcr bessere Bel\u00fcftung.Auch als Damenmodell 4722 erh\u00e4ltlich. FUNKTIONALIT\u00c4T: Mesh-Einsatz am Armausschnitt. Slim Fit. TASCHEN: Vordertaschen mit Reissverschl\u00fcssen. FRONTVERSCHLUSS: Reissverschluss aus Kunststoff. [&hellip;]<\/p>\n","protected":false},"featured_media":666796,"template":"","meta":[],"product_brand":[],"product_cat":[4186],"product_tag":[],"class_list":{"0":"post-666761","1":"product","2":"type-product","3":"status-publish","4":"has-post-thumbnail","6":"product_cat-jacken","7":"pa_brand-blaklaeder","8":"pa_brand-type-workwear","9":"pa_filter-color-blau","10":"pa_filter-color-grau","11":"pa_filter-color-schwarz","13":"first","14":"instock","15":"sale","16":"taxable","17":"shipping-taxable","18":"purchasable","19":"product-type-variable","20":"add-to-wishlist-before_image"},"exclude_global_add_ons":[],"addons":[],"acf":[],"_links":{"self":[{"href":"https:\/\/shop.kustom.ch\/fr\/wp-json\/wp\/v2\/product\/666761"}],"collection":[{"href":"https:\/\/shop.kustom.ch\/fr\/wp-json\/wp\/v2\/product"}],"about":[{"href":"https:\/\/shop.kustom.ch\/fr\/wp-json\/wp\/v2\/types\/product"}],"wp:featuredmedia":[{"embeddable":true,"href":"https:\/\/shop.kustom.ch\/fr\/wp-json\/wp\/v2\/media\/666796"}],"wp:attachment":[{"href":"https:\/\/shop.kustom.ch\/fr\/wp-json\/wp\/v2\/media?parent=666761"}],"wp:term":[{"taxonomy":"product_brand","embeddable":true,"href":"https:\/\/shop.kustom.ch\/fr\/wp-json\/wp\/v2\/product_brand?post=666761"},{"taxonomy":"product_cat","embeddable":true,"href":"https:\/\/shop.kustom.ch\/fr\/wp-json\/wp\/v2\/product_cat?post=666761"},{"taxonomy":"product_tag","embeddable":true,"href":"https:\/\/shop.kustom.ch\/fr\/wp-json\/wp\/v2\/product_tag?post=666761"}],"curies":[{"name":"wp","href":"https:\/\/api.w.org\/{rel}","templated":true}]}}