{"id":666726,"date":"2025-04-29T19:36:07","date_gmt":"2025-04-29T18:36:07","guid":{"rendered":"https:\/\/shop.kustom.ch\/?post_type=product&#038;p=666726"},"modified":"2026-03-31T09:01:58","modified_gmt":"2026-03-31T08:01:58","slug":"flanellhemd-mit-pile-futter","status":"publish","type":"product","link":"https:\/\/shop.kustom.ch\/fr\/produit\/flanellhemd-mit-pile-futter\/","title":{"rendered":"Chemise en flanelle avec doublure Pile"},"content":{"rendered":"<p>Une chemise en flanelle chaude et douillette dans un motif \u00e0 carreaux classique avec doublure Pile. La chemise est fabriqu\u00e9e en flanelle \u00e9paisse et offre une chaleur suppl\u00e9mentaire gr\u00e2ce \u00e0 la doublure en poil, de sorte qu'elle peut \u00e9galement \u00eatre port\u00e9e comme veste. Aussi confortable au travail qu'\u00e0 la maison.<\/p>\n<p>FONCTIONNALIT\u00c9 : Coupe d\u00e9contract\u00e9e. D\u00c9TAILS : Boutons-pression en m\u00e9tal. PORTEFEUILLE : Poche de poitrine avec rabat et boutons-pression cach\u00e9s, une poche avec ouverture pour stylo. FERMETURE FRONTALE : Ferm\u00e9e sur le devant par un bouton-pression. FERMETURE : Finition des manches avec poignet. INSTRUCTIONS DE LAVAGE : 40\u00b0 C. Repassage - moyen. Ne pas blanchir. Ne pas nettoyer \u00e0 sec. Ne pas essorer. CARACTERISTIQUES PRINCIPALES : Conducteur. P\u00eacheur. Travailleur de jardin. Bricoleur de m\u00e9tier. Installateur. TISSU : Hommes. bleu. vert. rouge. noir. Vent \/ humidit\u00e9 \/ froid<\/p>\n<p>100% Coton, serg\u00e9, bross\u00e9 des deux c\u00f4t\u00e9s, 233g\/m<\/p>","protected":false},"excerpt":{"rendered":"<p>Ein warmes und kuscheliges Flanellhemd in klassischem Karomuster mit Pile-Futter. Das Hemd ist aus schwerem Flanell gefertigt und bietet dank des Pile-Futters zus\u00e4tzliche W\u00e4rme, so dass es auch als Jacke getragen werden kann. Gleichermassen bequem bei der Arbeit oder zu Hause. FUNKTIONALIT\u00c4T: Lockere Passform. DETAILS: Metall-Druckkn\u00f6pfe. TASCHEN: Brusttasche mit Patte und verdeckten Druckkn\u00f6pfen, eine Tasche [&hellip;]<\/p>\n","protected":false},"featured_media":666760,"template":"","meta":[],"product_brand":[],"product_cat":[4186],"product_tag":[],"class_list":{"0":"post-666726","1":"product","2":"type-product","3":"status-publish","4":"has-post-thumbnail","6":"product_cat-jacken","7":"pa_brand-blaklaeder","8":"pa_brand-type-workwear","9":"pa_filter-color-gruen","10":"pa_filter-color-rot","11":"pa_filter-color-schwarz","13":"first","14":"instock","15":"sale","16":"taxable","17":"shipping-taxable","18":"purchasable","19":"product-type-variable","20":"add-to-wishlist-before_image"},"exclude_global_add_ons":[],"addons":[],"acf":[],"_links":{"self":[{"href":"https:\/\/shop.kustom.ch\/fr\/wp-json\/wp\/v2\/product\/666726"}],"collection":[{"href":"https:\/\/shop.kustom.ch\/fr\/wp-json\/wp\/v2\/product"}],"about":[{"href":"https:\/\/shop.kustom.ch\/fr\/wp-json\/wp\/v2\/types\/product"}],"wp:featuredmedia":[{"embeddable":true,"href":"https:\/\/shop.kustom.ch\/fr\/wp-json\/wp\/v2\/media\/666760"}],"wp:attachment":[{"href":"https:\/\/shop.kustom.ch\/fr\/wp-json\/wp\/v2\/media?parent=666726"}],"wp:term":[{"taxonomy":"product_brand","embeddable":true,"href":"https:\/\/shop.kustom.ch\/fr\/wp-json\/wp\/v2\/product_brand?post=666726"},{"taxonomy":"product_cat","embeddable":true,"href":"https:\/\/shop.kustom.ch\/fr\/wp-json\/wp\/v2\/product_cat?post=666726"},{"taxonomy":"product_tag","embeddable":true,"href":"https:\/\/shop.kustom.ch\/fr\/wp-json\/wp\/v2\/product_tag?post=666726"}],"curies":[{"name":"wp","href":"https:\/\/api.w.org\/{rel}","templated":true}]}}