{"id":666680,"date":"2025-04-29T19:35:37","date_gmt":"2025-04-29T18:35:37","guid":{"rendered":"https:\/\/shop.kustom.ch\/?post_type=product&#038;p=666680"},"modified":"2026-03-31T09:00:32","modified_gmt":"2026-03-31T08:00:32","slug":"damen-softshell-jacke-inhaerent","status":"publish","type":"product","link":"https:\/\/shop.kustom.ch\/fr\/produit\/damen-softshell-jacke-inhaerent\/","title":{"rendered":"Veste softshell pour femmes Inh\u00e4rent"},"content":{"rendered":"<p>Une veste softshell sans m\u00e9tal ni polyester, fabriqu\u00e9e dans un mat\u00e9riau intrins\u00e8quement ignifuge. La veste r\u00e9sistante \u00e0 l'huile, \u00e0 la salet\u00e9 et \u00e0 l'eau est fabriqu\u00e9e dans un mat\u00e9riau softshell confortable \u00e0 3 couches, qui est imperm\u00e9able au vent et \u00e0 l'eau et pr\u00e9sente une excellente respirabilit\u00e9. L'int\u00e9rieur en polaire offre une sensation douillette et augmente le confort. Un dos rallong\u00e9 contribue au confort g\u00e9n\u00e9ral. La veste est \u00e9quip\u00e9e de deux boucles permettant de fixer des d\u00e9tecteurs de gaz, des oxym\u00e8tres et des microphones, ce qui la rend particuli\u00e8rement adapt\u00e9e aux travaux dans les environnements p\u00e9trochimiques ou dans l'industrie du p\u00e9trole et du gaz.Certifi\u00e9e conforme aux normes EN 1149-5, EN 13034, EN ISO 11611, EN ISO 11612, et EN 61482-2 APC 2. EBT - 33 cal\/cm\u00b2, ELIM - 30 cal\/cm\u00b2.<\/p>\n<p>FONCTIONNALIT\u00c9 : Sans m\u00e9tal. Surface ol\u00e9ofuge, antisalissure et hydrofuge. Imperm\u00e9able au vent et \u00e0 l'eau, coutures non scell\u00e9es, respirant. D\u00c9TAILS : \u00c9tiquettes de certification ext\u00e9rieures. Col haut avec fermeture \u00e9clair cach\u00e9e. Boucles de chaque c\u00f4t\u00e9 de la poitrine pour le d\u00e9tecteur de gaz \/ l'oxyg\u00e9nom\u00e8tre \/ le microphone. POCHES : Poche de poitrine avec fermeture \u00e0 glissi\u00e8re. Poches frontales, dont une avec anneau en D. Poches avant avec fermetures \u00e0 glissi\u00e8re. FERMETURE FRONTALE : Fermeture \u00e0 glissi\u00e8re en plastique renforc\u00e9e et dissimul\u00e9e. REFLEX : bandes r\u00e9fl\u00e9chissantes de transfert. Bande r\u00e9fl\u00e9chissante \u00e0 certains endroits pour une meilleure visibilit\u00e9. FERMETURE : Poignet int\u00e9rieur. Dos rallong\u00e9. INSTRUCTIONS DE LAVAGE : 60\u00b0 C. Ne pas blanchir. Ne pas repasser. Ne pas nettoyer \u00e0 sec. Ne pas essorer. CARACT\u00c9RISTIQUES PRINCIPALES : EN 1149-5. EN 13034. EN 61482-2. EN ISO 11611. EN ISO 11612. TISSU : Hommes. bleu. noir. Sans m\u00e9tal. Protection contre les flammes. CERTIFICATION : EN 1149-5. EN 13034 PB (6). Max. 20 cycles de lavage. EBT - 33 cal\/cm\u00b2. ELIM - 30 cal\/cm\u00b2. EN 61482-2, APC 2. EN ISO 11611 classe 2 , A1+A2. EN ISO 11612 A1,A2, B1,C2,F2<\/p>\n<p>43% modacrylique, 36% coton, 11% polyamide, 6% polyur\u00e9thane, 3% aramide, 1% antistatique, Softshell 3 couches, ignifug\u00e9, antistatique, 490 g\/m<\/p>","protected":false},"excerpt":{"rendered":"<p>Eine metall- und polyesterfreie Softshell-Jacke aus inh\u00e4rent flammhemmendem Material. Die \u00f6l-, schmutz- und wasserabweisende Jacke ist aus komfortablem 3-Lagen-Softshell-Material gefertigt, das wind- und wasserdicht ist und eine hervorragende Atmungsaktivit\u00e4t aufweist. Die Fleece-Innenseite bietet ein kuscheliges Gef\u00fchl und erh\u00f6ht den Komfort. Ein verl\u00e4ngerter R\u00fccken tr\u00e4gt zum Gesamtkomfort bei. Die Jacke ist mit zwei Schlaufen zur Befestigung [&hellip;]<\/p>\n","protected":false},"featured_media":666725,"template":"","meta":[],"product_brand":[],"product_cat":[4186],"product_tag":[],"class_list":{"0":"post-666680","1":"product","2":"type-product","3":"status-publish","4":"has-post-thumbnail","6":"product_cat-jacken","7":"pa_brand-blaklaeder","8":"pa_brand-type-workwear","9":"pa_filter-color-blau","10":"pa_filter-color-schwarz","12":"first","13":"instock","14":"sale","15":"taxable","16":"shipping-taxable","17":"purchasable","18":"product-type-variable","19":"add-to-wishlist-before_image"},"exclude_global_add_ons":[],"addons":[],"acf":[],"_links":{"self":[{"href":"https:\/\/shop.kustom.ch\/fr\/wp-json\/wp\/v2\/product\/666680"}],"collection":[{"href":"https:\/\/shop.kustom.ch\/fr\/wp-json\/wp\/v2\/product"}],"about":[{"href":"https:\/\/shop.kustom.ch\/fr\/wp-json\/wp\/v2\/types\/product"}],"wp:featuredmedia":[{"embeddable":true,"href":"https:\/\/shop.kustom.ch\/fr\/wp-json\/wp\/v2\/media\/666725"}],"wp:attachment":[{"href":"https:\/\/shop.kustom.ch\/fr\/wp-json\/wp\/v2\/media?parent=666680"}],"wp:term":[{"taxonomy":"product_brand","embeddable":true,"href":"https:\/\/shop.kustom.ch\/fr\/wp-json\/wp\/v2\/product_brand?post=666680"},{"taxonomy":"product_cat","embeddable":true,"href":"https:\/\/shop.kustom.ch\/fr\/wp-json\/wp\/v2\/product_cat?post=666680"},{"taxonomy":"product_tag","embeddable":true,"href":"https:\/\/shop.kustom.ch\/fr\/wp-json\/wp\/v2\/product_tag?post=666680"}],"curies":[{"name":"wp","href":"https:\/\/api.w.org\/{rel}","templated":true}]}}