{"id":666633,"date":"2025-04-29T19:35:04","date_gmt":"2025-04-29T18:35:04","guid":{"rendered":"https:\/\/shop.kustom.ch\/?post_type=product&#038;p=666633"},"modified":"2026-03-31T08:57:25","modified_gmt":"2026-03-31T07:57:25","slug":"uv-poloshirt-high-vis-langarm","status":"publish","type":"product","link":"https:\/\/shop.kustom.ch\/fr\/produit\/uv-poloshirt-high-vis-langarm\/","title":{"rendered":"Polo UV haute visibilit\u00e9 \u00e0 manches longues"},"content":{"rendered":"<p>Un polo \u00e0 manches longues en maille fonctionnelle pour tous ceux qui travaillent en plein air et appr\u00e9cient un v\u00eatement qui fonctionne m\u00eame lorsque les temp\u00e9ratures augmentent. Il vous prot\u00e8ge efficacement contre les puissants rayons UV du soleil et dispose d'inserts en maille plac\u00e9s strat\u00e9giquement pour une gestion optimale de l'humidit\u00e9. Des r\u00e9flecteurs de transfert segment\u00e9s assurent une excellente extensibilit\u00e9 et une haute visibilit\u00e9.<\/p>\n<p>FONCTIONNALIT\u00c9 : Inserts en mesh sur les principales zones de transpiration. D\u00c9TAILS : Impression - Bl\u00e5kl\u00e4der. Encolure avec boutons. Col \u00e0 c\u00f4tes. Coutures strat\u00e9giquement plac\u00e9es pour un meilleur confort sous le bras. Empi\u00e8cements pour une \u00e9vacuation optimis\u00e9e de l'humidit\u00e9. FERMETURE FRONTALE : protection contre le vent avec une fixation par bouton. REFLEX : bandes r\u00e9fl\u00e9chissantes de 50 mm de large XS-M. Bandes r\u00e9fl\u00e9chissantes de 60 mm de large L-&gt;. INSTRUCTIONS DE LAVAGE : Nombre de lavages : 50. 40\u00b0 C. Ne pas blanchir. Ne pas repasser. Ne pas nettoyer \u00e0 sec. Ne pas essorer. ACTIVIT\u00c9S PRINCIPALES : Conducteur. Travailleurs manuels. Travailleurs de la route et de la construction. EN 13758-2. EN ISO 20471. RIS-3279-TOM . TISSU : Hommes. Bleu. Jaune haute visibilit\u00e9. Orange haute visibilit\u00e9. Rouge haute visibilit\u00e9. Protection contre les UV. Protection haute visibilit\u00e9. CERTIFICATION : EN 13758-2 UPF 40 +. EN ISO 20471 XS-M classe 2, L -&gt; classe 3. Les v\u00eatements de classe 2 et 3 en orange sont conformes \u00e0 la norme RIS-3279-TOM Issue 2. Groupe de certification C -&gt;L<\/p>\n<p>100% polyester, tricot birdseye, \u00e9vacuation de l'humidit\u00e9, protection UV, 130g\/m<\/p>","protected":false},"excerpt":{"rendered":"<p>Ein langarm, funktionelles Strick-Poloshirt f\u00fcr alle, die im Freien arbeiten und ein Kleidungsst\u00fcck sch\u00e4tzen, das auch bei steigenden Temperaturen funktioniert. Es sch\u00fctzt Sie effektiv vor den starken UV-Strahlen der Sonne und verf\u00fcgt \u00fcber strategisch platzierte Netzeins\u00e4tze f\u00fcr ein optimales Feuchtigkeitsmanagement. Segmentierte Transferreflektoren sorgen f\u00fcr hervorragende Dehnbarkeit und hohe Sichtbarkeit. FUNKTIONALIT\u00c4T: Mesh-Eins\u00e4tze an den wichtigsten Schweisszonen. [&hellip;]<\/p>\n","protected":false},"featured_media":666689,"template":"","meta":[],"product_brand":[],"product_cat":[4193],"product_tag":[],"class_list":{"0":"post-666633","1":"product","2":"type-product","3":"status-publish","4":"has-post-thumbnail","6":"product_cat-polos","7":"pa_brand-blaklaeder","8":"pa_brand-type-workwear","9":"pa_filter-color-blau","10":"pa_filter-color-gelb","11":"pa_filter-color-orange","12":"pa_filter-color-rot","13":"pa_filter-color-schwarz","15":"first","16":"instock","17":"sale","18":"taxable","19":"shipping-taxable","20":"purchasable","21":"product-type-variable","22":"add-to-wishlist-before_image"},"exclude_global_add_ons":[],"addons":[],"acf":[],"_links":{"self":[{"href":"https:\/\/shop.kustom.ch\/fr\/wp-json\/wp\/v2\/product\/666633"}],"collection":[{"href":"https:\/\/shop.kustom.ch\/fr\/wp-json\/wp\/v2\/product"}],"about":[{"href":"https:\/\/shop.kustom.ch\/fr\/wp-json\/wp\/v2\/types\/product"}],"wp:featuredmedia":[{"embeddable":true,"href":"https:\/\/shop.kustom.ch\/fr\/wp-json\/wp\/v2\/media\/666689"}],"wp:attachment":[{"href":"https:\/\/shop.kustom.ch\/fr\/wp-json\/wp\/v2\/media?parent=666633"}],"wp:term":[{"taxonomy":"product_brand","embeddable":true,"href":"https:\/\/shop.kustom.ch\/fr\/wp-json\/wp\/v2\/product_brand?post=666633"},{"taxonomy":"product_cat","embeddable":true,"href":"https:\/\/shop.kustom.ch\/fr\/wp-json\/wp\/v2\/product_cat?post=666633"},{"taxonomy":"product_tag","embeddable":true,"href":"https:\/\/shop.kustom.ch\/fr\/wp-json\/wp\/v2\/product_tag?post=666633"}],"curies":[{"name":"wp","href":"https:\/\/api.w.org\/{rel}","templated":true}]}}