{"id":666632,"date":"2025-04-29T19:35:04","date_gmt":"2025-04-29T18:35:04","guid":{"rendered":"https:\/\/shop.kustom.ch\/?post_type=product&#038;p=666632"},"modified":"2026-03-31T08:53:34","modified_gmt":"2026-03-31T07:53:34","slug":"multinorm-sweatshirt-fuer-damen","status":"publish","type":"product","link":"https:\/\/shop.kustom.ch\/fr\/produit\/multinorm-sweatshirt-fuer-damen\/","title":{"rendered":"Sweat-shirt multi-normes pour femmes"},"content":{"rendered":"<p>Sweat-shirt ignifug\u00e9 au design tr\u00e8s visible. Fabriqu\u00e9 \u00e0 partir d'un tissu inh\u00e9rent avec un int\u00e9rieur bross\u00e9, ce qui le rend doux et confortable \u00e0 porter tout en offrant d'excellentes propri\u00e9t\u00e9s de protection. Avec des r\u00e9flecteurs de transfert segment\u00e9s pour une bonne extensibilit\u00e9 et une bonne respirabilit\u00e9. Certifi\u00e9 selon les normes EN 1149-5, EN ISO 20471, EN ISO 11612 et EN 61482-2. \u00c9galement disponible en mod\u00e8le homme 3088.<\/p>\n<p>FONCTIONNALIT\u00c9 : Champs de couleur fonc\u00e9e dans les zones expos\u00e9es \u00e0 la salet\u00e9. D\u00c9TAILS : \u00c9tiquettes de certification ext\u00e9rieures. Col \u00e0 poignets. Col rond. REFLEX : Bandes r\u00e9fl\u00e9chissantes de transfert ignifuges interrompues. FINITION : Finition des manches avec poignets. Ceinture \u00e0 c\u00f4tes. INSTRUCTIONS DE LAVAGE : 60\u00b0 C. Ne pas blanchir. Ne pas repasser. Ne pas nettoyer \u00e0 sec. Ne pas essorer. CARACT\u00c9RISTIQUES PRINCIPALES : Femmes. EN 1149-5. EN 61482-2. EN ISO 11612. EN ISO 20471. TISSU : Femmes. bleu. Jaune haute visibilit\u00e9. Protection contre les flammes. CERTIFICATION : EN 1149-5. EBT - 13 cal\/cm\u00b2. ELIM - 12 cal\/cm\u00b2. EN 61482-2, APC 1. ISO 11612 A1, B1, C2. Combination certification C M-XL. EN ISO 20471 XS-XL classe 2, XXL -&gt; classe 3 . Max. 50 cycles de lavage. Groupe de certification B -&gt;M<\/p>\n<p>60% modacrylique, 39% coton, 1% fibre antistatique, tricot \u00e9ponge int\u00e9rieur bross\u00e9, ignifug\u00e9, antistatique, 280g\/m<\/p>","protected":false},"excerpt":{"rendered":"<p>Flammhemmendes Sweatshirt in hochsichtbarem Design. Hergestellt aus einem inh\u00e4renten Gewebe mit einer geb\u00fcrsteten Innenseite, wodurch es weich und angenehm zu tragen ist und dennoch hervorragende Schutzeigenschaften bietet. Mit segmentierten Transferreflektoren f\u00fcr gute Dehnbarkeit und Atmungsaktivit\u00e4t. Zertifiziert nach EN 1149-5, EN ISO 20471, EN ISO 11612 und EN 61482-2. Auch als Herrenmodell 3088 erh\u00e4ltlich. FUNKTIONALIT\u00c4T: Dunkle [&hellip;]<\/p>\n","protected":false},"featured_media":666678,"template":"","meta":[],"product_brand":[],"product_cat":[4184],"product_tag":[],"class_list":{"0":"post-666632","1":"product","2":"type-product","3":"status-publish","4":"has-post-thumbnail","6":"product_cat-hoodies-pullover","7":"pa_brand-blaklaeder","8":"pa_brand-type-workwear","9":"pa_filter-color-blau","10":"pa_filter-color-gelb","12":"first","13":"instock","14":"sale","15":"taxable","16":"shipping-taxable","17":"purchasable","18":"product-type-variable","19":"add-to-wishlist-before_image"},"exclude_global_add_ons":[],"addons":[],"acf":[],"_links":{"self":[{"href":"https:\/\/shop.kustom.ch\/fr\/wp-json\/wp\/v2\/product\/666632"}],"collection":[{"href":"https:\/\/shop.kustom.ch\/fr\/wp-json\/wp\/v2\/product"}],"about":[{"href":"https:\/\/shop.kustom.ch\/fr\/wp-json\/wp\/v2\/types\/product"}],"wp:featuredmedia":[{"embeddable":true,"href":"https:\/\/shop.kustom.ch\/fr\/wp-json\/wp\/v2\/media\/666678"}],"wp:attachment":[{"href":"https:\/\/shop.kustom.ch\/fr\/wp-json\/wp\/v2\/media?parent=666632"}],"wp:term":[{"taxonomy":"product_brand","embeddable":true,"href":"https:\/\/shop.kustom.ch\/fr\/wp-json\/wp\/v2\/product_brand?post=666632"},{"taxonomy":"product_cat","embeddable":true,"href":"https:\/\/shop.kustom.ch\/fr\/wp-json\/wp\/v2\/product_cat?post=666632"},{"taxonomy":"product_tag","embeddable":true,"href":"https:\/\/shop.kustom.ch\/fr\/wp-json\/wp\/v2\/product_tag?post=666632"}],"curies":[{"name":"wp","href":"https:\/\/api.w.org\/{rel}","templated":true}]}}