{"id":666581,"date":"2025-04-29T19:34:31","date_gmt":"2025-04-29T18:34:31","guid":{"rendered":"https:\/\/shop.kustom.ch\/?post_type=product&#038;p=666581"},"modified":"2026-03-31T08:48:18","modified_gmt":"2026-03-31T07:48:18","slug":"softshell-weste-high-vis","status":"publish","type":"product","link":"https:\/\/shop.kustom.ch\/fr\/produit\/softshell-weste-high-vis\/","title":{"rendered":"Gilet Softshell haute visibilit\u00e9"},"content":{"rendered":"<p>Un gilet softshell l\u00e9ger qui, gr\u00e2ce \u00e0 son mat\u00e9riau, est extr\u00eamement doux, confortable et flexible. Le gilet est bicolore avec des r\u00e9flecteurs segment\u00e9s et offre une visibilit\u00e9 et une s\u00e9curit\u00e9 optimales lorsqu'il est le plus n\u00e9cessaire. Ce gilet de signalisation \u00e0 la mode combine une sensation de l\u00e9g\u00e8ret\u00e9 et d'extensibilit\u00e9 avec la r\u00e9sistance requise pour les v\u00eatements de travail. Le mat\u00e9riau est imperm\u00e9able au vent et \u00e0 l'eau et respirant.<\/p>\n<p>FONCTIONNALIT\u00c9 : stretch \u00e0 deux sens. Coupe-vent &amp; imperm\u00e9able, coutures non scell\u00e9es, respirant. D\u00c9TAILS : Anneau en D. Col haut. \u00c9paules de couleur contrast\u00e9e. Bonnes surfaces pour les finitions. POCHES : Poche de poitrine avec fermeture \u00e0 glissi\u00e8re et anneau en D. Poches avant avec fermetures \u00e0 glissi\u00e8re. FERMETURE FRONTALE : Fermeture \u00e0 glissi\u00e8re robuste en plastique. REFLEX : D\u00e9tails r\u00e9fl\u00e9chissants. Mat\u00e9riau r\u00e9fl\u00e9chissant \u00e0 l'avant et \u00e0 l'arri\u00e8re. FERMETURE : Dos rallong\u00e9. Taille r\u00e9glable avec cordon de serrage. INSTRUCTIONS DE LAVAGE : Nombre de lavages : 25. 40\u00b0 C. Ne pas blanchir. Ne pas repasser. Ne pas nettoyer \u00e0 sec. Ne pas essorer. ACTIVIT\u00c9S PRINCIPALES : Conducteur. Travailleur de jardin. Travailleur manuel. Installateur de mat\u00e9riel de plomberie. Travailleurs de la route et du b\u00e2timent. EN ISO 20471. TISSU : Hommes. bleu. Jaune haute visibilit\u00e9. Orange haute visibilit\u00e9. Rouge haute visibilit\u00e9. Respirabilit\u00e9. d\u00e9perlant. coupe-vent. Tissu extensible. Protection haute visibilit\u00e9. CERTIFICATION : EN ISO 20471 classe 1 XS, classe 2 S -&gt;. Certification combin\u00e9e D XS. Certification combin\u00e9e A-&gt;S<\/p>\n<p>92% polyester, 8% \u00e9lasthanne, softshell 3 couches, imperm\u00e9able 11.000 mm, coupe-vent, respirant Ret 20,0, stretch, 265 g\/m<\/p>","protected":false},"excerpt":{"rendered":"<p>Eine leichte Softshell-Weste, die dank ihres Materials extrem weich, bequem und flexibel ist. Die Weste ist zweifarbig mit segmentierten Reflektoren und bietet optimale Sichtbarkeit und Sicherheit, wenn sie am meisten gebraucht wird. Diese modische Warnweste kombiniert ein leichtes, dehnbares Tragegef\u00fchl mit der erforderlichen Strapazierf\u00e4higkeit f\u00fcr Arbeitskleidung. Das Material ist wind- und wasserdicht sowie atmungsaktiv. FUNKTIONALIT\u00c4T: [&hellip;]<\/p>\n","protected":false},"featured_media":666619,"template":"","meta":[],"product_brand":[],"product_cat":[4208],"product_tag":[],"class_list":{"0":"post-666581","1":"product","2":"type-product","3":"status-publish","4":"has-post-thumbnail","6":"product_cat-westen","7":"pa_brand-blaklaeder","8":"pa_brand-type-workwear","9":"pa_filter-color-blau","10":"pa_filter-color-gelb","11":"pa_filter-color-orange","12":"pa_filter-color-rot","13":"pa_filter-color-schwarz","15":"first","16":"instock","17":"sale","18":"taxable","19":"shipping-taxable","20":"purchasable","21":"product-type-variable","22":"add-to-wishlist-before_image"},"exclude_global_add_ons":[],"addons":[],"acf":[],"_links":{"self":[{"href":"https:\/\/shop.kustom.ch\/fr\/wp-json\/wp\/v2\/product\/666581"}],"collection":[{"href":"https:\/\/shop.kustom.ch\/fr\/wp-json\/wp\/v2\/product"}],"about":[{"href":"https:\/\/shop.kustom.ch\/fr\/wp-json\/wp\/v2\/types\/product"}],"wp:featuredmedia":[{"embeddable":true,"href":"https:\/\/shop.kustom.ch\/fr\/wp-json\/wp\/v2\/media\/666619"}],"wp:attachment":[{"href":"https:\/\/shop.kustom.ch\/fr\/wp-json\/wp\/v2\/media?parent=666581"}],"wp:term":[{"taxonomy":"product_brand","embeddable":true,"href":"https:\/\/shop.kustom.ch\/fr\/wp-json\/wp\/v2\/product_brand?post=666581"},{"taxonomy":"product_cat","embeddable":true,"href":"https:\/\/shop.kustom.ch\/fr\/wp-json\/wp\/v2\/product_cat?post=666581"},{"taxonomy":"product_tag","embeddable":true,"href":"https:\/\/shop.kustom.ch\/fr\/wp-json\/wp\/v2\/product_tag?post=666581"}],"curies":[{"name":"wp","href":"https:\/\/api.w.org\/{rel}","templated":true}]}}