{"id":666519,"date":"2025-04-29T19:32:31","date_gmt":"2025-04-29T18:32:31","guid":{"rendered":"https:\/\/shop.kustom.ch\/?post_type=product&#038;p=666519"},"modified":"2026-03-31T08:46:05","modified_gmt":"2026-03-31T07:46:05","slug":"praezisionshandschuh-supreme-strong","status":"publish","type":"product","link":"https:\/\/shop.kustom.ch\/fr\/produit\/praezisionshandschuh-supreme-strong\/","title":{"rendered":"Gant de pr\u00e9cision Supreme Strong"},"content":{"rendered":"<p>Un gant de pr\u00e9cision fin, extr\u00eamement bien ajust\u00e9, fabriqu\u00e9 en cuir synth\u00e9tique de haute qualit\u00e9 et dot\u00e9 d'une manchette courte. Malgr\u00e9 la finesse du mat\u00e9riau, le gant offre une grande r\u00e9sistance \u00e0 l'usure. La fonction tactile au dos de l'index permet d'utiliser des \u00e9crans sans avoir \u00e0 retirer le gant. Ce gant confortable est id\u00e9al pour les travaux de pr\u00e9cision dans des domaines d'activit\u00e9 n\u00e9cessitant une grande dext\u00e9rit\u00e9, tels que l'assemblage, la logistique et le transport.Les mod\u00e8les Supreme Strong sont fabriqu\u00e9s en similicuir de qualit\u00e9 sup\u00e9rieure, offrant une excellente dext\u00e9rit\u00e9 et une grande r\u00e9sistance.Ultra fin et parfaitement ajust\u00e9Fonction tactile au dos de l'indexExcellente dext\u00e9rit\u00e9Similicuir de qualit\u00e9 sup\u00e9rieureTaille 6-12<\/p>\n<p>FONCTIONNALIT\u00c9 : Chrome libre. Fonction tactile \u00e0 l'arri\u00e8re de l'index. MAIN : Paume en cuir synth\u00e9tique. Dessus de la main : Polyester. DOIGTS : Extr\u00e9mit\u00e9s des doigts renforc\u00e9es. CONDITIONNEMENT : 3 paires\/bundle. Botte cassable. Livraison par paire. Prix\/paire. 96 paires\/carton. APPLICATIONS : Environnements sales. Travaux de montage. Travaux de pr\u00e9cision. DISPLAY : 1 information utilisateur\/paire. Paper banner on bundle for easier handling. Crochets pour papier avec taille. TISSU : marron. noir. CERTIFICATION : EN 388 (1111X). EPI cat 2<\/p>\n<p>PU, polyester<\/p>","protected":false},"excerpt":{"rendered":"<p>Ein d\u00fcnner Pr\u00e4zisionshandschuh mit extrem guter Passform, gefertigt aus hochwertigem Kunstleder und mit kurzer Stulpe. Trotz seines d\u00fcnnen Materials bietet der Handschuh eine hohe Strapazierf\u00e4higkeit. Die Touch-Funktion auf der R\u00fcckseite des Zeigefingers erm\u00f6glicht die Bedienung von Bildschirmen, ohne den Handschuh ausziehen zu m\u00fcssen. Dieser bequeme Handschuh ist ideal f\u00fcr Pr\u00e4zisionsarbeiten in Arbeitsbereichen, die ein hohes [&hellip;]<\/p>\n","protected":false},"featured_media":666563,"template":"","meta":[],"product_brand":[],"product_cat":[4180],"product_tag":[],"class_list":{"0":"post-666519","1":"product","2":"type-product","3":"status-publish","4":"has-post-thumbnail","6":"product_cat-handschuhe","7":"pa_brand-blaklaeder","8":"pa_brand-type-workwear","9":"pa_filter-color-orange","11":"first","12":"instock","13":"sale","14":"taxable","15":"shipping-taxable","16":"purchasable","17":"product-type-variable","18":"add-to-wishlist-before_image"},"exclude_global_add_ons":[],"addons":[],"acf":[],"_links":{"self":[{"href":"https:\/\/shop.kustom.ch\/fr\/wp-json\/wp\/v2\/product\/666519"}],"collection":[{"href":"https:\/\/shop.kustom.ch\/fr\/wp-json\/wp\/v2\/product"}],"about":[{"href":"https:\/\/shop.kustom.ch\/fr\/wp-json\/wp\/v2\/types\/product"}],"wp:featuredmedia":[{"embeddable":true,"href":"https:\/\/shop.kustom.ch\/fr\/wp-json\/wp\/v2\/media\/666563"}],"wp:attachment":[{"href":"https:\/\/shop.kustom.ch\/fr\/wp-json\/wp\/v2\/media?parent=666519"}],"wp:term":[{"taxonomy":"product_brand","embeddable":true,"href":"https:\/\/shop.kustom.ch\/fr\/wp-json\/wp\/v2\/product_brand?post=666519"},{"taxonomy":"product_cat","embeddable":true,"href":"https:\/\/shop.kustom.ch\/fr\/wp-json\/wp\/v2\/product_cat?post=666519"},{"taxonomy":"product_tag","embeddable":true,"href":"https:\/\/shop.kustom.ch\/fr\/wp-json\/wp\/v2\/product_tag?post=666519"}],"curies":[{"name":"wp","href":"https:\/\/api.w.org\/{rel}","templated":true}]}}