{"id":666516,"date":"2025-04-29T19:32:31","date_gmt":"2025-04-29T18:32:31","guid":{"rendered":"https:\/\/shop.kustom.ch\/?post_type=product&#038;p=666516"},"modified":"2026-03-31T08:40:25","modified_gmt":"2026-03-31T07:40:25","slug":"werkzeugtasche-click-button","status":"publish","type":"product","link":"https:\/\/shop.kustom.ch\/fr\/produit\/werkzeugtasche-click-button\/","title":{"rendered":"Pochette \u00e0 outils Click-Button"},"content":{"rendered":"<p>Une trousse \u00e0 outils con\u00e7ue pour le nouveau syst\u00e8me Click-Button de Bl\u00e5kl\u00e4der et qui peut \u00eatre utilis\u00e9e aussi bien du c\u00f4t\u00e9 droit que du c\u00f4t\u00e9 gauche. Fabriqu\u00e9e en CORDURA\u00ae robuste.<\/p>\n<p>POCHES : Poche \u00e0 outils - spacieuse, avec une boucle \u00e0 outils, 3 petites poches et 2 poches suppl\u00e9mentaires, dont une zipp\u00e9e. Deux fermetures permettent de la fixer \u00e0 la taille en un seul clic. RENFORCEMENT : Poches \u00e0 clous renforc\u00e9es en CORDURA\u00ae. CONDITIONNEMENT : Livr\u00e9 en pack de 1. INSTRUCTIONS DE LAVAGE : 40\u00b0 C. Repassage - bas. Ne pas blanchir. Ne pas nettoyer \u00e0 sec. Ne pas essorer. CARACT\u00c9RISTIQUES PRINCIPALES : Unisexe. TISSU : noir. Poches \u00e0 outils amovibles. Poches \u00e0 outils. Artisanat. Industrie \/ Service. Haute visibilit\u00e9<\/p>\n<p>100% Polyamide, CORDURA\u00ae (fibres de verre)<\/p>","protected":false},"excerpt":{"rendered":"<p>Eine Werkzeugtasche, die f\u00fcr das neue Click-Button System von Bl\u00e5kl\u00e4der entwickelt wurde und sowohl auf der rechten als auch auf der linken Seite verwendet werden kann. Gefertigt aus robustem CORDURA\u00ae. TASCHEN: Werkzeugtasche &#8211; ger\u00e4umig, mit einer Werkzeugschlaufe, 3 kleineren Taschen und 2 zus\u00e4tzlichen Taschen, eine davon mit Reissverschluss. Zwei Verschl\u00fcsse erm\u00f6glichen die Befestigung an der [&hellip;]<\/p>\n","protected":false},"featured_media":666559,"template":"","meta":[],"product_brand":[],"product_cat":[4209],"product_tag":[],"class_list":{"0":"post-666516","1":"product","2":"type-product","3":"status-publish","4":"has-post-thumbnail","6":"product_cat-zubehoer","7":"pa_brand-blaklaeder","8":"pa_brand-type-workwear","9":"pa_filter-color-schwarz","11":"first","12":"instock","13":"sale","14":"taxable","15":"shipping-taxable","16":"purchasable","17":"product-type-variable","18":"add-to-wishlist-before_image"},"exclude_global_add_ons":[],"addons":[],"acf":[],"_links":{"self":[{"href":"https:\/\/shop.kustom.ch\/fr\/wp-json\/wp\/v2\/product\/666516"}],"collection":[{"href":"https:\/\/shop.kustom.ch\/fr\/wp-json\/wp\/v2\/product"}],"about":[{"href":"https:\/\/shop.kustom.ch\/fr\/wp-json\/wp\/v2\/types\/product"}],"wp:featuredmedia":[{"embeddable":true,"href":"https:\/\/shop.kustom.ch\/fr\/wp-json\/wp\/v2\/media\/666559"}],"wp:attachment":[{"href":"https:\/\/shop.kustom.ch\/fr\/wp-json\/wp\/v2\/media?parent=666516"}],"wp:term":[{"taxonomy":"product_brand","embeddable":true,"href":"https:\/\/shop.kustom.ch\/fr\/wp-json\/wp\/v2\/product_brand?post=666516"},{"taxonomy":"product_cat","embeddable":true,"href":"https:\/\/shop.kustom.ch\/fr\/wp-json\/wp\/v2\/product_cat?post=666516"},{"taxonomy":"product_tag","embeddable":true,"href":"https:\/\/shop.kustom.ch\/fr\/wp-json\/wp\/v2\/product_tag?post=666516"}],"curies":[{"name":"wp","href":"https:\/\/api.w.org\/{rel}","templated":true}]}}