{"id":666513,"date":"2025-04-29T19:32:31","date_gmt":"2025-04-29T18:32:31","guid":{"rendered":"https:\/\/shop.kustom.ch\/?post_type=product&#038;p=666513"},"modified":"2026-03-31T08:39:39","modified_gmt":"2026-03-31T07:39:39","slug":"trucker-kappe","status":"publish","type":"product","link":"https:\/\/shop.kustom.ch\/fr\/produit\/trucker-kappe\/","title":{"rendered":"Casquette de camionneur"},"content":{"rendered":"<p>Une casquette trucker de qualit\u00e9 au design classique. Elle dispose de d\u00e9tails int\u00e9rieurs fins, d'une bande de transpiration douce et d'un mesh a\u00e9r\u00e9 - parfait pour les jours chauds. Excellente surface de marquage sur le devant pour les broderies et les impressions par transfert. Fermeture snapback \u00e0 l'arri\u00e8re.<\/p>\n<p>DETAILS : Logo Bl\u00e5kl\u00e4der tiss\u00e9 \u00e0 l'arri\u00e8re. R\u00e9glable avec snapback. Bonnes surfaces pour les finitions. INSTRUCTIONS DE LAVAGE : Lavage \u00e0 la main. Ne pas blanchir. Ne pas repasser. Ne pas nettoyer \u00e0 sec. Ne pas essorer. CARACT\u00c9RISTIQUES PRINCIPALES : Unisexe. MESURES : 57-60 cm<\/p>\n<p>100% Polyester<\/p>","protected":false},"excerpt":{"rendered":"<p>Eine hochwertige Trucker-Kappe im klassischen Design. Sie verf\u00fcgt \u00fcber feine Innendetails, ein weiches Schweissband und bel\u00fcftendes Mesh &#8211; perfekt f\u00fcr warme Tage. Hervorragende Brandingfl\u00e4che auf der Vorderseite f\u00fcr Stickereien und Transferdrucke. Snapback-Verschluss auf der R\u00fcckseite. DETAILS: Gewebtes Bl\u00e5kl\u00e4der Logo hinten. Einstellbar mit Snapback. Gute Oberfl\u00e4chen f\u00fcr Veredelung. WASCHANLEITUNG: Handw\u00e4sche. Nicht bleichen. Nicht b\u00fcgeln. Nicht chemisch [&hellip;]<\/p>\n","protected":false},"featured_media":666538,"template":"","meta":[],"product_brand":[],"product_cat":[4177,4209],"product_tag":[],"class_list":{"0":"post-666513","1":"product","2":"type-product","3":"status-publish","4":"has-post-thumbnail","6":"product_cat-caps-muetzen","7":"product_cat-zubehoer","8":"pa_brand-blaklaeder","9":"pa_brand-type-workwear","10":"pa_filter-color-blau","11":"pa_filter-color-schwarz","12":"pa_filter-color-weiss","14":"first","15":"instock","16":"sale","17":"taxable","18":"shipping-taxable","19":"purchasable","20":"product-type-variable","21":"add-to-wishlist-before_image"},"exclude_global_add_ons":[],"addons":[],"acf":[],"_links":{"self":[{"href":"https:\/\/shop.kustom.ch\/fr\/wp-json\/wp\/v2\/product\/666513"}],"collection":[{"href":"https:\/\/shop.kustom.ch\/fr\/wp-json\/wp\/v2\/product"}],"about":[{"href":"https:\/\/shop.kustom.ch\/fr\/wp-json\/wp\/v2\/types\/product"}],"wp:featuredmedia":[{"embeddable":true,"href":"https:\/\/shop.kustom.ch\/fr\/wp-json\/wp\/v2\/media\/666538"}],"wp:attachment":[{"href":"https:\/\/shop.kustom.ch\/fr\/wp-json\/wp\/v2\/media?parent=666513"}],"wp:term":[{"taxonomy":"product_brand","embeddable":true,"href":"https:\/\/shop.kustom.ch\/fr\/wp-json\/wp\/v2\/product_brand?post=666513"},{"taxonomy":"product_cat","embeddable":true,"href":"https:\/\/shop.kustom.ch\/fr\/wp-json\/wp\/v2\/product_cat?post=666513"},{"taxonomy":"product_tag","embeddable":true,"href":"https:\/\/shop.kustom.ch\/fr\/wp-json\/wp\/v2\/product_tag?post=666513"}],"curies":[{"name":"wp","href":"https:\/\/api.w.org\/{rel}","templated":true}]}}