{"id":666511,"date":"2025-04-29T19:32:31","date_gmt":"2025-04-29T18:32:31","guid":{"rendered":"https:\/\/shop.kustom.ch\/?post_type=product&#038;p=666511"},"modified":"2026-03-31T08:39:38","modified_gmt":"2026-03-31T07:39:38","slug":"kappe-flexible","status":"publish","type":"product","link":"https:\/\/shop.kustom.ch\/fr\/produit\/kappe-flexible\/","title":{"rendered":"Capuchon Flexible"},"content":{"rendered":"<p>Une casquette de qualit\u00e9 sup\u00e9rieure avec un mat\u00e9riau stretch pour une exp\u00e9rience particuli\u00e8rement confortable. Avec des d\u00e9tails fins \u00e0 l'int\u00e9rieur et une bande de transpiration douce pour les jours chauds. Fabriqu\u00e9e en coton doux avec \u00e9lasthanne. Excellentes surfaces de branding tout autour pour les broderies et les impressions par transfert. Fermeture snapback \u00e0 l'arri\u00e8re.<\/p>\n<p>FONCTIONNALIT\u00c9 : Stretch \u00e0 deux sens. D\u00c9TAILS : Logo Bl\u00e5kl\u00e4der tiss\u00e9 \u00e0 l'arri\u00e8re. Autocollant sur la visi\u00e8re. R\u00e9glable avec snapback. Ceinture \u00e9lastique. Bonnes surfaces pour les finitions. INSTRUCTIONS DE LAVAGE : Lavage \u00e0 la main. Ne pas blanchir. Ne pas repasser. Ne pas nettoyer \u00e0 sec. Ne pas essorer. CARACT\u00c9RISTIQUES PRINCIPALES : Unisexe. MESURES : 57-60 cm. SYMBOLES : stretch \u00e0 deux sens<\/p>\n<p>97% coton, 3% \u00e9lasthanne<\/p>","protected":false},"excerpt":{"rendered":"<p>Eine hochwertige Kappe mit Stretchmaterial f\u00fcr ein besonders komfortables Erlebnis. Mit feinen Details im Inneren und einem weichen Schweissband f\u00fcr warme Tage. Hergestellt aus weicher Baumwolle mit Elastan. Hervorragende Brandingfl\u00e4chen rundum f\u00fcr Stickereien und Transferdrucke. Snapback-Verschluss auf der R\u00fcckseite. FUNKTIONALIT\u00c4T: 2-Wege-Stretch. DETAILS: Gewebtes Bl\u00e5kl\u00e4der Logo hinten. Aufkleber am Visier. Einstellbar mit Snapback. Gummibund. Gute Oberfl\u00e4chen [&hellip;]<\/p>\n","protected":false},"featured_media":666523,"template":"","meta":[],"product_brand":[],"product_cat":[4177,4209],"product_tag":[],"class_list":{"0":"post-666511","1":"product","2":"type-product","3":"status-publish","4":"has-post-thumbnail","6":"product_cat-caps-muetzen","7":"product_cat-zubehoer","8":"pa_brand-blaklaeder","9":"pa_brand-type-workwear","10":"pa_filter-color-blau","11":"pa_filter-color-grau","12":"pa_filter-color-schwarz","13":"pa_filter-color-weiss","15":"first","16":"instock","17":"sale","18":"taxable","19":"shipping-taxable","20":"purchasable","21":"product-type-variable","22":"add-to-wishlist-before_image"},"exclude_global_add_ons":[],"addons":[],"acf":[],"_links":{"self":[{"href":"https:\/\/shop.kustom.ch\/fr\/wp-json\/wp\/v2\/product\/666511"}],"collection":[{"href":"https:\/\/shop.kustom.ch\/fr\/wp-json\/wp\/v2\/product"}],"about":[{"href":"https:\/\/shop.kustom.ch\/fr\/wp-json\/wp\/v2\/types\/product"}],"wp:featuredmedia":[{"embeddable":true,"href":"https:\/\/shop.kustom.ch\/fr\/wp-json\/wp\/v2\/media\/666523"}],"wp:attachment":[{"href":"https:\/\/shop.kustom.ch\/fr\/wp-json\/wp\/v2\/media?parent=666511"}],"wp:term":[{"taxonomy":"product_brand","embeddable":true,"href":"https:\/\/shop.kustom.ch\/fr\/wp-json\/wp\/v2\/product_brand?post=666511"},{"taxonomy":"product_cat","embeddable":true,"href":"https:\/\/shop.kustom.ch\/fr\/wp-json\/wp\/v2\/product_cat?post=666511"},{"taxonomy":"product_tag","embeddable":true,"href":"https:\/\/shop.kustom.ch\/fr\/wp-json\/wp\/v2\/product_tag?post=666511"}],"curies":[{"name":"wp","href":"https:\/\/api.w.org\/{rel}","templated":true}]}}