{"id":666247,"date":"2025-04-29T19:29:35","date_gmt":"2025-04-29T18:29:35","guid":{"rendered":"https:\/\/shop.kustom.ch\/?post_type=product&#038;p=666247"},"modified":"2026-03-31T09:11:32","modified_gmt":"2026-03-31T08:11:32","slug":"damen-service-arbeitshose-stretch-3","status":"publish","type":"product","link":"https:\/\/shop.kustom.ch\/fr\/produit\/damen-service-arbeitshose-stretch-3\/","title":{"rendered":"Pantalon de travail de service stretch pour femmes"},"content":{"rendered":"<p>Pantalon de travail moderne en mat\u00e9riau l\u00e9ger mais r\u00e9sistant \u00e0 l'usure, avec fonction de s\u00e9chage rapide - id\u00e9al pour les travaux en int\u00e9rieur ou dans un environnement chaud. Ce mod\u00e8le a une coupe plus \u00e9troite et des genoux pr\u00e9form\u00e9s pour un meilleur confort. Pour une libert\u00e9 de mouvement optimale, nous avons plac\u00e9 des inserts en stretch \u00e0 des endroits soigneusement choisis, comme les hanches, les genoux et l'entrejambe. Le pantalon poss\u00e8de une poche pour stylo et couteau pour gauchers et droitiers, une poche int\u00e9rieure pour t\u00e9l\u00e9phone portable en mesh ainsi qu'un bas de jambe extensible. Produit et \u00e9tiquet\u00e9 selon le standard OEKO-TEX\u00ae MADE IN GREENLe standard OEKO-TEX\u00ae MADE IN GREEN garantit que les textiles et les produits en cuir sont produits de mani\u00e8re durable et socialement responsable, qu'ils sont exempts de substances nocives et qu'ils sont enti\u00e8rement tra\u00e7ables. Cela garantit un produit s\u00fbr et respectueux de l'environnement.En savoir plus sur les labels de durabilit\u00e9 appos\u00e9s sur nos v\u00eatements.<\/p>\n<p>FONCTIONNALIT\u00c9 : Inserts stretch \u00e0 l'entrejambe, aux genoux et au fessier. Jambes de pantalon particuli\u00e8rement ergonomiques. Taille pour femmes. D\u00c9TAILS : fermeture \u00e9clair en plastique \u00e0 l'entrejambe. Anneau en D \u00e0 la taille. \u00c9lastique \u00e0 la taille. POCHES : Poches sur les jambes avec soufflet, fermeture \u00e0 glissi\u00e8re, poche pour stylo et couteau. Poche pour t\u00e9l\u00e9phone portable \u00e0 l'int\u00e9rieur. Poches lat\u00e9rales. Poche m\u00e8tre \u00e0 l'int\u00e9rieur. FERMETURE : Possibilit\u00e9 de rallonger l'ourlet de la jambe, ne s'applique pas aux tailles D. INSTRUCTIONS DE LAVAGE : 40\u00b0 C. Repassage - bas. Ne pas blanchir. Ne pas nettoyer \u00e0 sec. Ne pas essorer. TRAVAUX PRINCIPAUX : Conducteur. Travailleur de jardin. Travailleur de l'entrep\u00f4t. Agent de nettoyage. Employ\u00e9s de service. TISSU : Femmes. Disponible pour femmes et hommes. marron. noir. Facile \u00e0 porter. Insert en stretch. Industrie \/ Service. \u00c9lastique. Unite. USP : coupe normale. Inserts en stretch. Jambes pr\u00e9form\u00e9es<\/p>\n<p>65% polyester, 35% coton, tissage fin , 166g\/m<\/p>","protected":false},"excerpt":{"rendered":"<p>Moderne Service-Arbeitshose aus einem leichtem aber trotzdem abriebfestem Material, mit schnelltrocknender Funktion &#8211; deshalb ist die Bundhose ideal f\u00fcr Arbeiten drinnen oder in warmer Umgebung. Dieses Modell ist enger geschnitten und hat vorgeformte Knie f\u00fcr erh\u00f6hten Tragekomfort. F\u00fcr optimale Bewegungsfreiheit habe wir Stretch-Eins\u00e4tze an sorgf\u00e4ltig ausgew\u00e4hlten Stellen platziert, wie zum Beispiel an den H\u00fcften, Knien [&hellip;]<\/p>\n","protected":false},"featured_media":666261,"template":"","meta":[],"product_brand":[],"product_cat":[4185],"product_tag":[],"class_list":{"0":"post-666247","1":"product","2":"type-product","3":"status-publish","4":"has-post-thumbnail","6":"product_cat-hosen","7":"pa_brand-blaklaeder","8":"pa_brand-type-workwear","9":"pa_filter-color-gruen","10":"pa_filter-color-orange","11":"pa_filter-color-schwarz","13":"first","14":"instock","15":"sale","16":"taxable","17":"shipping-taxable","18":"purchasable","19":"product-type-variable","20":"add-to-wishlist-before_image"},"exclude_global_add_ons":[],"addons":[],"acf":[],"_links":{"self":[{"href":"https:\/\/shop.kustom.ch\/fr\/wp-json\/wp\/v2\/product\/666247"}],"collection":[{"href":"https:\/\/shop.kustom.ch\/fr\/wp-json\/wp\/v2\/product"}],"about":[{"href":"https:\/\/shop.kustom.ch\/fr\/wp-json\/wp\/v2\/types\/product"}],"wp:featuredmedia":[{"embeddable":true,"href":"https:\/\/shop.kustom.ch\/fr\/wp-json\/wp\/v2\/media\/666261"}],"wp:attachment":[{"href":"https:\/\/shop.kustom.ch\/fr\/wp-json\/wp\/v2\/media?parent=666247"}],"wp:term":[{"taxonomy":"product_brand","embeddable":true,"href":"https:\/\/shop.kustom.ch\/fr\/wp-json\/wp\/v2\/product_brand?post=666247"},{"taxonomy":"product_cat","embeddable":true,"href":"https:\/\/shop.kustom.ch\/fr\/wp-json\/wp\/v2\/product_cat?post=666247"},{"taxonomy":"product_tag","embeddable":true,"href":"https:\/\/shop.kustom.ch\/fr\/wp-json\/wp\/v2\/product_tag?post=666247"}],"curies":[{"name":"wp","href":"https:\/\/api.w.org\/{rel}","templated":true}]}}