{"id":666119,"date":"2025-04-29T19:28:43","date_gmt":"2025-04-29T18:28:43","guid":{"rendered":"https:\/\/shop.kustom.ch\/?post_type=product&#038;p=666119"},"modified":"2026-03-31T09:10:11","modified_gmt":"2026-03-31T08:10:11","slug":"damen-handwerkershorts-4-wege-stretch","status":"publish","type":"product","link":"https:\/\/shop.kustom.ch\/fr\/produit\/damen-handwerkershorts-4-wege-stretch\/","title":{"rendered":"Short d'artisanat pour femmes 4-way stretch"},"content":{"rendered":"<p>Pantalon d'artisanat de forme f\u00e9minine, fabriqu\u00e9 dans un mat\u00e9riau stretch 4 directions l\u00e9g\u00e8rement plus fin, qui offre vraiment le confort ultime. Avec poches holster amovibles, poches arri\u00e8re \u00e0 soufflet, poche m\u00e8tre et boucles pour porte-marteau sur les c\u00f4t\u00e9s gauche et droit. \u00c9galement disponible en mod\u00e8le homme 1702.<\/p>\n<p>FONCTIONNALIT\u00c9 : Stretch 4 directions. D\u00c9TAILS : Poche amovible pour carte d'identit\u00e9. Boutons en m\u00e9tal. Porte-couteau avec bouton. Couture \u00e0 l'entrejambe comme double couture. Fermeture \u00e0 glissi\u00e8re en plastique \u00e0 l'entrejambe. Deux passants sur les c\u00f4t\u00e9s avec un bouton pour le porte-marteau. Anneau en D \u00e0 la taille. POCHES : Poches arri\u00e8re renforc\u00e9es par un soufflet. Poches \u00e0 soufflet, poche pour stylo et couteau. Rabat avec bouton magn\u00e9tique cach\u00e9. Poches lat\u00e9rales. Poches \u00e0 outils - amovibles avec porte-outils et une poche suppl\u00e9mentaire avec fermeture \u00e9clair. Poche m\u00e8tre renforc\u00e9e avec porte couteau et poche stylo. RENFORCEMENT : renforts en CORDURA\u00ae sur les poches avant, les poches arri\u00e8re, la poche m\u00e8tre, les poches sur les jambes. INSTRUCTIONS DE LAVAGE : 40\u00b0 C. Ne pas blanchir. Ne pas repasser. Ne pas nettoyer \u00e0 sec. Ne pas essorer. TRAVAIL PRINCIPAL : \u00e9lectricien. Travailleur dans le jardin. Travailleurs manuels. Travailleurs de l'entrep\u00f4t. Plombiers. Femmes . TISSU : Femmes. Bleu. Gris. Noir. Tissu stretch. Sacs \u00e0 outils. Artisanat. Tissu stretch. USP : stretch 4 directions. Poches \u00e0 outils amovibles<\/p>\n<p>92% polyamide, 8% \u00e9lasthanne, double tissage, stretch quadri-directionnel, 230 g\/m<\/p>","protected":false},"excerpt":{"rendered":"<p>Handwerkershorts in Damenpassform aus einem etwas d\u00fcnneren 4-Wege-Stretch-Material, das wirklich den ultimativen Komfort bietet. Mit abnehmbaren Holstertaschen, Ges\u00e4sstaschen mit Balg, Zollstocktasche und Schlaufen f\u00fcr Hammerhalter auf der linken und rechten Seite. Ebenfalls erh\u00e4ltlich als Herrenmodell 1702. FUNKTIONALIT\u00c4T: 4-Wege-Stretch. DETAILS: Abnehmbare Ausweistasche. Metallkn\u00f6pfe. Messerhalter mit Knopf. Schrittnaht als Zweifachnaht. Kunststoff-Reissverschluss im Schritt. Zwei Schlaufen an den [&hellip;]<\/p>\n","protected":false},"featured_media":666153,"template":"","meta":[],"product_brand":[],"product_cat":[4198],"product_tag":[],"class_list":{"0":"post-666119","1":"product","2":"type-product","3":"status-publish","4":"has-post-thumbnail","6":"product_cat-shorts","7":"pa_brand-blaklaeder","8":"pa_brand-type-workwear","9":"pa_filter-color-blau","10":"pa_filter-color-grau","11":"pa_filter-color-schwarz","13":"first","14":"instock","15":"sale","16":"taxable","17":"shipping-taxable","18":"purchasable","19":"product-type-variable","20":"add-to-wishlist-before_image"},"exclude_global_add_ons":[],"addons":[],"acf":[],"_links":{"self":[{"href":"https:\/\/shop.kustom.ch\/fr\/wp-json\/wp\/v2\/product\/666119"}],"collection":[{"href":"https:\/\/shop.kustom.ch\/fr\/wp-json\/wp\/v2\/product"}],"about":[{"href":"https:\/\/shop.kustom.ch\/fr\/wp-json\/wp\/v2\/types\/product"}],"wp:featuredmedia":[{"embeddable":true,"href":"https:\/\/shop.kustom.ch\/fr\/wp-json\/wp\/v2\/media\/666153"}],"wp:attachment":[{"href":"https:\/\/shop.kustom.ch\/fr\/wp-json\/wp\/v2\/media?parent=666119"}],"wp:term":[{"taxonomy":"product_brand","embeddable":true,"href":"https:\/\/shop.kustom.ch\/fr\/wp-json\/wp\/v2\/product_brand?post=666119"},{"taxonomy":"product_cat","embeddable":true,"href":"https:\/\/shop.kustom.ch\/fr\/wp-json\/wp\/v2\/product_cat?post=666119"},{"taxonomy":"product_tag","embeddable":true,"href":"https:\/\/shop.kustom.ch\/fr\/wp-json\/wp\/v2\/product_tag?post=666119"}],"curies":[{"name":"wp","href":"https:\/\/api.w.org\/{rel}","templated":true}]}}