{"id":666001,"date":"2025-04-29T19:27:46","date_gmt":"2025-04-29T18:27:46","guid":{"rendered":"https:\/\/shop.kustom.ch\/?post_type=product&#038;p=666001"},"modified":"2026-03-31T09:03:31","modified_gmt":"2026-03-31T08:03:31","slug":"damen-microfleece-jacke-3","status":"publish","type":"product","link":"https:\/\/shop.kustom.ch\/fr\/produit\/damen-microfleece-jacke-3\/","title":{"rendered":"Veste en micropolaire pour femmes"},"content":{"rendered":"<p>Veste chaude, confortable et tr\u00e8s utile, coupe f\u00e9minine. Fabriqu\u00e9e en micropolaire avec du molleton en grille sur les c\u00f4t\u00e9s. Appartient \u00e0 la famille Unite et offre d'excellentes options d'impression. \u00c9galement disponible en mod\u00e8le pour hommes 4765.<\/p>\n<p>FONCTIONNALIT\u00c9 : Taille femme. Coupe slim. POCHES : Poches avant avec fermetures \u00e0 glissi\u00e8re. FERMETURE FRONTALE : Fermeture \u00e0 glissi\u00e8re plastique \u00e0 double sens. Patte \u00e0 vent \u00e0 l'int\u00e9rieur. FERMETURE : Dos rallong\u00e9. INSTRUCTIONS DE LAVAGE : 40\u00b0 C. Ne pas blanchir. Ne pas repasser. Ne pas nettoyer \u00e0 sec. Ne pas essorer. TRAVAIL PRINCIPAL : Poseur de sols. Couvreur de toitures. Chauffeur. P\u00eacheur. Travailleur de jardin. Travailleur manuel. B\u00fbcheron. Installateur de mat\u00e9riel. Ouvrier de stockage. Ma\u00e7on \/ carreleur. M\u00e9canicien de chantier. Agent de nettoyage. Employ\u00e9 de service. Plombier. Femmes . Disponible pour les femmes et les hommes. TISSU : Femme. Disponible pour dames et hommes. bleu. Jaune haute visibilit\u00e9. Unite . Vent \/ humidit\u00e9 \/ froid<\/p>\n<p>100 % polyester, micropolaire, anti-boulochage, 170 g\/m<\/p>","protected":false},"excerpt":{"rendered":"<p>Warme, bequeme und sehr n\u00fctzliche Jacke in Damenpassform. Hergestellt aus Mikrofleece mit Grid-Fleece an den Seiten. Geh\u00f6rt zur Unite-Familie und bietet hervorragende Optionen f\u00fcr Aufdrucke. Auch erh\u00e4ltlich als Herrenmodell 4765. FUNKTIONALIT\u00c4T: Damengr\u00f6sse. Slim Fit. TASCHEN: Vordertaschen mit Reissverschl\u00fcssen. FRONTVERSCHLUSS: 2-Wege-Reissverschluss aus Kunststoff. Windleiste innen. ABSCHLUSS: Verl\u00e4ngerter R\u00fccken. WASCHANLEITUNG: 40\u00b0 C. Nicht bleichen. Nicht b\u00fcgeln. Nicht [&hellip;]<\/p>\n","protected":false},"featured_media":666045,"template":"","meta":[],"product_brand":[],"product_cat":[4186],"product_tag":[],"class_list":{"0":"post-666001","1":"product","2":"type-product","3":"status-publish","4":"has-post-thumbnail","6":"product_cat-jacken","7":"pa_brand-blaklaeder","8":"pa_brand-type-workwear","9":"pa_filter-color-blau","10":"pa_filter-color-gelb","11":"pa_filter-color-grau","12":"pa_filter-color-rot","13":"pa_filter-color-schwarz","15":"first","16":"instock","17":"sale","18":"taxable","19":"shipping-taxable","20":"purchasable","21":"product-type-variable","22":"add-to-wishlist-before_image"},"exclude_global_add_ons":[],"addons":[],"acf":[],"_links":{"self":[{"href":"https:\/\/shop.kustom.ch\/fr\/wp-json\/wp\/v2\/product\/666001"}],"collection":[{"href":"https:\/\/shop.kustom.ch\/fr\/wp-json\/wp\/v2\/product"}],"about":[{"href":"https:\/\/shop.kustom.ch\/fr\/wp-json\/wp\/v2\/types\/product"}],"wp:featuredmedia":[{"embeddable":true,"href":"https:\/\/shop.kustom.ch\/fr\/wp-json\/wp\/v2\/media\/666045"}],"wp:attachment":[{"href":"https:\/\/shop.kustom.ch\/fr\/wp-json\/wp\/v2\/media?parent=666001"}],"wp:term":[{"taxonomy":"product_brand","embeddable":true,"href":"https:\/\/shop.kustom.ch\/fr\/wp-json\/wp\/v2\/product_brand?post=666001"},{"taxonomy":"product_cat","embeddable":true,"href":"https:\/\/shop.kustom.ch\/fr\/wp-json\/wp\/v2\/product_cat?post=666001"},{"taxonomy":"product_tag","embeddable":true,"href":"https:\/\/shop.kustom.ch\/fr\/wp-json\/wp\/v2\/product_tag?post=666001"}],"curies":[{"name":"wp","href":"https:\/\/api.w.org\/{rel}","templated":true}]}}