{"id":666000,"date":"2025-04-29T19:27:46","date_gmt":"2025-04-29T18:27:46","guid":{"rendered":"https:\/\/shop.kustom.ch\/?post_type=product&#038;p=666000"},"modified":"2026-03-31T08:37:00","modified_gmt":"2026-03-31T07:37:00","slug":"maler-piraten-shorts-mit-stretch","status":"publish","type":"product","link":"https:\/\/shop.kustom.ch\/fr\/produit\/maler-piraten-shorts-mit-stretch\/","title":{"rendered":"Short de pirate peintre avec stretch"},"content":{"rendered":"<p>Pantalon de pirate confortable avec poches \u00e0 outils, poches externes pour genouill\u00e8res et empi\u00e8cements stretch \u00e0 des endroits soigneusement choisis comme l'entrejambe, les genoux et les fesses pour plus de mobilit\u00e9 et de confort. La forte proportion de coton conf\u00e8re au tissu une grande capacit\u00e9 d'absorption. Le pantalon poss\u00e8de plusieurs poches fonctionnelles et des renforts CORDURA\u00ae dans les poches pour les spatules et les clous. \u00c9galement disponible en mod\u00e8le pour femmes 7109.<\/p>\n<p>FONCTIONNALIT\u00c9 : Insert stretch \u00e0 l'entrejambe, aux genoux, aux hanches et aux mollets. Jambes de pantalon de forme particuli\u00e8rement ergonomique. D\u00c9TAILS : fermeture \u00e9clair en plastique \u00e0 l'entrejambe. Anneau en D \u00e0 la taille. POCHES : Poche sur la jambe sp\u00e9cialement con\u00e7ue pour les spatules et les pinceaux. Poches sur la jambe avec soufflet, fermeture \u00e0 glissi\u00e8re, poche pour stylo et couteau. Poches arri\u00e8re. Poche pour t\u00e9l\u00e9phone portable \u00e0 l'int\u00e9rieur. Poches pour genouill\u00e8res. Poches lat\u00e9rales. Poches \u00e0 outils - avec porte-outils adapt\u00e9s aux outils de peintre. RENFORCEMENT : Poches de genouill\u00e8res renforc\u00e9es par du CORDURA\u00ae stretch. Poches \u00e0 outils et poche m\u00e8tre renforc\u00e9es en CORDURA\u00ae. INSTRUCTIONS DE LAVAGE : 40\u00b0 C. Repassage - bas. Ne pas blanchir. Ne pas nettoyer \u00e0 sec. Ne pas essorer. CARACT\u00c9RISTIQUES PRINCIPALES : Peintre. Disponible pour femmes et hommes. Messieurs. EN 14004. TISSU : Disponible pour dames et hommes. Hommes. Noir. Blanc. Poches pour genouill\u00e8res. Peintre. Tissu stretch. USP : Poches \u00e0 outils renforc\u00e9es en CORDURA\u00ae. Poches genouill\u00e8res en CORDURA\u00ae stretch renforc\u00e9. Empi\u00e8cements en stretch. Jambes pr\u00e9form\u00e9es. CERTIFICATION : EN 14404:2004+A1:2010 avec genouill\u00e8res 4027, 4057, 4058 et 4032.<\/p>\n<p>100% Coton, toile, 270 g\/m<\/p>","protected":false},"excerpt":{"rendered":"<p>Bequeme Piratenhose mit Werkzeugtaschen, externen Kniepolstertaschen und Stretcheins\u00e4tzen an sorgf\u00e4ltig ausgew\u00e4hlten Stellen wie Schritt, Knien und Ges\u00e4ss f\u00fcr mehr Beweglichkeit und Komfort. Der hohe Baumwollanteil verleiht dem Stoff eine hohe Saugf\u00e4higkeit. Die Hose hat mehrere Funktionstaschen und CORDURA\u00ae-Verst\u00e4rkungen in den Taschen f\u00fcr Spachtel und N\u00e4gel. Auch als Damenmodell 7109 erh\u00e4ltlich. FUNKTIONALIT\u00c4T: Stretch-Einsatz im Schritt, an [&hellip;]<\/p>\n","protected":false},"featured_media":666022,"template":"","meta":[],"product_brand":[],"product_cat":[4198],"product_tag":[],"class_list":{"0":"post-666000","1":"product","2":"type-product","3":"status-publish","4":"has-post-thumbnail","6":"product_cat-shorts","7":"pa_brand-blaklaeder","8":"pa_brand-type-workwear","9":"pa_filter-color-schwarz","10":"pa_filter-color-weiss","12":"first","13":"instock","14":"sale","15":"taxable","16":"shipping-taxable","17":"purchasable","18":"product-type-variable","19":"add-to-wishlist-before_image"},"exclude_global_add_ons":[],"addons":[],"acf":[],"_links":{"self":[{"href":"https:\/\/shop.kustom.ch\/fr\/wp-json\/wp\/v2\/product\/666000"}],"collection":[{"href":"https:\/\/shop.kustom.ch\/fr\/wp-json\/wp\/v2\/product"}],"about":[{"href":"https:\/\/shop.kustom.ch\/fr\/wp-json\/wp\/v2\/types\/product"}],"wp:featuredmedia":[{"embeddable":true,"href":"https:\/\/shop.kustom.ch\/fr\/wp-json\/wp\/v2\/media\/666022"}],"wp:attachment":[{"href":"https:\/\/shop.kustom.ch\/fr\/wp-json\/wp\/v2\/media?parent=666000"}],"wp:term":[{"taxonomy":"product_brand","embeddable":true,"href":"https:\/\/shop.kustom.ch\/fr\/wp-json\/wp\/v2\/product_brand?post=666000"},{"taxonomy":"product_cat","embeddable":true,"href":"https:\/\/shop.kustom.ch\/fr\/wp-json\/wp\/v2\/product_cat?post=666000"},{"taxonomy":"product_tag","embeddable":true,"href":"https:\/\/shop.kustom.ch\/fr\/wp-json\/wp\/v2\/product_tag?post=666000"}],"curies":[{"name":"wp","href":"https:\/\/api.w.org\/{rel}","templated":true}]}}