{"id":665873,"date":"2025-04-29T19:27:03","date_gmt":"2025-04-29T18:27:03","guid":{"rendered":"https:\/\/shop.kustom.ch\/?post_type=product&#038;p=665873"},"modified":"2026-03-31T08:34:33","modified_gmt":"2026-03-31T07:34:33","slug":"handwerker-piraten-shorts-mit-stretch","status":"publish","type":"product","link":"https:\/\/shop.kustom.ch\/fr\/produit\/handwerker-piraten-shorts-mit-stretch\/","title":{"rendered":"Short pirate artisanal avec stretch"},"content":{"rendered":"<p>Pantalon de pirate confortable et l\u00e9ger en tissu stretch \u00e0 2 voies plus fin et avec des inserts en stretch \u00e0 4 voies qui offrent un confort ultime l\u00e0 o\u00f9 il est le plus n\u00e9cessaire. Poches de protection des genoux doubl\u00e9es en CORDURA\u00ae stretch, poches pratiques sur les jambes avec renforts, poche pour m\u00e8tre pliant et boucle pour porte-marteau sur les c\u00f4t\u00e9s gauche et droit.<\/p>\n<p>FONCTIONNALIT\u00c9 : stretch \u00e0 2 voies. Stretch 4 directions. D\u00c9TAILS : Poche amovible pour carte d'identit\u00e9. Boutons en m\u00e9tal. Porte-couteau avec bouton. Fermeture \u00e9clair en plastique \u00e0 l'entrejambe. Large passant \u00e0 l'arri\u00e8re. Deux passants sur les c\u00f4t\u00e9s avec un bouton pour le porte-marteau. Anneau en D \u00e0 la taille. POCHES : Poche sur la jambe avec soufflet et rabat avec fermeture velcro et poche int\u00e9rieure pour t\u00e9l\u00e9phone portable en mesh. Poche sur la jambe avec poche crayon. Poches arri\u00e8re renforc\u00e9es par un soufflet. Poches ext\u00e9rieures pour genouill\u00e8res. Poches lat\u00e9rales. Poches \u00e0 outils - avec porte-outils et poche suppl\u00e9mentaire avec fermeture \u00e9clair. Poche m\u00e8tre renforc\u00e9e avec porte couteau et poche stylo. RENFORCEMENT : Poches de genouill\u00e8res renforc\u00e9es par du CORDURA\u00ae stretch. Poches \u00e0 clous renforc\u00e9es en CORDURA\u00ae. REFLEX : D\u00e9tails r\u00e9fl\u00e9chissants sur la jambe. INSTRUCTIONS DE LAVAGE : 40\u00b0 C. Ne pas blanchir. Ne pas repasser. Ne pas nettoyer \u00e0 sec. Ne pas essorer. TRAVAIL PRINCIPAL : \u00e9lectricien. Travailleur dans le jardin. Travailleurs manuels. Travailleurs de l'entrep\u00f4t. Ferblantier. Hommes . EN 14004. TISSU : Hommes. bleu. gris. noir. Poches pour genouill\u00e8res. Tissu stretch. Poches \u00e0 outils. Artisanat. Tissu stretch. USP : stretch dans les deux sens. Poches \u00e0 outils renforc\u00e9es en CORDURA\u00ae. Poches pour genouill\u00e8res en CORDURA\u00ae stretch renforc\u00e9. D\u00e9tails r\u00e9fl\u00e9chissants. Empi\u00e8cements en stretch. CERTIFICATION : EN 14404:2004+A1:2010 avec genouill\u00e8res 4027, 4057, 4058 et 4032.<\/p>\n<p>63% polyester, 33% coton, 4% \u00e9lastofin, serg\u00e9, stretch, 260 g\/m<\/p>","protected":false},"excerpt":{"rendered":"<p>Bequeme, leichte Piratenhose aus d\u00fcnnerem 2-Wege-Stretch-Material und mit Eins\u00e4tzen aus 4-Wege-Stretch, die ultimativen Komfort dort bieten, wo er am meisten gebraucht wird. Gef\u00fctterte Knieprotektorentaschen mit CORDURA\u00ae-Stretch, praktische Beintaschen mit Verst\u00e4rkung, Zollstocktasche und je einer Schlaufe f\u00fcr Hammerhalter auf der linken und rechten Seite. FUNKTIONALIT\u00c4T: 2-Wege-Stretch. 4-Wege-Stretch. DETAILS: Abnehmbare Ausweistasche. Metallkn\u00f6pfe. Messerhalter mit Knopf. Kunststoff-Reissverschluss im [&hellip;]<\/p>\n","protected":false},"featured_media":665905,"template":"","meta":[],"product_brand":[],"product_cat":[4198],"product_tag":[],"class_list":{"0":"post-665873","1":"product","2":"type-product","3":"status-publish","4":"has-post-thumbnail","6":"product_cat-shorts","7":"pa_brand-blaklaeder","8":"pa_brand-type-workwear","9":"pa_filter-color-blau","10":"pa_filter-color-grau","11":"pa_filter-color-gruen","12":"pa_filter-color-schwarz","14":"first","15":"instock","16":"sale","17":"taxable","18":"shipping-taxable","19":"purchasable","20":"product-type-variable","21":"add-to-wishlist-before_image"},"exclude_global_add_ons":[],"addons":[],"acf":[],"_links":{"self":[{"href":"https:\/\/shop.kustom.ch\/fr\/wp-json\/wp\/v2\/product\/665873"}],"collection":[{"href":"https:\/\/shop.kustom.ch\/fr\/wp-json\/wp\/v2\/product"}],"about":[{"href":"https:\/\/shop.kustom.ch\/fr\/wp-json\/wp\/v2\/types\/product"}],"wp:featuredmedia":[{"embeddable":true,"href":"https:\/\/shop.kustom.ch\/fr\/wp-json\/wp\/v2\/media\/665905"}],"wp:attachment":[{"href":"https:\/\/shop.kustom.ch\/fr\/wp-json\/wp\/v2\/media?parent=665873"}],"wp:term":[{"taxonomy":"product_brand","embeddable":true,"href":"https:\/\/shop.kustom.ch\/fr\/wp-json\/wp\/v2\/product_brand?post=665873"},{"taxonomy":"product_cat","embeddable":true,"href":"https:\/\/shop.kustom.ch\/fr\/wp-json\/wp\/v2\/product_cat?post=665873"},{"taxonomy":"product_tag","embeddable":true,"href":"https:\/\/shop.kustom.ch\/fr\/wp-json\/wp\/v2\/product_tag?post=665873"}],"curies":[{"name":"wp","href":"https:\/\/api.w.org\/{rel}","templated":true}]}}