{"id":665756,"date":"2025-04-29T19:26:10","date_gmt":"2025-04-29T18:26:10","guid":{"rendered":"https:\/\/shop.kustom.ch\/?post_type=product&#038;p=665756"},"modified":"2026-03-31T08:34:15","modified_gmt":"2026-03-31T07:34:15","slug":"handwerker-shorts-mit-stretch-3","status":"publish","type":"product","link":"https:\/\/shop.kustom.ch\/fr\/produit\/handwerker-shorts-mit-stretch-3\/","title":{"rendered":"Short d'artisan avec stretch"},"content":{"rendered":"<p>Confortable et l\u00e9ger, ce short d'artisanat est fabriqu\u00e9 dans un tissu stretch \u00e0 deux sens plus fin, avec des empi\u00e8cements en stretch \u00e0 quatre sens qui offrent un confort ultime l\u00e0 o\u00f9 il est le plus n\u00e9cessaire. Le short est dot\u00e9 de poches \u00e0 clous, de poches renforc\u00e9es pratiques, d'une poche pour m\u00e8tre pliant, de poches frontales et d'une boucle pour porte-marteau sur le c\u00f4t\u00e9 gauche et le c\u00f4t\u00e9 droit. \u00c9galement disponible en mod\u00e8le pour femmes 7133.<\/p>\n<p>FONCTIONNALIT\u00c9 : stretch \u00e0 2 voies. Stretch 4 directions. D\u00c9TAILS : Poche amovible pour carte d'identit\u00e9. Boutons en m\u00e9tal. Porte-couteau avec bouton. Fermeture \u00e9clair en plastique \u00e0 l'entrejambe. Large passant \u00e0 l'arri\u00e8re. Deux passants sur les c\u00f4t\u00e9s avec un bouton pour le porte-marteau. Anneau en D \u00e0 la taille. POCHES : Poche sur la jambe avec soufflet et rabat avec fermeture velcro et poche int\u00e9rieure pour t\u00e9l\u00e9phone portable en mesh. Poche sur la jambe avec poche crayon. Poches arri\u00e8re renforc\u00e9es par un soufflet. Poches lat\u00e9rales. Poches \u00e0 outils - avec porte-outils et poche suppl\u00e9mentaire avec fermeture \u00e9clair. Poche m\u00e8tre renforc\u00e9e avec porte couteau et poche stylo. RENFORCEMENT : poches \u00e0 clous renforc\u00e9es en CORDURA\u00ae. INSTRUCTIONS DE LAVAGE : 40\u00b0 C. Ne pas blanchir. Ne pas repasser. Ne pas nettoyer \u00e0 sec. Ne pas essorer. TRAVAIL PRINCIPAL : \u00e9lectricien. Travailleur dans le jardin. Travailleurs manuels. Travailleurs de l'entrep\u00f4t. Plombier. Disponible pour les femmes et les hommes. Homme . TISSU : Disponible pour femmes et hommes. Hommes. bleu. gris. noir. Tissu stretch. Poches \u00e0 outils. Artisanat. Tissu stretch. USP : stretch \u00e0 2 voies. Poches \u00e0 outils renforc\u00e9es en CORDURA\u00ae. Inserts en stretch<\/p>\n<p>63% polyester, 33% coton, 4% \u00e9lastofin, serg\u00e9, stretch, 260 g\/m<\/p>","protected":false},"excerpt":{"rendered":"<p>Bequeme, leichte Handwerkershorts aus d\u00fcnnerem 2-Wege-Stretch-Material und mit Eins\u00e4tzen aus 4-Wege-Stretch, die ultimativen Komfort dort bieten, wo er am meisten ben\u00f6tigt wird. Die Shorts hat Nageltaschen, praktische Taschen mit Verst\u00e4rkung, Zollstocktasche, Fronttaschen und je eine Schlaufe f\u00fcr Hammerhalter auf der linken und rechten Seite. Auch als Damenmodell 7133 erh\u00e4ltlich. FUNKTIONALIT\u00c4T: 2-Wege-Stretch. 4-Wege-Stretch. DETAILS: Abnehmbare Ausweistasche. [&hellip;]<\/p>\n","protected":false},"featured_media":665783,"template":"","meta":[],"product_brand":[],"product_cat":[4198],"product_tag":[],"class_list":{"0":"post-665756","1":"product","2":"type-product","3":"status-publish","4":"has-post-thumbnail","6":"product_cat-shorts","7":"pa_brand-blaklaeder","8":"pa_brand-type-workwear","9":"pa_filter-color-blau","10":"pa_filter-color-grau","11":"pa_filter-color-gruen","12":"pa_filter-color-schwarz","14":"first","15":"instock","16":"sale","17":"taxable","18":"shipping-taxable","19":"purchasable","20":"product-type-variable","21":"add-to-wishlist-before_image"},"exclude_global_add_ons":[],"addons":[],"acf":[],"_links":{"self":[{"href":"https:\/\/shop.kustom.ch\/fr\/wp-json\/wp\/v2\/product\/665756"}],"collection":[{"href":"https:\/\/shop.kustom.ch\/fr\/wp-json\/wp\/v2\/product"}],"about":[{"href":"https:\/\/shop.kustom.ch\/fr\/wp-json\/wp\/v2\/types\/product"}],"wp:featuredmedia":[{"embeddable":true,"href":"https:\/\/shop.kustom.ch\/fr\/wp-json\/wp\/v2\/media\/665783"}],"wp:attachment":[{"href":"https:\/\/shop.kustom.ch\/fr\/wp-json\/wp\/v2\/media?parent=665756"}],"wp:term":[{"taxonomy":"product_brand","embeddable":true,"href":"https:\/\/shop.kustom.ch\/fr\/wp-json\/wp\/v2\/product_brand?post=665756"},{"taxonomy":"product_cat","embeddable":true,"href":"https:\/\/shop.kustom.ch\/fr\/wp-json\/wp\/v2\/product_cat?post=665756"},{"taxonomy":"product_tag","embeddable":true,"href":"https:\/\/shop.kustom.ch\/fr\/wp-json\/wp\/v2\/product_tag?post=665756"}],"curies":[{"name":"wp","href":"https:\/\/api.w.org\/{rel}","templated":true}]}}