{"id":665305,"date":"2025-04-29T19:23:11","date_gmt":"2025-04-29T18:23:11","guid":{"rendered":"https:\/\/shop.kustom.ch\/?post_type=product&#038;p=665305"},"modified":"2026-03-31T08:33:10","modified_gmt":"2026-03-31T07:33:10","slug":"handwerker-shorts-4-wege-stretch-2","status":"publish","type":"product","link":"https:\/\/shop.kustom.ch\/fr\/produit\/handwerker-shorts-4-wege-stretch-2\/","title":{"rendered":"Short d'artisanat 4-way stretch"},"content":{"rendered":"<p>Short d'artisanat en mat\u00e9riau stretch 4 directions l\u00e9g\u00e8rement plus fin, offrant un confort ultime. Avec poches holster amovibles, poches arri\u00e8re \u00e0 soufflet, une poche m\u00e8tre et une boucle pour porte-marteau sur le c\u00f4t\u00e9 gauche et le c\u00f4t\u00e9 droit. Disponible en mod\u00e8le femme 7124.<\/p>\n<p>FONCTIONNALIT\u00c9 : Stretch 4 directions. D\u00c9TAILS : Poche amovible pour carte d'identit\u00e9. Boutons en m\u00e9tal. Porte-couteau avec bouton. Couture \u00e0 l'entrejambe comme double couture. Fermeture \u00e9clair en plastique \u00e0 l'entrejambe. Large passant \u00e0 l'arri\u00e8re. Deux passants sur les c\u00f4t\u00e9s avec un bouton pour le porte-marteau. Anneau en D \u00e0 la taille. POCHES : Poches arri\u00e8re renforc\u00e9es par un soufflet. Poches \u00e0 soufflet, poche pour stylo et couteau. Rabat avec bouton magn\u00e9tique cach\u00e9. Poches lat\u00e9rales. Poches \u00e0 outils - amovibles avec porte-outils et une poche suppl\u00e9mentaire avec fermeture \u00e9clair. Poche m\u00e8tre renforc\u00e9e avec porte couteau et poche stylo. RENFORCEMENT : renforts en CORDURA\u00ae sur les poches avant, les poches arri\u00e8re, la poche m\u00e8tre, les poches sur les jambes. INSTRUCTIONS DE LAVAGE : 40\u00b0 C. Ne pas blanchir. Ne pas repasser. Ne pas nettoyer \u00e0 sec. Ne pas essorer. TRAVAIL PRINCIPAL : \u00e9lectricien. Travailleur dans le jardin. Travailleurs manuels. Travailleurs de l'entrep\u00f4t. Ferblantier. Disponible pour les femmes et les hommes. Homme . TISSU : Disponible pour femmes et hommes. Hommes. bleu. gris. noir. Tissu stretch. Poches \u00e0 outils. Artisanat. Tissu stretch. USP : stretch 4 directions. Poches \u00e0 outils amovibles<\/p>\n<p>92% polyamide, 8% \u00e9lasthanne, double tissage, stretch quadri-directionnel, 230 g\/m<\/p>","protected":false},"excerpt":{"rendered":"<p>Handwerker Shorts aus einem etwas d\u00fcnneren 4-Wege-Stretchmaterial, die ultimativen Komfort bieten. Mit abnehmbaren Holstertaschen, Ges\u00e4sstaschen mit Balg, einer Zollstocktasche und je einer Schlaufe f\u00fcr Hammerhalter auf der linken und rechten Seite. Erh\u00e4ltlich als Damenmodell 7124. FUNKTIONALIT\u00c4T: 4-Wege-Stretch. DETAILS: Abnehmbare Ausweistasche. Metallkn\u00f6pfe. Messerhalter mit Knopf. Schrittnaht als Zweifachnaht. Kunststoff-Reissverschluss im Schritt. Breite Schlaufe hinten. Zwei Schlaufen [&hellip;]<\/p>\n","protected":false},"featured_media":665339,"template":"","meta":[],"product_brand":[],"product_cat":[4198],"product_tag":[],"class_list":{"0":"post-665305","1":"product","2":"type-product","3":"status-publish","4":"has-post-thumbnail","6":"product_cat-shorts","7":"pa_brand-blaklaeder","8":"pa_brand-type-workwear","9":"pa_filter-color-blau","10":"pa_filter-color-grau","11":"pa_filter-color-schwarz","13":"first","14":"instock","15":"sale","16":"taxable","17":"shipping-taxable","18":"purchasable","19":"product-type-variable","20":"add-to-wishlist-before_image"},"exclude_global_add_ons":[],"addons":[],"acf":[],"_links":{"self":[{"href":"https:\/\/shop.kustom.ch\/fr\/wp-json\/wp\/v2\/product\/665305"}],"collection":[{"href":"https:\/\/shop.kustom.ch\/fr\/wp-json\/wp\/v2\/product"}],"about":[{"href":"https:\/\/shop.kustom.ch\/fr\/wp-json\/wp\/v2\/types\/product"}],"wp:featuredmedia":[{"embeddable":true,"href":"https:\/\/shop.kustom.ch\/fr\/wp-json\/wp\/v2\/media\/665339"}],"wp:attachment":[{"href":"https:\/\/shop.kustom.ch\/fr\/wp-json\/wp\/v2\/media?parent=665305"}],"wp:term":[{"taxonomy":"product_brand","embeddable":true,"href":"https:\/\/shop.kustom.ch\/fr\/wp-json\/wp\/v2\/product_brand?post=665305"},{"taxonomy":"product_cat","embeddable":true,"href":"https:\/\/shop.kustom.ch\/fr\/wp-json\/wp\/v2\/product_cat?post=665305"},{"taxonomy":"product_tag","embeddable":true,"href":"https:\/\/shop.kustom.ch\/fr\/wp-json\/wp\/v2\/product_tag?post=665305"}],"curies":[{"name":"wp","href":"https:\/\/api.w.org\/{rel}","templated":true}]}}