{"id":665304,"date":"2025-04-29T19:23:11","date_gmt":"2025-04-29T18:23:11","guid":{"rendered":"https:\/\/shop.kustom.ch\/?post_type=product&#038;p=665304"},"modified":"2026-03-31T08:58:13","modified_gmt":"2026-03-31T07:58:13","slug":"smarte-waermeweste-fuer-damen","status":"publish","type":"product","link":"https:\/\/shop.kustom.ch\/fr\/produit\/smarte-waermeweste-fuer-damen\/","title":{"rendered":"Gilet thermique intelligent pour femmes"},"content":{"rendered":"<p>Le gilet \u00e9quip\u00e9 de la technologie de chauffage intelligente Clim8\u00ae d\u00e9tecte lorsque la temp\u00e9rature de votre corps baisse et vous r\u00e9chauffe. La technologie int\u00e9gr\u00e9e est personnalisable et fonctionne avec un thermostat et un ordinateur qui mesurent en permanence la temp\u00e9rature du corps et r\u00e9gulent en cons\u00e9quence la chaleur dans le gilet \u00e0 l'aide d'\u00e9l\u00e9ments aliment\u00e9s par des piles. De plus, le gilet est m\u00eame lavable, ce qui fait de ce v\u00eatement de Bl\u00e5kl\u00e4der et Clim8\u00ae un hit innovant ! Batterie et chargeur inclus. \u00c9galement disponible en mod\u00e8le pour hommes 3880. Informations importantes avant le lavage et une \u00e9ventuelle broderie : retirez la batterie avant le lavage et prot\u00e9gez la fiche du gilet en recouvrant la longueur du c\u00e2ble avec la gaine plastique fix\u00e9e au c\u00e2ble. Pour obtenir les meilleurs r\u00e9sultats et ne pas endommager les \u00e9l\u00e9ments chauffants, il est recommand\u00e9 d'appliquer la broderie sur la partie inf\u00e9rieure du dos.<\/p>\n<p>FONCTIONNALIT\u00c9 : Clim8 Intelligent Heating System - 3 \u00e9l\u00e9ments chauffants et un module de commande avec voyant lumineux. Batterie et chargeur inclus. Inserts lat\u00e9raux en mat\u00e9riau Stetch. Alimentation par une batterie rechargeable 7,4V 3000mAh Li-Ion. Haut du corps chaudement doubl\u00e9 \u00e0 l'avant et \u00e0 l'arri\u00e8re. Taille pour les femmes. Coupe normale. POCHES : Poche lat\u00e9rale droite pour la batterie. Poches avant avec fermetures \u00e0 glissi\u00e8re. FERMETURE FRONTALE : Fermeture \u00e9clair plastique \u00e0 double sens. INSTRUCTIONS DE LAVAGE : information importante, avant le lavage, enlever la batterie et couvrir le c\u00e2ble, avec le manchon en plastique fix\u00e9 \u00e0 l'extr\u00e9mit\u00e9 du c\u00e2ble. 40\u00b0 C - doux. S\u00e9cher \u00e0 l'air libre. Ne pas blanchir. Ne pas repasser. Ne pas nettoyer \u00e0 sec. Ne pas essorer. ACTIVIT\u00c9S PRINCIPALES : Conducteur. Travailleur de jardin. Travailleur manuel. Travailleur de l'entrep\u00f4t. Agent de nettoyage. Personnel de service. TISSU : Femme. Disponible pour les femmes et les hommes. noir. Vent \/ humidit\u00e9 \/ froid<\/p>\n<p>91% polyamide, 9% \u00e9lasthanne, ripstop, enduit, d\u00e9perlant, 80 g\/m<\/p>","protected":false},"excerpt":{"rendered":"<p>Die Weste mit der intelligenten Clim8\u00ae Heiztechnologie erkennt, wenn Ihre K\u00f6rpertemperatur f\u00e4llt, und w\u00e4rmt Sie wieder auf. Die integrierte Technologie ist individuell anpassbar und funktioniert mit einem Thermostat und einem Computer, der die K\u00f6rpertemperatur kontinuierlich misst und entsprechend die W\u00e4rme in der Weste mit Hilfe batteriebetriebener Elemente reguliert. Zudem ist die Weste sogar waschbar, was [&hellip;]<\/p>\n","protected":false},"featured_media":665331,"template":"","meta":[],"product_brand":[],"product_cat":[4208],"product_tag":[],"class_list":{"0":"post-665304","1":"product","2":"type-product","3":"status-publish","4":"has-post-thumbnail","6":"product_cat-westen","7":"pa_brand-blaklaeder","8":"pa_brand-type-workwear","9":"pa_filter-color-schwarz","11":"first","12":"instock","13":"sale","14":"taxable","15":"shipping-taxable","16":"purchasable","17":"product-type-variable","18":"add-to-wishlist-before_image"},"exclude_global_add_ons":[],"addons":[],"acf":[],"_links":{"self":[{"href":"https:\/\/shop.kustom.ch\/fr\/wp-json\/wp\/v2\/product\/665304"}],"collection":[{"href":"https:\/\/shop.kustom.ch\/fr\/wp-json\/wp\/v2\/product"}],"about":[{"href":"https:\/\/shop.kustom.ch\/fr\/wp-json\/wp\/v2\/types\/product"}],"wp:featuredmedia":[{"embeddable":true,"href":"https:\/\/shop.kustom.ch\/fr\/wp-json\/wp\/v2\/media\/665331"}],"wp:attachment":[{"href":"https:\/\/shop.kustom.ch\/fr\/wp-json\/wp\/v2\/media?parent=665304"}],"wp:term":[{"taxonomy":"product_brand","embeddable":true,"href":"https:\/\/shop.kustom.ch\/fr\/wp-json\/wp\/v2\/product_brand?post=665304"},{"taxonomy":"product_cat","embeddable":true,"href":"https:\/\/shop.kustom.ch\/fr\/wp-json\/wp\/v2\/product_cat?post=665304"},{"taxonomy":"product_tag","embeddable":true,"href":"https:\/\/shop.kustom.ch\/fr\/wp-json\/wp\/v2\/product_tag?post=665304"}],"curies":[{"name":"wp","href":"https:\/\/api.w.org\/{rel}","templated":true}]}}