{"id":665257,"date":"2025-04-29T19:22:44","date_gmt":"2025-04-29T18:22:44","guid":{"rendered":"https:\/\/shop.kustom.ch\/?post_type=product&#038;p=665257"},"modified":"2026-03-31T08:57:29","modified_gmt":"2026-03-31T07:57:29","slug":"high-vis-langarmshirt-mit-uv-schutz","status":"publish","type":"product","link":"https:\/\/shop.kustom.ch\/fr\/produit\/high-vis-langarmshirt-mit-uv-schutz\/","title":{"rendered":"T-shirt \u00e0 manches longues haute visibilit\u00e9 avec protection UV"},"content":{"rendered":"<p>Si vous travaillez en plein air, vous savez \u00e0 quel point il est important d'avoir de bons v\u00eatements qui fonctionnent m\u00eame lorsque les temp\u00e9ratures sont \u00e9lev\u00e9es. Ce T-shirt fonctionnel \u00e0 manches longues en haute visibilit\u00e9 est dot\u00e9 de r\u00e9flecteurs segment\u00e9s et d'inserts en mesh strat\u00e9giquement plac\u00e9s pour optimiser l'\u00e9vacuation de l'humidit\u00e9.<\/p>\n<p>FONCTIONNALIT\u00c9 : Inserts en mesh sur les principales zones de transpiration. D\u00c9TAILS : Impression - Bl\u00e5kl\u00e4der. Col rond. Coutures strat\u00e9giquement plac\u00e9es pour un meilleur confort sous le bras. Inserts pour une \u00e9vacuation optimis\u00e9e de l'humidit\u00e9. REFLEX : bandes r\u00e9fl\u00e9chissantes de 50 mm de large XS-M. Bandes r\u00e9fl\u00e9chissantes de 60 mm de large L-&gt;. INSTRUCTIONS DE LAVAGE : Nombre de lavages : 50. 40\u00b0 C. Ne pas blanchir. Ne pas repasser. Ne pas nettoyer \u00e0 sec. Ne pas essorer. ACTIVIT\u00c9S PRINCIPALES : Conducteur. Travailleur de jardin. Travailleurs manuels. Travailleurs de la route et de la construction. EN 13758-2. EN ISO 20471. RIS-3279-TOM . TISSU : Hommes. Bleu. Jaune haute visibilit\u00e9. Rouge haute visibilit\u00e9. noir. Protection contre les UV. Protection haute visibilit\u00e9. CERTIFICATION : EN 13758-2 UPF 40 +. EN ISO 20471 XS-M classe 2, L -&gt; classe 3. Les v\u00eatements de classe 2 et 3 en orange sont conformes \u00e0 la norme RIS-3279-TOM Issue 2. Groupe de certification C -&gt;L<\/p>\n<p>100% polyester, tricot birdseye, \u00e9vacuation de l'humidit\u00e9, protection UV, 130g\/m<\/p>","protected":false},"excerpt":{"rendered":"<p>Wenn Sie im Freien arbeiten, wissen Sie, wie wichtig gute Kleidung ist, die auch bei hohen Temperaturen funktioniert. Dieses funktionelle Langarm T-Shirt in High Vis hat segmentierte Reflektoren und strategisch platzierte Mesh-Eins\u00e4tze, die den Feuchtigkeitstransport optimieren. FUNKTIONALIT\u00c4T: Mesh-Eins\u00e4tze an den wichtigsten Schweisszonen. DETAILS: Aufdruck &#8211; Bl\u00e5kl\u00e4der. Rundhals. Strategisch platzierte N\u00e4hte f\u00fcr besseren Komfort unter dem [&hellip;]<\/p>\n","protected":false},"featured_media":665293,"template":"","meta":[],"product_brand":[],"product_cat":[4201],"product_tag":[],"class_list":{"0":"post-665257","1":"product","2":"type-product","3":"status-publish","4":"has-post-thumbnail","6":"product_cat-t-shirts","7":"pa_brand-blaklaeder","8":"pa_brand-type-workwear","9":"pa_filter-color-blau","10":"pa_filter-color-gelb","11":"pa_filter-color-orange","12":"pa_filter-color-rot","13":"pa_filter-color-schwarz","15":"first","16":"instock","17":"sale","18":"taxable","19":"shipping-taxable","20":"purchasable","21":"product-type-variable","22":"add-to-wishlist-before_image"},"exclude_global_add_ons":[],"addons":[],"acf":[],"_links":{"self":[{"href":"https:\/\/shop.kustom.ch\/fr\/wp-json\/wp\/v2\/product\/665257"}],"collection":[{"href":"https:\/\/shop.kustom.ch\/fr\/wp-json\/wp\/v2\/product"}],"about":[{"href":"https:\/\/shop.kustom.ch\/fr\/wp-json\/wp\/v2\/types\/product"}],"wp:featuredmedia":[{"embeddable":true,"href":"https:\/\/shop.kustom.ch\/fr\/wp-json\/wp\/v2\/media\/665293"}],"wp:attachment":[{"href":"https:\/\/shop.kustom.ch\/fr\/wp-json\/wp\/v2\/media?parent=665257"}],"wp:term":[{"taxonomy":"product_brand","embeddable":true,"href":"https:\/\/shop.kustom.ch\/fr\/wp-json\/wp\/v2\/product_brand?post=665257"},{"taxonomy":"product_cat","embeddable":true,"href":"https:\/\/shop.kustom.ch\/fr\/wp-json\/wp\/v2\/product_cat?post=665257"},{"taxonomy":"product_tag","embeddable":true,"href":"https:\/\/shop.kustom.ch\/fr\/wp-json\/wp\/v2\/product_tag?post=665257"}],"curies":[{"name":"wp","href":"https:\/\/api.w.org\/{rel}","templated":true}]}}