{"id":665219,"date":"2025-04-29T19:22:13","date_gmt":"2025-04-29T18:22:13","guid":{"rendered":"https:\/\/shop.kustom.ch\/?post_type=product&#038;p=665219"},"modified":"2026-03-31T08:57:19","modified_gmt":"2026-03-31T07:57:19","slug":"uv-schutz-high-vis-poloshirt","status":"publish","type":"product","link":"https:\/\/shop.kustom.ch\/fr\/produit\/uv-schutz-high-vis-poloshirt\/","title":{"rendered":"Polo haute visibilit\u00e9 avec protection UV"},"content":{"rendered":"<p>Si vous travaillez \u00e0 l'ext\u00e9rieur, vous savez \u00e0 quel point il est important d'avoir de bons v\u00eatements qui fonctionnent m\u00eame lorsque les temp\u00e9ratures sont \u00e9lev\u00e9es. Ce polo fonctionnel haute visibilit\u00e9 est dot\u00e9 de r\u00e9flecteurs segment\u00e9s et d'inserts en mesh strat\u00e9giquement plac\u00e9s pour optimiser l'\u00e9vacuation de l'humidit\u00e9.<\/p>\n<p>FONCTIONNALIT\u00c9 : Mat\u00e9riau avec protection UV. Inserts en mesh sur les principales zones de transpiration. D\u00c9TAILS : Impression - Bl\u00e5kl\u00e4der. Encolure avec boutons. Col \u00e0 c\u00f4tes. Coutures strat\u00e9giquement plac\u00e9es pour un meilleur confort sous le bras. Inserts pour une \u00e9vacuation optimis\u00e9e de l'humidit\u00e9. FERMETURE FRONTALE : protection contre le vent avec une fixation par bouton. REFLEX : bandes r\u00e9fl\u00e9chissantes de transfert de 50 mm de large. INSTRUCTIONS DE LAVAGE : Nombre de lavages : 50. 40\u00b0 C. Ne pas blanchir. Ne pas repasser. Ne pas nettoyer \u00e0 sec. Ne pas essorer. ACTIVIT\u00c9S PRINCIPALES : Conducteur. Travailleur de jardin. Travailleurs manuels. Travailleurs de la route et de la construction. EN 13758-2. EN ISO 20471. RIS-3279-TOM . TISSU : Hommes. Bleu. Jaune haute visibilit\u00e9. Rouge haute visibilit\u00e9. noir. Protection contre les UV. Protection haute visibilit\u00e9. CERTIFICATION : EN 13758-2 UPF 40 +. EN ISO 20471, classe 2. les v\u00eatements de classe 2 et 3 en orange sont conformes \u00e0 la norme RIS-3279-TOM Issue 2. groupe de certification B<\/p>\n<p>100% polyester, tricot birdseye, \u00e9vacuation de l'humidit\u00e9, protection UV, 130g\/m<\/p>","protected":false},"excerpt":{"rendered":"<p>Wenn Sie im Freien arbeiten, wissen Sie, wie wichtig gute Kleidung ist, die auch bei hohen Temperaturen funktioniert. Dieses funktionelle High Vis Poloshirt verf\u00fcgt \u00fcber segmentierte Reflektoren und strategisch platzierte Mesh-Eins\u00e4tze f\u00fcr optimierten Feuchtigkeitstransport. FUNKTIONALIT\u00c4T: Material mit UV-Schutz. Mesh-Eins\u00e4tze an den wichtigsten Schweisszonen. DETAILS: Aufdruck &#8211; Bl\u00e5kl\u00e4der. Halsausschnitt mit Kn\u00f6pfen. Gerippter Kragen. Strategisch platzierte N\u00e4hte [&hellip;]<\/p>\n","protected":false},"featured_media":665256,"template":"","meta":[],"product_brand":[],"product_cat":[4193],"product_tag":[],"class_list":{"0":"post-665219","1":"product","2":"type-product","3":"status-publish","4":"has-post-thumbnail","6":"product_cat-polos","7":"pa_brand-blaklaeder","8":"pa_brand-type-workwear","9":"pa_filter-color-blau","10":"pa_filter-color-gelb","11":"pa_filter-color-orange","12":"pa_filter-color-rot","13":"pa_filter-color-schwarz","15":"first","16":"instock","17":"sale","18":"taxable","19":"shipping-taxable","20":"purchasable","21":"product-type-variable","22":"add-to-wishlist-before_image"},"exclude_global_add_ons":[],"addons":[],"acf":[],"_links":{"self":[{"href":"https:\/\/shop.kustom.ch\/fr\/wp-json\/wp\/v2\/product\/665219"}],"collection":[{"href":"https:\/\/shop.kustom.ch\/fr\/wp-json\/wp\/v2\/product"}],"about":[{"href":"https:\/\/shop.kustom.ch\/fr\/wp-json\/wp\/v2\/types\/product"}],"wp:featuredmedia":[{"embeddable":true,"href":"https:\/\/shop.kustom.ch\/fr\/wp-json\/wp\/v2\/media\/665256"}],"wp:attachment":[{"href":"https:\/\/shop.kustom.ch\/fr\/wp-json\/wp\/v2\/media?parent=665219"}],"wp:term":[{"taxonomy":"product_brand","embeddable":true,"href":"https:\/\/shop.kustom.ch\/fr\/wp-json\/wp\/v2\/product_brand?post=665219"},{"taxonomy":"product_cat","embeddable":true,"href":"https:\/\/shop.kustom.ch\/fr\/wp-json\/wp\/v2\/product_cat?post=665219"},{"taxonomy":"product_tag","embeddable":true,"href":"https:\/\/shop.kustom.ch\/fr\/wp-json\/wp\/v2\/product_tag?post=665219"}],"curies":[{"name":"wp","href":"https:\/\/api.w.org\/{rel}","templated":true}]}}