{"id":665171,"date":"2025-04-29T19:21:46","date_gmt":"2025-04-29T18:21:46","guid":{"rendered":"https:\/\/shop.kustom.ch\/?post_type=product&#038;p=665171"},"modified":"2026-03-31T09:00:49","modified_gmt":"2026-03-31T08:00:49","slug":"damen-multinorm-shelljacke","status":"publish","type":"product","link":"https:\/\/shop.kustom.ch\/fr\/produit\/damen-multinorm-shelljacke\/","title":{"rendered":"Veste shell multi-normes pour femmes"},"content":{"rendered":"<p>Veste shell fine et tr\u00e8s flexible, de forme f\u00e9minine, en mat\u00e9riau difficilement inflammable. Cette veste shell imperm\u00e9able au vent et \u00e0 l'eau, aux coutures coll\u00e9es, sans polyester ni m\u00e9tal, est un produit tr\u00e8s recherch\u00e9. La veste est dot\u00e9e de transferts r\u00e9fl\u00e9chissants doux et souples, d'une bonne respirabilit\u00e9 et de couleurs sombres dans les zones sujettes aux salissures. La veste est \u00e9quip\u00e9e de boucles sur la poitrine permettant de fixer des appareils techniques tels que des microphones, des d\u00e9tecteurs de gaz ou des appareils de mesure de l'oxyg\u00e8ne. La capuche l\u00e9g\u00e8rement plus haute et r\u00e9glable peut \u00eatre ajust\u00e9e de mani\u00e8re \u00e0 ce qu'elle s'adapte sur un casque sans restreindre le champ de vision. La veste en shell est dot\u00e9e d'une poche de poitrine avec porte-passeport, d'une poche Napol\u00e9on pouvant accueillir une petite tablette, de deux poches ventrales zipp\u00e9es et d'un porte-passeport dans l'une des poches. \u00c9galement disponible en mod\u00e8le homme 4088. Certifi\u00e9 selon EN 1149-5, EN 13034, EN ISO 20471. EN 343. EN ISO 11611. EN ISO 11612. IEC 61482-2. ATPV : 21 cal\/cm\u00b2, ELIM : 19 cal\/cm\u00b2.<\/p>\n<p>FONCTIONNALIT\u00c9 : Sans m\u00e9tal. Surface ol\u00e9ophobe, antisalissante et hydrofuge. Imperm\u00e9able au vent et respirant. D\u00c9TAILS : Poche d'identification amovible pour les v\u00eatements ignifuges. \u00c9tiquettes de certification ext\u00e9rieures. Capuche amovible et r\u00e9glable. Capuche pour casque et prot\u00e8ge-oreilles. Boutons-pression en plastique. Col doubl\u00e9 en polaire. Col haut avec fermeture \u00e0 glissi\u00e8re. Boucles de chaque c\u00f4t\u00e9 de la poitrine pour le d\u00e9tecteur de gaz \/ l'oxyg\u00e9nom\u00e8tre \/ le microphone. PORTEFEUILLE : Poche de poitrine avec anneau en D. Poche de poitrine avec fermeture \u00e9clair. Poche int\u00e9rieure. Poche Napol\u00e9on \u00e0 l'int\u00e9rieur du rabat. Poches lat\u00e9rales avec doublure en polaire. Poches lat\u00e9rales avec fermeture \u00e9clair. FERMETURE FRONTALE : Fermeture frontale avec boutons-pression en plastique cach\u00e9s. Fermeture \u00e0 glissi\u00e8re plastique \u00e0 double sens dissimul\u00e9e. REFLEX : Bandes r\u00e9fl\u00e9chissantes de transfert ignifuges interrompues. FERMETURE : Poignets int\u00e9rieurs. Poignets r\u00e9glables avec fermeture velcro. Dos rallong\u00e9. Taille r\u00e9glable avec cordon de serrage. INSTRUCTIONS DE LAVAGE : 60\u00b0 C. Ne pas blanchir. Ne pas repasser. Ne pas nettoyer \u00e0 sec. Ne pas essorer. ACTIVIT\u00c9S PRINCIPALES : Travailleur manuel. Personnel de service. Travailleurs de la route et du b\u00e2timent. EN 1149-5. EN 13034. EN 343. EN 61482-2. EN ISO 11611. EN ISO 11612. EN ISO 20471. TISSU : Femme. bleu. Jaune haute visibilit\u00e9. Non m\u00e9tallique. imperm\u00e9able. coupe-vent. Protection contre les flammes. CERTIFICATION : EN 1149-5. EN 13034 PB (6). EN 343, classe 4,3. EN ISO 11611 classe 2 , A1+A2. EN ISO 11612 A1, A2, B1, C1, D1, E3, F1. EN ISO 20471, XS-L classe 2, XL-&gt; classe 3. ATPV - 21 cal\/cm\u00b2. ELIM - 19 cal\/cm\u00b2. IEC 61482-2, APC 2<\/p>\n<p>59% viscose, 40% modacrylique, 1% antistatique, enduit, imperm\u00e9able 16.000mm, coupe-vent, respirant Ret 12,6, 250 g\/m<\/p>","protected":false},"excerpt":{"rendered":"<p>D\u00fcnne und sehr flexible Shelljacke in Damenpassform aus schwer entflammbarem Material. Diese wind- und wasserdichte Shelljacke mit verklebten N\u00e4hten, polyester- und metallfrei, ist ein sehr begehrtes Produkt. Die Jacke ist mit weichen und flexiblen reflektierenden Transfers ausgestattet und hat eine gute Atmungsaktivit\u00e4t sowie dunkle Farben in schmutzanf\u00e4lligen Bereichen. Die Jacke ist mit Schlaufen auf der [&hellip;]<\/p>\n","protected":false},"featured_media":665226,"template":"","meta":[],"product_brand":[],"product_cat":[4186],"product_tag":[],"class_list":{"0":"post-665171","1":"product","2":"type-product","3":"status-publish","4":"has-post-thumbnail","6":"product_cat-jacken","7":"pa_brand-blaklaeder","8":"pa_brand-type-workwear","9":"pa_filter-color-blau","10":"pa_filter-color-gelb","12":"first","13":"instock","14":"sale","15":"taxable","16":"shipping-taxable","17":"purchasable","18":"product-type-variable","19":"add-to-wishlist-before_image"},"exclude_global_add_ons":[],"addons":[],"acf":[],"_links":{"self":[{"href":"https:\/\/shop.kustom.ch\/fr\/wp-json\/wp\/v2\/product\/665171"}],"collection":[{"href":"https:\/\/shop.kustom.ch\/fr\/wp-json\/wp\/v2\/product"}],"about":[{"href":"https:\/\/shop.kustom.ch\/fr\/wp-json\/wp\/v2\/types\/product"}],"wp:featuredmedia":[{"embeddable":true,"href":"https:\/\/shop.kustom.ch\/fr\/wp-json\/wp\/v2\/media\/665226"}],"wp:attachment":[{"href":"https:\/\/shop.kustom.ch\/fr\/wp-json\/wp\/v2\/media?parent=665171"}],"wp:term":[{"taxonomy":"product_brand","embeddable":true,"href":"https:\/\/shop.kustom.ch\/fr\/wp-json\/wp\/v2\/product_brand?post=665171"},{"taxonomy":"product_cat","embeddable":true,"href":"https:\/\/shop.kustom.ch\/fr\/wp-json\/wp\/v2\/product_cat?post=665171"},{"taxonomy":"product_tag","embeddable":true,"href":"https:\/\/shop.kustom.ch\/fr\/wp-json\/wp\/v2\/product_tag?post=665171"}],"curies":[{"name":"wp","href":"https:\/\/api.w.org\/{rel}","templated":true}]}}