{"id":665170,"date":"2025-04-29T19:21:46","date_gmt":"2025-04-29T18:21:46","guid":{"rendered":"https:\/\/shop.kustom.ch\/?post_type=product&#038;p=665170"},"modified":"2026-03-31T08:52:22","modified_gmt":"2026-03-31T07:52:22","slug":"damen-sweatshirt-2","status":"publish","type":"product","link":"https:\/\/shop.kustom.ch\/fr\/produit\/damen-sweatshirt-2\/","title":{"rendered":"Sweat-shirt pour femme"},"content":{"rendered":"<p>Sweat-shirt confortable \u00e0 encolure ronde en coton douillet, coupe f\u00e9minine. Avec des poignets en tricot c\u00f4tel\u00e9 et des coutures renforc\u00e9es au niveau du cou et des \u00e9paules pour plus de durabilit\u00e9. Ce sweat-shirt est id\u00e9al pour mettre en valeur votre entreprise. Disponible en mod\u00e8le homme 3340.<\/p>\n<p>FONCTIONNALIT\u00c9 : Taille femme. D\u00c9TAILS : col rond. FINITION : Finition des manches avec poignets. Ceinture \u00e0 c\u00f4tes. INSTRUCTIONS DE LAVAGE : 60\u00b0 C. Repassage - moyen. Ne pas blanchir. Ne pas nettoyer \u00e0 sec. Ne pas essorer. ACTIVIT\u00c9S PRINCIPALES : Couvreur. Conducteur . Travailleur de jardin. Bricoleur de m\u00e9tier. Installateur de mat\u00e9riel de plomberie. Ma\u00e7on \/ carreleur. M\u00e9canicien. Plombier. Femmes . Disponible pour les femmes et les hommes. TISSU : Femme. Disponible pour dames et hommes. bleu. Profil. USP : 100 % coton<\/p>\n<p>100% Coton, French Terry, 320 g\/m<\/p>","protected":false},"excerpt":{"rendered":"<p>Bequemes Sweatshirt mit Rundhalsausschnitt aus kuscheliger Baumwolle in Damenpassform. Mit Rippstrickb\u00fcndchen und verst\u00e4rkten Hals- und Schultern\u00e4hten f\u00fcr zus\u00e4tzliche Haltbarkeit. Dieses Sweatshirt ist ideal, um Ihr Unternehmen zu pr\u00e4sentieren. Erh\u00e4ltlich als Herrenmodell 3340. FUNKTIONALIT\u00c4T: Damengr\u00f6sse. DETAILS: Rundhals. ABSCHLUSS: Armabschluss mit B\u00fcndchen. Gerippter Bund. WASCHANLEITUNG: 60\u00b0 C. B\u00fcgeln &#8211; mittel. Nicht bleichen. Nicht chemisch reinigen. Nicht schleudern. [&hellip;]<\/p>\n","protected":false},"featured_media":665201,"template":"","meta":[],"product_brand":[],"product_cat":[4184],"product_tag":[],"class_list":{"0":"post-665170","1":"product","2":"type-product","3":"status-publish","4":"has-post-thumbnail","6":"product_cat-hoodies-pullover","7":"pa_brand-blaklaeder","8":"pa_brand-type-workwear","9":"pa_filter-color-blau","10":"pa_filter-color-grau","11":"pa_filter-color-schwarz","13":"first","14":"instock","15":"sale","16":"taxable","17":"shipping-taxable","18":"purchasable","19":"product-type-variable","20":"add-to-wishlist-before_image"},"exclude_global_add_ons":[],"addons":[],"acf":[],"_links":{"self":[{"href":"https:\/\/shop.kustom.ch\/fr\/wp-json\/wp\/v2\/product\/665170"}],"collection":[{"href":"https:\/\/shop.kustom.ch\/fr\/wp-json\/wp\/v2\/product"}],"about":[{"href":"https:\/\/shop.kustom.ch\/fr\/wp-json\/wp\/v2\/types\/product"}],"wp:featuredmedia":[{"embeddable":true,"href":"https:\/\/shop.kustom.ch\/fr\/wp-json\/wp\/v2\/media\/665201"}],"wp:attachment":[{"href":"https:\/\/shop.kustom.ch\/fr\/wp-json\/wp\/v2\/media?parent=665170"}],"wp:term":[{"taxonomy":"product_brand","embeddable":true,"href":"https:\/\/shop.kustom.ch\/fr\/wp-json\/wp\/v2\/product_brand?post=665170"},{"taxonomy":"product_cat","embeddable":true,"href":"https:\/\/shop.kustom.ch\/fr\/wp-json\/wp\/v2\/product_cat?post=665170"},{"taxonomy":"product_tag","embeddable":true,"href":"https:\/\/shop.kustom.ch\/fr\/wp-json\/wp\/v2\/product_tag?post=665170"}],"curies":[{"name":"wp","href":"https:\/\/api.w.org\/{rel}","templated":true}]}}