{"id":665122,"date":"2025-04-29T19:21:16","date_gmt":"2025-04-29T18:21:16","guid":{"rendered":"https:\/\/shop.kustom.ch\/?post_type=product&#038;p=665122"},"modified":"2026-03-31T08:42:56","modified_gmt":"2026-03-31T07:42:56","slug":"asphalt-sicherheitsschuh","status":"publish","type":"product","link":"https:\/\/shop.kustom.ch\/fr\/produit\/asphalt-sicherheitsschuh\/","title":{"rendered":"Chaussure de s\u00e9curit\u00e9 Asphalt"},"content":{"rendered":"<p>Cette chaussure a \u00e9t\u00e9 sp\u00e9cialement con\u00e7ue pour le travail sur l'asphalte. Elle est fabriqu\u00e9e en cuir solide et r\u00e9sistant avec une surface lisse en caoutchouc nitrile, qui r\u00e9siste \u00e0 des temp\u00e9ratures allant jusqu'\u00e0 300\u00b0C. Un film de protection contre la chaleur est int\u00e9gr\u00e9 \u00e0 l'int\u00e9rieur de la semelle et la protection contre le passage des clous est en textile doux. La protection des orteils en composite est renforc\u00e9e par du TPU. La semelle int\u00e9rieure de forme anatomique est en mat\u00e9riau PU lisse et poss\u00e8de une surface textile absorbant l'humidit\u00e9. La fermeture Freelock, recouverte d'une languette en cuir et fix\u00e9e par deux sangles Velcro, permet d'enfiler et d'enlever rapidement les chaussures, un jeu d'enfant. Forme pour femmes dans les pointures 35-39.<\/p>\n<p>FONCTIONNALIT\u00c9 : Propri\u00e9t\u00e9s antistatiques. Syst\u00e8me freelock. Bord de tige rembourr\u00e9. Semelle ext\u00e9rieure r\u00e9sistante \u00e0 la chaleur. Semelle ext\u00e9rieure ol\u00e9ophobe. D\u00e9tails r\u00e9fl\u00e9chissants. R\u00e9sistant \u00e0 l'eau. Dessus : Enti\u00e8rement en cuir. FORME DU COUPLE : Large. MAT\u00c9RIAU DE PROTECTION : Textile PL. DOUBLURE : Polyester. MAT\u00c9RIAU DE LA SEMELLE INT\u00c9RIEURE : Textile, PU souple. TISSU : Unisexe. Noir. USP : Semelle int\u00e9rieure anatomique en PU souple. Propri\u00e9t\u00e9s antistatiques. Solution freelock. Semelle ext\u00e9rieure r\u00e9sistante \u00e0 la chaleur. Semelle ext\u00e9rieure r\u00e9sistante aux huiles. D\u00e9tails r\u00e9fl\u00e9chissants. Protection anti-perforation en textile au standard PL. Embout de protection composite. R\u00e9sistant \u00e0 l'eau et durable. Coupe large. MAT\u00c9RIEL DE PROTECTION DES DOIGTS : Composite. CERTIFICATION : EN ISO 20345:2011 S2 P HRO HI SRA<\/p>","protected":false},"excerpt":{"rendered":"<p>Dieser Schuh wurde speziell f\u00fcr die Arbeit mit Asphalt entwickelt. Er besteht aus starkem, strapazierf\u00e4higem Leder mit einer glatten Oberfl\u00e4che aus Nitrilkautschuk, die Temperaturen bis zu 300\u00b0C standh\u00e4lt. Im Inneren der Sohle ist eine Hitzeschutzfolie integriert und der Nageldurchtrittschutz besteht aus weichem Textil. Der Zehenschutz aus Komposit ist mit TPU verst\u00e4rkt. Die anatomisch geformte Innensohle [&hellip;]<\/p>\n","protected":false},"featured_media":665139,"template":"","meta":[],"product_brand":[],"product_cat":[4197,4209],"product_tag":[],"class_list":{"0":"post-665122","1":"product","2":"type-product","3":"status-publish","4":"has-post-thumbnail","6":"product_cat-schuhe-sandalen","7":"product_cat-zubehoer","8":"pa_brand-blaklaeder","9":"pa_brand-type-workwear","10":"pa_filter-color-schwarz","12":"first","13":"instock","14":"sale","15":"taxable","16":"shipping-taxable","17":"purchasable","18":"product-type-variable","19":"add-to-wishlist-before_image"},"exclude_global_add_ons":[],"addons":[],"acf":[],"_links":{"self":[{"href":"https:\/\/shop.kustom.ch\/fr\/wp-json\/wp\/v2\/product\/665122"}],"collection":[{"href":"https:\/\/shop.kustom.ch\/fr\/wp-json\/wp\/v2\/product"}],"about":[{"href":"https:\/\/shop.kustom.ch\/fr\/wp-json\/wp\/v2\/types\/product"}],"wp:featuredmedia":[{"embeddable":true,"href":"https:\/\/shop.kustom.ch\/fr\/wp-json\/wp\/v2\/media\/665139"}],"wp:attachment":[{"href":"https:\/\/shop.kustom.ch\/fr\/wp-json\/wp\/v2\/media?parent=665122"}],"wp:term":[{"taxonomy":"product_brand","embeddable":true,"href":"https:\/\/shop.kustom.ch\/fr\/wp-json\/wp\/v2\/product_brand?post=665122"},{"taxonomy":"product_cat","embeddable":true,"href":"https:\/\/shop.kustom.ch\/fr\/wp-json\/wp\/v2\/product_cat?post=665122"},{"taxonomy":"product_tag","embeddable":true,"href":"https:\/\/shop.kustom.ch\/fr\/wp-json\/wp\/v2\/product_tag?post=665122"}],"curies":[{"name":"wp","href":"https:\/\/api.w.org\/{rel}","templated":true}]}}