{"id":665075,"date":"2025-04-29T19:20:45","date_gmt":"2025-04-29T18:20:45","guid":{"rendered":"https:\/\/shop.kustom.ch\/?post_type=product&#038;p=665075"},"modified":"2026-03-31T08:42:49","modified_gmt":"2026-03-31T07:42:49","slug":"storm-sicherheitsschuh","status":"publish","type":"product","link":"https:\/\/shop.kustom.ch\/fr\/produit\/storm-sicherheitsschuh\/","title":{"rendered":"STORM Chaussure de s\u00e9curit\u00e9"},"content":{"rendered":"<p>Une chaussure de s\u00e9curit\u00e9 imperm\u00e9able et r\u00e9sistante, fabriqu\u00e9e \u00e0 partir d'une tige textile robuste avec des fils r\u00e9fl\u00e9chissants et une zone des orteils renforc\u00e9e par du TPU. La chaussure est dot\u00e9e d'un embout de protection composite et d'une semelle intercalaire antiperforation souple et flexible qui r\u00e9siste aux rigueurs des clous de 3 mm. La semelle ext\u00e9rieure \u00e0 friction en caoutchouc nitrile a \u00e9t\u00e9 con\u00e7ue pour offrir une bonne adh\u00e9rence m\u00eame sur la neige et la glace. La semelle int\u00e9rieure de forme anatomique est compos\u00e9e d'un mat\u00e9riau PU souple recouvert d'une surface textile qui absorbe bien l'humidit\u00e9. La membrane vous garde au sec toute la journ\u00e9e et le syst\u00e8me Freelock facilite le chaussage et le d\u00e9chaussage. Convient parfaitement aux travaux en plein air dans les domaines de la construction, du transport, de l'entretien, de la r\u00e9paration et de l'exploitation. Forme pour femmes dans les pointures 35-39.<\/p>\n<p>FONCTIONNALIT\u00c9 : Propri\u00e9t\u00e9s antistatiques. Semelle int\u00e9rieure respirante. Renforcement du talon. Syst\u00e8me freelock. Bord de tige rembourr\u00e9. Semelle ext\u00e9rieure r\u00e9sistante \u00e0 la chaleur. Semelle ext\u00e9rieure ol\u00e9ophobe. D\u00e9tails r\u00e9fl\u00e9chissants. Imperm\u00e9able \u00e0 l'eau. Renforcement des orteils. PARTIE SUP\u00c9RIEURE : Mat\u00e9riau tiss\u00e9. FORME DU COUPLE : Large. MAT\u00c9RIAU DE PROTECTION : Textile PS. DOUBLURE : Polyester. MAT\u00c9RIAU DE LA SEMELLE INT\u00c9RIEURE : textile, PU souple. TISSU : Unisexe. Jaune haute visibilit\u00e9. noir. imperm\u00e9able. SYMBOLES : Freelock. R\u00e9sistant au carburant. HRO 300. Grip d'\u00e9chelle. Nailpen textile PS. Scuff cap abrasion. R\u00e9sistance au glissement. Capuchon en composite. R\u00e9sistant \u00e0 l'eau. Charge large. USP : Semelle int\u00e9rieure anatomique en PU souple. Propri\u00e9t\u00e9s antistatiques. Semelle int\u00e9rieure respirante. Solution freelock. Semelle ext\u00e9rieure r\u00e9sistante \u00e0 la chaleur. Enti\u00e8rement \u00e9tanche \u00e0 l'eau. Semelle ext\u00e9rieure r\u00e9sistante \u00e0 l'huile. D\u00e9tails r\u00e9fl\u00e9chissants. Protection anti-perforation textile en PS standard. Embout de protection composite. Forme large. MAT\u00c9RIEL DE PROTECTION DES DOIGTS : Composite. CERTIFICATION : EN ISO 20345:2022 S7S FO SR HRO SC LG<\/p>","protected":false},"excerpt":{"rendered":"<p>Ein wasserdichter und strapazierf\u00e4higer Sicherheitsschuh aus robustem Textilobermaterial mit reflektierenden F\u00e4den und einem TPU-verst\u00e4rkten Zehenbereich. Der Schuh hat eine Komposit-Zehenschutzkappe und eine weiche, flexible, durchtrittsichere Zwischensohle, die den harten Anforderungen von 3 mm-N\u00e4geln standh\u00e4lt. Die Reibungslaufsohle aus Nitrilgummi wurde entwickelt, um auch auf Schnee und Eis einen guten Halt zu bieten. Die anatomisch geformte Einlegesohle [&hellip;]<\/p>\n","protected":false},"featured_media":665106,"template":"","meta":[],"product_brand":[],"product_cat":[4197,4209],"product_tag":[],"class_list":{"0":"post-665075","1":"product","2":"type-product","3":"status-publish","4":"has-post-thumbnail","6":"product_cat-schuhe-sandalen","7":"product_cat-zubehoer","8":"pa_brand-blaklaeder","9":"pa_brand-type-workwear","10":"pa_filter-color-gelb","12":"first","13":"instock","14":"sale","15":"taxable","16":"shipping-taxable","17":"purchasable","18":"product-type-variable","19":"add-to-wishlist-before_image"},"exclude_global_add_ons":[],"addons":[],"acf":[],"_links":{"self":[{"href":"https:\/\/shop.kustom.ch\/fr\/wp-json\/wp\/v2\/product\/665075"}],"collection":[{"href":"https:\/\/shop.kustom.ch\/fr\/wp-json\/wp\/v2\/product"}],"about":[{"href":"https:\/\/shop.kustom.ch\/fr\/wp-json\/wp\/v2\/types\/product"}],"wp:featuredmedia":[{"embeddable":true,"href":"https:\/\/shop.kustom.ch\/fr\/wp-json\/wp\/v2\/media\/665106"}],"wp:attachment":[{"href":"https:\/\/shop.kustom.ch\/fr\/wp-json\/wp\/v2\/media?parent=665075"}],"wp:term":[{"taxonomy":"product_brand","embeddable":true,"href":"https:\/\/shop.kustom.ch\/fr\/wp-json\/wp\/v2\/product_brand?post=665075"},{"taxonomy":"product_cat","embeddable":true,"href":"https:\/\/shop.kustom.ch\/fr\/wp-json\/wp\/v2\/product_cat?post=665075"},{"taxonomy":"product_tag","embeddable":true,"href":"https:\/\/shop.kustom.ch\/fr\/wp-json\/wp\/v2\/product_tag?post=665075"}],"curies":[{"name":"wp","href":"https:\/\/api.w.org\/{rel}","templated":true}]}}