{"id":665074,"date":"2025-04-29T19:20:45","date_gmt":"2025-04-29T18:20:45","guid":{"rendered":"https:\/\/shop.kustom.ch\/?post_type=product&#038;p=665074"},"modified":"2026-03-31T08:41:55","modified_gmt":"2026-03-31T07:41:55","slug":"cradle-sicherheitsstiefel","status":"publish","type":"product","link":"https:\/\/shop.kustom.ch\/fr\/produit\/cradle-sicherheitsstiefel\/","title":{"rendered":"Bottes de s\u00e9curit\u00e9 Cradle"},"content":{"rendered":"<p>Une botte de s\u00e9curit\u00e9 souple et non-m\u00e9tallique avec un dessus en textile. L'embout de protection est fabriqu\u00e9 en composite et renforc\u00e9 par du KPU. La protection anti-perforation est en textile et la semelle ext\u00e9rieure en caoutchouc. La semelle int\u00e9rieure, de forme anatomique pour un confort optimal, est compos\u00e9e d'un mat\u00e9riau PU souple et d'une surface textile absorbant l'humidit\u00e9. Cette chaussure est id\u00e9ale pour les activit\u00e9s dans les domaines de l'entreposage, du service, de la logistique et de l'industrie. Forme pour femmes dans les pointures 35-39.<\/p>\n<p>FONCTIONNALIT\u00c9 : Propri\u00e9t\u00e9s antistatiques. Semelle int\u00e9rieure respirante. Test\u00e9 ESD (approuv\u00e9 par IEC 61340-5-1). Bord de tige rembourr\u00e9. Sans m\u00e9tal. Semelle ext\u00e9rieure ol\u00e9ophobe. Renforcement des orteils. Dessus : Mat\u00e9riau tiss\u00e9. COUPE : Large. MAT\u00c9RIAU DE PROTECTION : Textile PL. DOUBLURE : Polyester. MAT\u00c9RIAU DE LA SEMELLE INT\u00c9RIEURE : Textile, PU souple. TISSU : Unisexe. Gris. Noir. ESD (PROTECTION CONTRE LES CHOCS \u00c9LECTRIQUES). Sans m\u00e9tal. SYMBOLS : R\u00e9sistant au carburant. Sans m\u00e9tal. Clouage textile PL. Abrasion du capuchon. R\u00e9sistant au glissement. Toecap composite. Charge large. USP : Semelle int\u00e9rieure anatomique en PU souple. Propri\u00e9t\u00e9s antistatiques. Semelle int\u00e9rieure respirante. Tige en textile respirant. Homologation ESD. Semelle ext\u00e9rieure r\u00e9sistante \u00e0 l'huile. Protection anti-perforation en textile au standard PL. Embout de protection composite. Forme large. MAT\u00c9RIEL DE PROTECTION DES DOIGTS : Composite. CERTIFICATION : EN ISO 20345:2011 S1 P SRC ESD<\/p>","protected":false},"excerpt":{"rendered":"<p>Ein geschmeidiger, metallfreier Sicherheitsstiefel mit Obermaterial aus Textil. Die Zehenschutzkappe ist aus Komposit gefertigt und mit KPU verst\u00e4rkt. Der Durchtrittschutz besteht aus einem textilen Material und die Laufsohle aus Gummi. Die f\u00fcr besten Komfort anatomisch geformte Innensohle besteht aus einem weichen PU-Material und hat eine feuchtigkeitsabsorbierende Textiloberfl\u00e4che. Dieser Schuh ist ideal f\u00fcr T\u00e4tigkeiten in den [&hellip;]<\/p>\n","protected":false},"featured_media":665091,"template":"","meta":[],"product_brand":[],"product_cat":[4197,4209],"product_tag":[],"class_list":{"0":"post-665074","1":"product","2":"type-product","3":"status-publish","4":"has-post-thumbnail","6":"product_cat-schuhe-sandalen","7":"product_cat-zubehoer","8":"pa_brand-blaklaeder","9":"pa_brand-type-workwear","10":"pa_filter-color-grau","11":"pa_filter-color-schwarz","13":"first","14":"instock","15":"sale","16":"taxable","17":"shipping-taxable","18":"purchasable","19":"product-type-variable","20":"add-to-wishlist-before_image"},"exclude_global_add_ons":[],"addons":[],"acf":[],"_links":{"self":[{"href":"https:\/\/shop.kustom.ch\/fr\/wp-json\/wp\/v2\/product\/665074"}],"collection":[{"href":"https:\/\/shop.kustom.ch\/fr\/wp-json\/wp\/v2\/product"}],"about":[{"href":"https:\/\/shop.kustom.ch\/fr\/wp-json\/wp\/v2\/types\/product"}],"wp:featuredmedia":[{"embeddable":true,"href":"https:\/\/shop.kustom.ch\/fr\/wp-json\/wp\/v2\/media\/665091"}],"wp:attachment":[{"href":"https:\/\/shop.kustom.ch\/fr\/wp-json\/wp\/v2\/media?parent=665074"}],"wp:term":[{"taxonomy":"product_brand","embeddable":true,"href":"https:\/\/shop.kustom.ch\/fr\/wp-json\/wp\/v2\/product_brand?post=665074"},{"taxonomy":"product_cat","embeddable":true,"href":"https:\/\/shop.kustom.ch\/fr\/wp-json\/wp\/v2\/product_cat?post=665074"},{"taxonomy":"product_tag","embeddable":true,"href":"https:\/\/shop.kustom.ch\/fr\/wp-json\/wp\/v2\/product_tag?post=665074"}],"curies":[{"name":"wp","href":"https:\/\/api.w.org\/{rel}","templated":true}]}}