{"id":665021,"date":"2025-04-29T19:20:14","date_gmt":"2025-04-29T18:20:14","guid":{"rendered":"https:\/\/shop.kustom.ch\/?post_type=product&#038;p=665021"},"modified":"2026-03-31T08:41:46","modified_gmt":"2026-03-31T07:41:46","slug":"elite-sicherheitsstiefel-3","status":"publish","type":"product","link":"https:\/\/shop.kustom.ch\/fr\/produit\/elite-sicherheitsstiefel-3\/","title":{"rendered":"Bottes de s\u00e9curit\u00e9 Elite"},"content":{"rendered":"<p>Une botte r\u00e9sistante avec une membrane qui garde vos pieds au sec. Cette botte est fabriqu\u00e9e en cuir pleine fleur lisse et de haute qualit\u00e9 pour vous offrir le meilleur confort. Dot\u00e9e d'une protection anti-perforation en textile, d'un embout de protection en aluminium et d'une partie renforc\u00e9e en TPU au niveau des orteils et du talon, cette chaussure vient facilement \u00e0 bout des environnements difficiles. La semelle int\u00e9rieure, de forme anatomique pour un confort optimal, est compos\u00e9e d'un mat\u00e9riau PU souple recouvert d'une surface textile qui absorbe l'humidit\u00e9. La membrane garde vos pieds au sec m\u00eame par mauvais temps. Cette botte convient parfaitement aux travaux en ext\u00e9rieur dans les domaines de la construction, du transport, de la maintenance, de la r\u00e9paration et de l'utilisation de machines. Forme pour femmes dans les pointures 35-39.<\/p>\n<p>FONCTIONNALIT\u00c9 : Propri\u00e9t\u00e9s antistatiques. Test\u00e9 ESD (approuv\u00e9 par IEC 61340-5-1). Renforcement du talon. Bord de tige rembourr\u00e9. Semelle ext\u00e9rieure ol\u00e9ophobe. D\u00e9tails r\u00e9fl\u00e9chissants. Imperm\u00e9able \u00e0 l'eau. Renforcement des orteils. Dessus : Enti\u00e8rement en cuir. FORME DU COUPLE : Large. MAT\u00c9RIAU DE PROTECTION : Textile. DOUBLURE : Polyester. MAT\u00c9RIAU DE LA SEMELLE INT\u00c9RIEURE : textile, PU souple. TISSU : Unisexe. Noir. ESD. Imperm\u00e9able \u00e0 l'eau. SYMBOLS : Water proof 3. r\u00e9sistant aux carburants. HRO 300. prise d'\u00e9chelle. Nailpen textile PS. Scuff cap abrasion. R\u00e9sistance au glissement. Capuchon en composite. R\u00e9sistant \u00e0 l'eau. Charge large. USP : embout de protection en aluminium. Semelle int\u00e9rieure anatomique en PU souple. Propri\u00e9t\u00e9s antistatiques. Approbation de l'ESD. Enti\u00e8rement \u00e9tanche \u00e0 l'eau. Semelle ext\u00e9rieure r\u00e9sistante aux huiles. D\u00e9tails r\u00e9fl\u00e9chissants. Coupe large. MAT\u00c9RIAU DE LA PROTECTION DES DOIGTS : aluminium. CERTIFICATION : EN ISO 20345:2011 S3 SRC WR ESD<\/p>","protected":false},"excerpt":{"rendered":"<p>Ein strapazierf\u00e4higer Stiefel mit einer Membran, die Ihre F\u00fcsse trocken h\u00e4lt. Dieser Stiefel ist aus glattem, hochwertigen Vollnarbenleder gefertigt und bietet Ihnen so den besten Komfort. Mit einem textilen Durchtrittschutz, einer Zehenschutzkappe aus Aluminium und TPU-verst\u00e4rktem Zehen- und Fersenteil bew\u00e4ltigt dieser Schuh raue Umgebungen problemlos. Die f\u00fcr besten Komfort anatomisch geformte Innensohle besteht aus einem [&hellip;]<\/p>\n","protected":false},"featured_media":665073,"template":"","meta":[],"product_brand":[],"product_cat":[4197,4209],"product_tag":[],"class_list":{"0":"post-665021","1":"product","2":"type-product","3":"status-publish","4":"has-post-thumbnail","6":"product_cat-schuhe-sandalen","7":"product_cat-zubehoer","8":"pa_brand-blaklaeder","9":"pa_brand-type-workwear","10":"pa_filter-color-schwarz","12":"first","13":"instock","14":"sale","15":"taxable","16":"shipping-taxable","17":"purchasable","18":"product-type-variable","19":"add-to-wishlist-before_image"},"exclude_global_add_ons":[],"addons":[],"acf":[],"_links":{"self":[{"href":"https:\/\/shop.kustom.ch\/fr\/wp-json\/wp\/v2\/product\/665021"}],"collection":[{"href":"https:\/\/shop.kustom.ch\/fr\/wp-json\/wp\/v2\/product"}],"about":[{"href":"https:\/\/shop.kustom.ch\/fr\/wp-json\/wp\/v2\/types\/product"}],"wp:featuredmedia":[{"embeddable":true,"href":"https:\/\/shop.kustom.ch\/fr\/wp-json\/wp\/v2\/media\/665073"}],"wp:attachment":[{"href":"https:\/\/shop.kustom.ch\/fr\/wp-json\/wp\/v2\/media?parent=665021"}],"wp:term":[{"taxonomy":"product_brand","embeddable":true,"href":"https:\/\/shop.kustom.ch\/fr\/wp-json\/wp\/v2\/product_brand?post=665021"},{"taxonomy":"product_cat","embeddable":true,"href":"https:\/\/shop.kustom.ch\/fr\/wp-json\/wp\/v2\/product_cat?post=665021"},{"taxonomy":"product_tag","embeddable":true,"href":"https:\/\/shop.kustom.ch\/fr\/wp-json\/wp\/v2\/product_tag?post=665021"}],"curies":[{"name":"wp","href":"https:\/\/api.w.org\/{rel}","templated":true}]}}