{"id":664986,"date":"2025-04-29T19:19:41","date_gmt":"2025-04-29T18:19:41","guid":{"rendered":"https:\/\/shop.kustom.ch\/?post_type=product&#038;p=664986"},"modified":"2026-03-31T08:40:24","modified_gmt":"2026-03-31T07:40:24","slug":"high-vis-helm-kapuze","status":"publish","type":"product","link":"https:\/\/shop.kustom.ch\/fr\/produit\/high-vis-helm-kapuze\/","title":{"rendered":"Capuche de casque haute visibilit\u00e9"},"content":{"rendered":"<p>Capuche haute visibilit\u00e9 en mat\u00e9riau imperm\u00e9able au vent et \u00e0 l'eau, qui peut \u00eatre port\u00e9e par-dessus le casque. \u00c9quip\u00e9e de coutures respirantes et scell\u00e9es. Convient aux vestes 4462, 4828, 4827 et 4780.<\/p>\n<p>FONCTIONNALIT\u00c9 : Mat\u00e9riau coupe-vent &amp; imperm\u00e9able avec respirabilit\u00e9, coutures soud\u00e9es. REFLEX : d\u00e9tails r\u00e9fl\u00e9chissants sur la capuche. INSTRUCTIONS DE LAVAGE : 40\u00b0 C. Ne pas blanchir. Ne pas repasser. Ne pas nettoyer \u00e0 sec. Ne pas essorer. LIMITATION DES TAILLES : La taille S correspond \u00e0 une veste de taille XS, S, M. La taille L correspond \u00e0 une veste de taille L, XL. La taille XXL s'adapte aux vestes de taille XXL, 3XL. La taille 4XL s'adapte aux vestes de taille 4XL et plus. TYPE PRINCIPAL : Hommes. SYMBOLES : Respirant. Cordons de serrage tap\u00e9s. Water proof 3. r\u00e9sistant au vent<\/p>\n<p>100% Polyester, Oxford, enduit, imperm\u00e9able 15.000 mm, coupe-vent, respirant Ret 8,5, 200g\/m<\/p>","protected":false},"excerpt":{"rendered":"<p>High Vis Kapuze aus wind- und wasserdichtem Material, die \u00fcber dem Helm getragen werden kann. Ausgestattet mit atmungsaktiven und versiegelten N\u00e4hten. Passend f\u00fcr die Jacken 4462, 4828, 4827 und 4780. FUNKTIONALIT\u00c4T: Wind- &amp; wasserdichtes Material mit Atmungsaktivit\u00e4t, verschweisste N\u00e4hte. REFLEX: Reflektierende Details an der Kapuze. WASCHANLEITUNG: 40\u00b0 C. Nicht bleichen. Nicht b\u00fcgeln. Nicht chemisch reinigen. [&hellip;]<\/p>\n","protected":false},"featured_media":665037,"template":"","meta":[],"product_brand":[],"product_cat":[4209],"product_tag":[],"class_list":{"0":"post-664986","1":"product","2":"type-product","3":"status-publish","4":"has-post-thumbnail","6":"product_cat-zubehoer","7":"pa_brand-blaklaeder","8":"pa_brand-type-workwear","9":"pa_filter-color-gelb","10":"pa_filter-color-orange","11":"pa_filter-color-rot","13":"first","14":"instock","15":"sale","16":"taxable","17":"shipping-taxable","18":"purchasable","19":"product-type-variable","20":"add-to-wishlist-before_image"},"exclude_global_add_ons":[],"addons":[],"acf":[],"_links":{"self":[{"href":"https:\/\/shop.kustom.ch\/fr\/wp-json\/wp\/v2\/product\/664986"}],"collection":[{"href":"https:\/\/shop.kustom.ch\/fr\/wp-json\/wp\/v2\/product"}],"about":[{"href":"https:\/\/shop.kustom.ch\/fr\/wp-json\/wp\/v2\/types\/product"}],"wp:featuredmedia":[{"embeddable":true,"href":"https:\/\/shop.kustom.ch\/fr\/wp-json\/wp\/v2\/media\/665037"}],"wp:attachment":[{"href":"https:\/\/shop.kustom.ch\/fr\/wp-json\/wp\/v2\/media?parent=664986"}],"wp:term":[{"taxonomy":"product_brand","embeddable":true,"href":"https:\/\/shop.kustom.ch\/fr\/wp-json\/wp\/v2\/product_brand?post=664986"},{"taxonomy":"product_cat","embeddable":true,"href":"https:\/\/shop.kustom.ch\/fr\/wp-json\/wp\/v2\/product_cat?post=664986"},{"taxonomy":"product_tag","embeddable":true,"href":"https:\/\/shop.kustom.ch\/fr\/wp-json\/wp\/v2\/product_tag?post=664986"}],"curies":[{"name":"wp","href":"https:\/\/api.w.org\/{rel}","templated":true}]}}